{"id":1050,"date":"2021-09-16T07:03:05","date_gmt":"2021-09-16T07:03:05","guid":{"rendered":"https:\/\/turisme.martorell.cat\/?page_id=1050"},"modified":"2025-11-06T09:10:07","modified_gmt":"2025-11-06T09:10:07","slug":"karneval-von-martorell","status":"publish","type":"page","link":"https:\/\/turisme.martorell.cat\/de\/carnestoltes-de-martorell\/","title":{"rendered":"Carnestoltes de Martorell"},"content":{"rendered":"<div class=\"vc_row wpb_row vc_row-fluid\"><div class=\"wpb_column vc_column_container vc_col-sm-12\"><div class=\"vc_column-inner\"><div class=\"wpb_wrapper\">\n\t<div class=\"wpb_text_column wpb_content_element \" >\n\t\t<div class=\"wpb_wrapper\">\n\t\t\t<h2><span style=\"font-size: 24pt;\">CARNESTOLTES DE MARTORELL<\/span><\/h2>\n\n\t\t<\/div>\n\t<\/div>\n\n\t<div  class=\"wpb_single_image wpb_content_element vc_align_left\">\n\t\t\n\t\t<figure class=\"wpb_wrapper vc_figure\">\n\t\t\t<div class=\"vc_single_image-wrapper   vc_box_border_grey\"><img loading=\"lazy\" decoding=\"async\" width=\"1172\" height=\"249\" src=\"https:\/\/turisme.martorell.cat\/wp-content\/uploads\/2021\/09\/capc_carnestoltes.jpg\" class=\"vc_single_image-img attachment-full\" alt=\"El carnestoltes de Martorell\" srcset=\"https:\/\/turisme.martorell.cat\/wp-content\/uploads\/2021\/09\/capc_carnestoltes.jpg 1172w, https:\/\/turisme.martorell.cat\/wp-content\/uploads\/2021\/09\/capc_carnestoltes-300x64.jpg 300w, https:\/\/turisme.martorell.cat\/wp-content\/uploads\/2021\/09\/capc_carnestoltes-1024x218.jpg 1024w, https:\/\/turisme.martorell.cat\/wp-content\/uploads\/2021\/09\/capc_carnestoltes-768x163.jpg 768w\" sizes=\"auto, (max-width: 1172px) 100vw, 1172px\" \/><\/div>\n\t\t<\/figure>\n\t<\/div>\n\n\t<div class=\"wpb_text_column wpb_content_element \" >\n\t\t<div class=\"wpb_wrapper\">\n\t\t\t<div style=\"text-align: justify;\" align=\"justify\">\n<p>El carnestoltes \u00e9s la festa de la disbauxa per excel\u00b7l\u00e8ncia. Fins a finals del segle passat, el Carnaval del <a href=\"https:\/\/turisme.martorell.cat\/ruta-del-riu-anoia-i-serra-de-lataix\/\">riu Anoia<\/a> omplia els carrers de disfresses i la festa acabava al Progr\u00e9s.<\/p>\n<p>En les darreres d\u00e8cades, <strong>el Carnestoltes de Martorell<\/strong> ha agafat molta embranzida i acceptaci\u00f3 popular, amb la participaci\u00f3 de moltes carrosses, amb un caire m\u00e9s l\u00fadic i familiar.<\/p>\n<p>Cada any es tria un tema sobre el qual cada colla tria la disfressa m\u00e9s adient.<\/p>\n<\/div>\n\n\t\t<\/div>\n\t<\/div>\n<\/div><\/div><\/div><\/div><div class=\"vc_row wpb_row vc_row-fluid\"><div class=\"wpb_column vc_column_container vc_col-sm-12\"><div class=\"vc_column-inner\"><div class=\"wpb_wrapper\"><div class=\"wpb_gallery wpb_content_element vc_clearfix\" ><div class=\"wpb_wrapper\"><div class=\"wpb_gallery_slides wpb_image_grid\" data-interval=\"3\"><ul class=\"wpb_image_grid_ul\"><li class=\"isotope-item\"><a class=\"prettyphoto\" href=\"https:\/\/turisme.martorell.cat\/wp-content\/uploads\/2021\/09\/carn_1-e1418813881432.jpg\" data-rel=\"prettyPhoto[rel-1050-2443907434]\"><div class=\"hoverVBImageGallery\"><div class=\"ccimgal\"><\/div><\/div><img loading=\"lazy\" decoding=\"async\" width=\"300\" height=\"201\" src=\"https:\/\/turisme.martorell.cat\/wp-content\/uploads\/2021\/09\/carn_1-e1418813881432-300x201.jpg\" class=\"attachment-medium\" alt=\"\" srcset=\"https:\/\/turisme.martorell.cat\/wp-content\/uploads\/2021\/09\/carn_1-e1418813881432-300x201.jpg 300w, https:\/\/turisme.martorell.cat\/wp-content\/uploads\/2021\/09\/carn_1-e1418813881432-768x515.jpg 768w, https:\/\/turisme.martorell.cat\/wp-content\/uploads\/2021\/09\/carn_1-e1418813881432.jpg 800w\" sizes=\"auto, (max-width: 300px) 100vw, 300px\" \/><\/a><\/li><li class=\"isotope-item\"><a class=\"prettyphoto\" href=\"https:\/\/turisme.martorell.cat\/wp-content\/uploads\/2021\/09\/Carnaval-2015-Titelles-Orientals-Premi-a-la-Millor-disfressa-e1428511284539.jpg\" data-rel=\"prettyPhoto[rel-1050-2443907434]\"><div class=\"hoverVBImageGallery\"><div class=\"ccimgal\"><\/div><\/div><img loading=\"lazy\" decoding=\"async\" width=\"300\" height=\"169\" src=\"https:\/\/turisme.martorell.cat\/wp-content\/uploads\/2021\/09\/Carnaval-2015-Titelles-Orientals-Premi-a-la-Millor-disfressa-e1428511284539-300x169.jpg\" class=\"attachment-medium\" alt=\"\" srcset=\"https:\/\/turisme.martorell.cat\/wp-content\/uploads\/2021\/09\/Carnaval-2015-Titelles-Orientals-Premi-a-la-Millor-disfressa-e1428511284539-300x169.jpg 300w, https:\/\/turisme.martorell.cat\/wp-content\/uploads\/2021\/09\/Carnaval-2015-Titelles-Orientals-Premi-a-la-Millor-disfressa-e1428511284539-768x432.jpg 768w, https:\/\/turisme.martorell.cat\/wp-content\/uploads\/2021\/09\/Carnaval-2015-Titelles-Orientals-Premi-a-la-Millor-disfressa-e1428511284539.jpg 800w\" sizes=\"auto, (max-width: 300px) 100vw, 300px\" \/><\/a><\/li><li class=\"isotope-item\"><a class=\"prettyphoto\" href=\"https:\/\/turisme.martorell.cat\/wp-content\/uploads\/2021\/09\/Carnaval-2015-Google-Mar-Premi-als-que-millor-representaven-el-lema-Martorell-Menamora-e1428511295313.jpg\" data-rel=\"prettyPhoto[rel-1050-2443907434]\"><div class=\"hoverVBImageGallery\"><div class=\"ccimgal\"><\/div><\/div><img loading=\"lazy\" decoding=\"async\" width=\"300\" height=\"169\" src=\"https:\/\/turisme.martorell.cat\/wp-content\/uploads\/2021\/09\/Carnaval-2015-Google-Mar-Premi-als-que-millor-representaven-el-lema-Martorell-Menamora-e1428511295313-300x169.jpg\" class=\"attachment-medium\" alt=\"\" srcset=\"https:\/\/turisme.martorell.cat\/wp-content\/uploads\/2021\/09\/Carnaval-2015-Google-Mar-Premi-als-que-millor-representaven-el-lema-Martorell-Menamora-e1428511295313-300x169.jpg 300w, https:\/\/turisme.martorell.cat\/wp-content\/uploads\/2021\/09\/Carnaval-2015-Google-Mar-Premi-als-que-millor-representaven-el-lema-Martorell-Menamora-e1428511295313-768x432.jpg 768w, https:\/\/turisme.martorell.cat\/wp-content\/uploads\/2021\/09\/Carnaval-2015-Google-Mar-Premi-als-que-millor-representaven-el-lema-Martorell-Menamora-e1428511295313.jpg 800w\" sizes=\"auto, (max-width: 300px) 100vw, 300px\" \/><\/a><\/li><li class=\"isotope-item\"><a class=\"prettyphoto\" href=\"https:\/\/turisme.martorell.cat\/wp-content\/uploads\/2021\/09\/Carnaval-2015-e1428511267614.jpg\" data-rel=\"prettyPhoto[rel-1050-2443907434]\"><div class=\"hoverVBImageGallery\"><div class=\"ccimgal\"><\/div><\/div><img loading=\"lazy\" decoding=\"async\" width=\"300\" height=\"169\" src=\"https:\/\/turisme.martorell.cat\/wp-content\/uploads\/2021\/09\/Carnaval-2015-e1428511267614-300x169.jpg\" class=\"attachment-medium\" alt=\"\" srcset=\"https:\/\/turisme.martorell.cat\/wp-content\/uploads\/2021\/09\/Carnaval-2015-e1428511267614-300x169.jpg 300w, https:\/\/turisme.martorell.cat\/wp-content\/uploads\/2021\/09\/Carnaval-2015-e1428511267614-768x432.jpg 768w, https:\/\/turisme.martorell.cat\/wp-content\/uploads\/2021\/09\/Carnaval-2015-e1428511267614.jpg 800w\" sizes=\"auto, (max-width: 300px) 100vw, 300px\" \/><\/a><\/li><li class=\"isotope-item\"><a class=\"prettyphoto\" href=\"https:\/\/turisme.martorell.cat\/wp-content\/uploads\/2021\/09\/carn_51-e1418813859254.jpg\" data-rel=\"prettyPhoto[rel-1050-2443907434]\"><div class=\"hoverVBImageGallery\"><div class=\"ccimgal\"><\/div><\/div><img loading=\"lazy\" decoding=\"async\" width=\"300\" height=\"201\" src=\"https:\/\/turisme.martorell.cat\/wp-content\/uploads\/2021\/09\/carn_51-e1418813859254-300x201.jpg\" class=\"attachment-medium\" alt=\"\" srcset=\"https:\/\/turisme.martorell.cat\/wp-content\/uploads\/2021\/09\/carn_51-e1418813859254-300x201.jpg 300w, https:\/\/turisme.martorell.cat\/wp-content\/uploads\/2021\/09\/carn_51-e1418813859254-768x514.jpg 768w, https:\/\/turisme.martorell.cat\/wp-content\/uploads\/2021\/09\/carn_51-e1418813859254.jpg 800w\" sizes=\"auto, (max-width: 300px) 100vw, 300px\" \/><\/a><\/li><li class=\"isotope-item\"><a class=\"prettyphoto\" href=\"https:\/\/turisme.martorell.cat\/wp-content\/uploads\/2021\/09\/carn_41-e1418813837859.jpg\" data-rel=\"prettyPhoto[rel-1050-2443907434]\"><div class=\"hoverVBImageGallery\"><div class=\"ccimgal\"><\/div><\/div><img loading=\"lazy\" decoding=\"async\" width=\"300\" height=\"201\" src=\"https:\/\/turisme.martorell.cat\/wp-content\/uploads\/2021\/09\/carn_41-e1418813837859-300x201.jpg\" class=\"attachment-medium\" alt=\"\" srcset=\"https:\/\/turisme.martorell.cat\/wp-content\/uploads\/2021\/09\/carn_41-e1418813837859-300x201.jpg 300w, https:\/\/turisme.martorell.cat\/wp-content\/uploads\/2021\/09\/carn_41-e1418813837859-768x515.jpg 768w, https:\/\/turisme.martorell.cat\/wp-content\/uploads\/2021\/09\/carn_41-e1418813837859.jpg 800w\" sizes=\"auto, (max-width: 300px) 100vw, 300px\" \/><\/a><\/li><li class=\"isotope-item\"><a class=\"prettyphoto\" href=\"https:\/\/turisme.martorell.cat\/wp-content\/uploads\/2021\/09\/carn_31-e1418813872168.jpg\" data-rel=\"prettyPhoto[rel-1050-2443907434]\"><div class=\"hoverVBImageGallery\"><div class=\"ccimgal\"><\/div><\/div><img loading=\"lazy\" decoding=\"async\" width=\"300\" height=\"201\" src=\"https:\/\/turisme.martorell.cat\/wp-content\/uploads\/2021\/09\/carn_31-e1418813872168-300x201.jpg\" class=\"attachment-medium\" alt=\"\" srcset=\"https:\/\/turisme.martorell.cat\/wp-content\/uploads\/2021\/09\/carn_31-e1418813872168-300x201.jpg 300w, https:\/\/turisme.martorell.cat\/wp-content\/uploads\/2021\/09\/carn_31-e1418813872168-768x515.jpg 768w, https:\/\/turisme.martorell.cat\/wp-content\/uploads\/2021\/09\/carn_31-e1418813872168.jpg 800w\" sizes=\"auto, (max-width: 300px) 100vw, 300px\" \/><\/a><\/li><li class=\"isotope-item\"><a class=\"prettyphoto\" href=\"https:\/\/turisme.martorell.cat\/wp-content\/uploads\/2021\/09\/carn_21-e1418813851777.jpg\" data-rel=\"prettyPhoto[rel-1050-2443907434]\"><div class=\"hoverVBImageGallery\"><div class=\"ccimgal\"><\/div><\/div><img loading=\"lazy\" decoding=\"async\" width=\"300\" height=\"201\" src=\"https:\/\/turisme.martorell.cat\/wp-content\/uploads\/2021\/09\/carn_21-e1418813851777-300x201.jpg\" class=\"attachment-medium\" alt=\"\" srcset=\"https:\/\/turisme.martorell.cat\/wp-content\/uploads\/2021\/09\/carn_21-e1418813851777-300x201.jpg 300w, https:\/\/turisme.martorell.cat\/wp-content\/uploads\/2021\/09\/carn_21-e1418813851777-768x514.jpg 768w, https:\/\/turisme.martorell.cat\/wp-content\/uploads\/2021\/09\/carn_21-e1418813851777.jpg 800w\" sizes=\"auto, (max-width: 300px) 100vw, 300px\" \/><\/a><\/li><\/ul><\/div><\/div><\/div><\/div><\/div><\/div><\/div><div class=\"vc_row wpb_row vc_row-fluid\"><div class=\"wpb_column vc_column_container vc_col-sm-12\"><div class=\"vc_column-inner\"><div class=\"wpb_wrapper\">\n\t<div class=\"wpb_text_column wpb_content_element  vc_custom_1633338172864\" >\n\t\t<div class=\"wpb_wrapper\">\n\t\t\t<div class=\"linksPostVB metasVBPosts\">\n<ul>\n<li><a href=\"https:\/\/www.youtube.com\/watch?v=6Fb2aNlTj14\" target=\"_blank\" rel=\"nofollow noopener\"><i class=\"fa fa-play\"><\/i><strong>Rua Carnaval 2020<\/strong><\/a><\/li>\n<\/ul>\n<\/div>\n\n\t\t<\/div>\n\t<\/div>\n\n\t<div class=\"wpb_text_column wpb_content_element  vc_custom_1633338248279\" >\n\t\t<div class=\"wpb_wrapper\">\n\t\t\t<div class=\"linksPostVB metasVBPosts\">\n<ul>\n<li><a href=\"https:\/\/www.youtube.com\/watch?v=V4GPgwSUU2k\" target=\"_blank\" rel=\"nofollow noopener\"><i class=\"fa fa-play\"><\/i><strong>Gran Ballada del Carnaval 2020<\/strong><\/a><\/li>\n<\/ul>\n<\/div>\n\n\t\t<\/div>\n\t<\/div>\n\n\t<div class=\"wpb_text_column wpb_content_element  vc_custom_1633338223468\" >\n\t\t<div class=\"wpb_wrapper\">\n\t\t\t<div class=\"linksPostVB metasVBPosts\">\n<ul>\n<li><a href=\"https:\/\/www.youtube.com\/watch?v=RL-ertvcGTU\" target=\"_blank\" rel=\"nofollow noopener\"><i class=\"fa fa-play\"><\/i><strong>Carnaval Infantil 2020<\/strong><\/a><\/li>\n<\/ul>\n<\/div>\n\n\t\t<\/div>\n\t<\/div>\n<\/div><\/div><\/div><\/div>\n","protected":false},"excerpt":{"rendered":"CARNESTOLTES DE MARTORELL El carnestoltes \u00e9s la festa de la disbauxa per excel\u00b7l\u00e8ncia. Fins a finals del segle passat, el Carnaval del riu Anoia omplia els carrers de disfresses i la festa acabava al Progr\u00e9s. En les darreres d\u00e8cades, el Carnestoltes de Martorell ha agafat molta embranzida i acceptaci\u00f3 popular, amb la participaci\u00f3 de moltes [...]","protected":false},"author":1,"featured_media":1222,"parent":0,"menu_order":0,"comment_status":"closed","ping_status":"closed","template":"fullwidth-page.php","meta":{"_acf_changed":false,"footnotes":""},"class_list":["post-1050","page","type-page","status-publish","has-post-thumbnail","hentry"],"acf":[],"_links":{"self":[{"href":"https:\/\/turisme.martorell.cat\/de\/wp-json\/wp\/v2\/pages\/1050","targetHints":{"allow":["GET"]}}],"collection":[{"href":"https:\/\/turisme.martorell.cat\/de\/wp-json\/wp\/v2\/pages"}],"about":[{"href":"https:\/\/turisme.martorell.cat\/de\/wp-json\/wp\/v2\/types\/page"}],"author":[{"embeddable":true,"href":"https:\/\/turisme.martorell.cat\/de\/wp-json\/wp\/v2\/users\/1"}],"replies":[{"embeddable":true,"href":"https:\/\/turisme.martorell.cat\/de\/wp-json\/wp\/v2\/comments?post=1050"}],"version-history":[{"count":11,"href":"https:\/\/turisme.martorell.cat\/de\/wp-json\/wp\/v2\/pages\/1050\/revisions"}],"predecessor-version":[{"id":1566,"href":"https:\/\/turisme.martorell.cat\/de\/wp-json\/wp\/v2\/pages\/1050\/revisions\/1566"}],"wp:featuredmedia":[{"embeddable":true,"href":"https:\/\/turisme.martorell.cat\/de\/wp-json\/wp\/v2\/media\/1222"}],"wp:attachment":[{"href":"https:\/\/turisme.martorell.cat\/de\/wp-json\/wp\/v2\/media?parent=1050"}],"curies":[{"name":"wp","href":"https:\/\/api.w.org\/{rel}","templated":true}]}}