{"id":1068,"date":"2021-09-16T07:10:05","date_gmt":"2021-09-16T07:10:05","guid":{"rendered":"https:\/\/turisme.martorell.cat\/?page_id=1068"},"modified":"2025-11-05T13:33:53","modified_gmt":"2025-11-05T13:33:53","slug":"sgraffito-route","status":"publish","type":"page","link":"https:\/\/turisme.martorell.cat\/de\/itinerari-dels-esgrafiats\/","title":{"rendered":"Sgraffito-Route"},"content":{"rendered":"<div class=\"vc_row wpb_row vc_row-fluid\"><div class=\"wpb_column vc_column_container vc_col-sm-12\"><div class=\"vc_column-inner\"><div class=\"wpb_wrapper\">\n\t<div class=\"wpb_text_column wpb_content_element \" >\n\t\t<div class=\"wpb_wrapper\">\n\t\t\t<h2><span style=\"font-size: 24pt;\">ITINERARI DELS ESGRAFIATS<\/span><\/h2>\n\n\t\t<\/div>\n\t<\/div>\n\n\t<div  class=\"wpb_single_image wpb_content_element vc_align_left\">\n\t\t\n\t\t<figure class=\"wpb_wrapper vc_figure\">\n\t\t\t<div class=\"vc_single_image-wrapper   vc_box_border_grey\"><img loading=\"lazy\" decoding=\"async\" width=\"1172\" height=\"249\" src=\"https:\/\/turisme.martorell.cat\/wp-content\/uploads\/2021\/09\/capc_esgraf.jpg\" class=\"vc_single_image-img attachment-full\" alt=\"Itinerari dels esgrafiats\" srcset=\"https:\/\/turisme.martorell.cat\/wp-content\/uploads\/2021\/09\/capc_esgraf.jpg 1172w, https:\/\/turisme.martorell.cat\/wp-content\/uploads\/2021\/09\/capc_esgraf-300x64.jpg 300w, https:\/\/turisme.martorell.cat\/wp-content\/uploads\/2021\/09\/capc_esgraf-1024x218.jpg 1024w, https:\/\/turisme.martorell.cat\/wp-content\/uploads\/2021\/09\/capc_esgraf-768x163.jpg 768w\" sizes=\"auto, (max-width: 1172px) 100vw, 1172px\" \/><\/div>\n\t\t<\/figure>\n\t<\/div>\n\n\t<div class=\"wpb_text_column wpb_content_element \" >\n\t\t<div class=\"wpb_wrapper\">\n\t\t\t<p data-start=\"444\" data-end=\"760\">Martorell conserva un ric conjunt d\u2019edificis decorats amb la t\u00e8cnica de l\u2019esgrafiat, un <strong data-start=\"1195\" data-end=\"1217\">patrimoni singular<\/strong> que podem con\u00e8ixer a trav\u00e9s de l\u2019<strong data-start=\"1251\" data-end=\"1293\">itinerari dels esgrafiats <\/strong>del municipi. El m\u00e9s antic data de 1821 i es localitza a la pla\u00e7a de la Vila, 35; destaca pel seu color blanc sobre gris, a difer\u00e8ncia dels tons ocres i vermellosos de la resta.<\/p>\n<p data-start=\"762\" data-end=\"1179\">La majoria dels esgrafiats conservats daten del <strong data-start=\"810\" data-end=\"822\">segle XX<\/strong>, especialment del per\u00edode de postguerra, i aquesta t\u00e8cnica decorativa encara es mant\u00e9 viva avui dia. Per aquest motiu, \u00e9s f\u00e0cil trobar <strong data-start=\"958\" data-end=\"980\">noves edificacions<\/strong> que continuen integrant l\u2019esgrafiat a les seves fa\u00e7anes. Tot i que la <strong data-start=\"1051\" data-end=\"1073\">major concentraci\u00f3<\/strong> es troba al nucli antic, tamb\u00e9 en podem descobrir <strong data-start=\"1124\" data-end=\"1149\">pel carrer Montserrat<\/strong> i altres racons de la ciutat.<\/p>\n<p data-start=\"1181\" data-end=\"1384\">Aquesta t\u00e8cnica art\u00edstica t\u00e9 <strong data-start=\"1210\" data-end=\"1233\">dos grans referents<\/strong> a Martorell:<br data-start=\"1246\" data-end=\"1249\" \/><strong data-start=\"1249\" data-end=\"1265\">Ferran Serra<\/strong> i <strong data-start=\"1268\" data-end=\"1282\">Jaume Amat<\/strong>. \u00c9s habitual que a les fa\u00e7anes decorades per ells aparegui el seu nom i la data d\u2019execuci\u00f3 de l\u2019obra.<\/p>\n<p data-start=\"1386\" data-end=\"1703\"><strong data-start=\"1386\" data-end=\"1402\">Ferran Serra<\/strong> (Barcelona, 1905 \u2013 1988)<br data-start=\"1427\" data-end=\"1430\" \/>Va treballar a Martorell durant la Guerra Civil. Entre els seus esgrafiats m\u00e9s destacats hi trobem:<br data-start=\"1529\" data-end=\"1532\" \/>\u2022 Casa de la Vila (1937)<br data-start=\"1556\" data-end=\"1559\" \/>\u2022 Edifici de la Caixa, pla\u00e7a Portal de l\u2019Anoia (1950)<br data-start=\"1612\" data-end=\"1615\" \/>\u2022 Farm\u00e0cia Bujons (1954)<br data-start=\"1639\" data-end=\"1642\" \/>\u2022 C. Pere Puig, 78 (1942\u20131945)<br data-start=\"1672\" data-end=\"1675\" \/>\u2022 Pla\u00e7a de la Creu, 6 (1954)<\/p>\n<p data-start=\"1705\" data-end=\"2115\"><strong data-start=\"1705\" data-end=\"1719\">Jaume Amat<\/strong> (Martorell, 1924 \u2013 2003)<br data-start=\"1744\" data-end=\"1747\" \/>Artista polifac\u00e8tic, tamb\u00e9 impulsor del <a href=\"https:\/\/cemartorellencs.com\/\" target=\"_blank\" rel=\"noopener\"><strong data-start=\"1787\" data-end=\"1821\">Centre d\u2019Estudis Martorellencs<\/strong><\/a>. Es va formar i va col\u00b7laborar en algunes obres amb Ferran Serra, com la Casa Mestres. Restaurar i crear esgrafiats fou una de les seves grans passions. D\u2019entre les seves obres destaquen:<br data-start=\"2009\" data-end=\"2012\" \/>\u2022 La Rectoria<br data-start=\"2025\" data-end=\"2028\" \/>\u2022 C. Pau Par\u00e9s, 5 (1994)<br data-start=\"2052\" data-end=\"2055\" \/>\u2022 C. de la Rutlla, 30 (1990)<br data-start=\"2083\" data-end=\"2086\" \/>\u2022 Capella de Sant Joan (1992)<\/p>\n<p data-start=\"2117\" data-end=\"2320\">Amb l\u2019itinerari dels esgrafiats de Martorell, els visitants poden gaudir d\u2019un recorregut cultural que mostra part de la identitat art\u00edstica del municipi i el seu patrimoni arquitect\u00f2nic m\u00e9s singular.<\/p>\n\n\t\t<\/div>\n\t<\/div>\n<\/div><\/div><\/div><\/div><div class=\"vc_row wpb_row vc_row-fluid\"><div class=\"wpb_column vc_column_container vc_col-sm-12\"><div class=\"vc_column-inner\"><div class=\"wpb_wrapper\"><div class=\"wpb_gallery wpb_content_element vc_clearfix\" ><div class=\"wpb_wrapper\"><div class=\"wpb_gallery_slides wpb_image_grid\" data-interval=\"3\"><ul class=\"wpb_image_grid_ul\"><li class=\"isotope-item\"><a class=\"prettyphoto\" href=\"https:\/\/turisme.martorell.cat\/wp-content\/uploads\/2021\/09\/c.Mercadal1-689x1024.jpg\" data-rel=\"prettyPhoto[rel-1068-1824993060]\"><div class=\"hoverVBImageGallery\"><div class=\"ccimgal\"><\/div><\/div><img loading=\"lazy\" decoding=\"async\" width=\"202\" height=\"300\" src=\"https:\/\/turisme.martorell.cat\/wp-content\/uploads\/2021\/09\/c.Mercadal1-202x300.jpg\" class=\"attachment-medium\" alt=\"\" srcset=\"https:\/\/turisme.martorell.cat\/wp-content\/uploads\/2021\/09\/c.Mercadal1-202x300.jpg 202w, https:\/\/turisme.martorell.cat\/wp-content\/uploads\/2021\/09\/c.Mercadal1-689x1024.jpg 689w, https:\/\/turisme.martorell.cat\/wp-content\/uploads\/2021\/09\/c.Mercadal1-768x1141.jpg 768w, https:\/\/turisme.martorell.cat\/wp-content\/uploads\/2021\/09\/c.Mercadal1.jpg 1024w\" sizes=\"auto, (max-width: 202px) 100vw, 202px\" \/><\/a><\/li><li class=\"isotope-item\"><a class=\"prettyphoto\" href=\"https:\/\/turisme.martorell.cat\/wp-content\/uploads\/2021\/09\/Esgrafiats-Cal-Moliner-1024x902.jpg\" data-rel=\"prettyPhoto[rel-1068-1824993060]\"><div class=\"hoverVBImageGallery\"><div class=\"ccimgal\">Itinerari dels esgrafiats<\/div><\/div><img loading=\"lazy\" decoding=\"async\" width=\"300\" height=\"264\" src=\"https:\/\/turisme.martorell.cat\/wp-content\/uploads\/2021\/09\/Esgrafiats-Cal-Moliner-300x264.jpg\" class=\"attachment-medium\" alt=\"Itinerari dels esgrafiats\" srcset=\"https:\/\/turisme.martorell.cat\/wp-content\/uploads\/2021\/09\/Esgrafiats-Cal-Moliner-300x264.jpg 300w, https:\/\/turisme.martorell.cat\/wp-content\/uploads\/2021\/09\/Esgrafiats-Cal-Moliner-1024x902.jpg 1024w, https:\/\/turisme.martorell.cat\/wp-content\/uploads\/2021\/09\/Esgrafiats-Cal-Moliner-768x676.jpg 768w, https:\/\/turisme.martorell.cat\/wp-content\/uploads\/2021\/09\/Esgrafiats-Cal-Moliner.jpg 1131w\" sizes=\"auto, (max-width: 300px) 100vw, 300px\" \/><\/a><\/li><\/ul><\/div><\/div><\/div><\/div><\/div><\/div><\/div><div class=\"vc_row wpb_row vc_row-fluid\"><div class=\"wpb_column vc_column_container vc_col-sm-12\"><div class=\"vc_column-inner\"><div class=\"wpb_wrapper\">\n\t<div class=\"wpb_text_column wpb_content_element  vc_custom_1631786988441\" >\n\t\t<div class=\"wpb_wrapper\">\n\t\t\t<div class=\"linksPostVB metasVBPosts\">\n<ul>\n<li><a href=\"https:\/\/turisme.martorell.cat\/wp-content\/uploads\/2021\/09\/Esgrafiats.pdf\" target=\"_blank\" rel=\"nofollow noopener\"><i class=\"fa fa-file-pdf-o\"><\/i><strong>Ruta publicada a &#8216;El Montserrat\u00ed&#8217;<\/strong><\/a><\/li>\n<\/ul>\n<\/div>\n\n\t\t<\/div>\n\t<\/div>\n<\/div><\/div><\/div><\/div>\n","protected":false},"excerpt":{"rendered":"ITINERARI DELS ESGRAFIATS Martorell conserva un ric conjunt d\u2019edificis decorats amb la t\u00e8cnica de l\u2019esgrafiat, un patrimoni singular que podem con\u00e8ixer a trav\u00e9s de l\u2019itinerari dels esgrafiats del municipi. El m\u00e9s antic data de 1821 i es localitza a la pla\u00e7a de la Vila, 35; destaca pel seu color blanc sobre gris, a difer\u00e8ncia dels [...]","protected":false},"author":1,"featured_media":1165,"parent":0,"menu_order":0,"comment_status":"closed","ping_status":"closed","template":"fullwidth-page.php","meta":{"_acf_changed":false,"footnotes":""},"class_list":["post-1068","page","type-page","status-publish","has-post-thumbnail","hentry"],"acf":[],"_links":{"self":[{"href":"https:\/\/turisme.martorell.cat\/de\/wp-json\/wp\/v2\/pages\/1068","targetHints":{"allow":["GET"]}}],"collection":[{"href":"https:\/\/turisme.martorell.cat\/de\/wp-json\/wp\/v2\/pages"}],"about":[{"href":"https:\/\/turisme.martorell.cat\/de\/wp-json\/wp\/v2\/types\/page"}],"author":[{"embeddable":true,"href":"https:\/\/turisme.martorell.cat\/de\/wp-json\/wp\/v2\/users\/1"}],"replies":[{"embeddable":true,"href":"https:\/\/turisme.martorell.cat\/de\/wp-json\/wp\/v2\/comments?post=1068"}],"version-history":[{"count":12,"href":"https:\/\/turisme.martorell.cat\/de\/wp-json\/wp\/v2\/pages\/1068\/revisions"}],"predecessor-version":[{"id":1554,"href":"https:\/\/turisme.martorell.cat\/de\/wp-json\/wp\/v2\/pages\/1068\/revisions\/1554"}],"wp:featuredmedia":[{"embeddable":true,"href":"https:\/\/turisme.martorell.cat\/de\/wp-json\/wp\/v2\/media\/1165"}],"wp:attachment":[{"href":"https:\/\/turisme.martorell.cat\/de\/wp-json\/wp\/v2\/media?parent=1068"}],"curies":[{"name":"wp","href":"https:\/\/api.w.org\/{rel}","templated":true}]}}