{"id":1084,"date":"2021-09-16T07:30:17","date_gmt":"2021-09-16T07:30:17","guid":{"rendered":"https:\/\/turisme.martorell.cat\/?page_id=1084"},"modified":"2025-11-06T07:29:47","modified_gmt":"2025-11-06T07:29:47","slug":"llobregat-weg","status":"publish","type":"page","link":"https:\/\/turisme.martorell.cat\/de\/cami-del-llobregat\/","title":{"rendered":"Llobregat-Weg"},"content":{"rendered":"<div class=\"vc_row wpb_row vc_row-fluid\"><div class=\"wpb_column vc_column_container vc_col-sm-12\"><div class=\"vc_column-inner\"><div class=\"wpb_wrapper\">\n\t<div class=\"wpb_text_column wpb_content_element\" >\n\t\t<div class=\"wpb_wrapper\">\n\t\t\t<h2><span style=\"font-size: 24pt;\">LLOBREGAT-WEG<\/span><\/h2>\n\n\t\t<\/div>\n\t<\/div>\n\n\t<div  class=\"wpb_single_image wpb_content_element vc_align_left\">\n\t\t\n\t\t<figure class=\"wpb_wrapper vc_figure\">\n\t\t\t<div class=\"vc_single_image-wrapper   vc_box_border_grey\"><img loading=\"lazy\" decoding=\"async\" width=\"1172\" height=\"249\" src=\"https:\/\/turisme.martorell.cat\/wp-content\/uploads\/2021\/09\/capc_llob.jpg\" class=\"vc_single_image-img attachment-full\" alt=\"Llobregat-Weg\" srcset=\"https:\/\/turisme.martorell.cat\/wp-content\/uploads\/2021\/09\/capc_llob.jpg 1172w, https:\/\/turisme.martorell.cat\/wp-content\/uploads\/2021\/09\/capc_llob-300x64.jpg 300w, https:\/\/turisme.martorell.cat\/wp-content\/uploads\/2021\/09\/capc_llob-1024x218.jpg 1024w, https:\/\/turisme.martorell.cat\/wp-content\/uploads\/2021\/09\/capc_llob-768x163.jpg 768w\" sizes=\"auto, (max-width: 1172px) 100vw, 1172px\" \/><\/div>\n\t\t<\/figure>\n\t<\/div>\n\n\t<div class=\"wpb_text_column wpb_content_element\" >\n\t\t<div class=\"wpb_wrapper\">\n\t\t\t<div style=\"text-align: justify;\" align=\"justify\">\n<p class=\"translation-block\">El riu Llobregat travessa una trentena de municipis des del seu naixement a Castellar de N\u2019Hug fins la desembocadura a El Prat de Llobregat. La ruta del <strong>cam\u00ed del Llobregat<\/strong> des de Martorell es accessible amb els FGC, parada Martorell Vila.<\/p>\n<\/div>\n<hr \/>\n<h3><strong>MARTORELL RICHTUNG EL PRAT DE LLOBREGAT<\/strong><\/h3>\n<div style=\"text-align: justify;\" align=\"justify\">\n<p>Es dauert 4 Stunden zu Fu\u00df.<\/p>\n<p>Auf der 32 km langen Strecke kann man V\u00f6gel aus dem Llobregat-Delta beobachten. Der Weg ist flach und kann mit dem Fahrrad befahren werden.<\/p>\n<p>Bei der Ankunft in El Prat verl\u00e4uft der Weg durch das Stadtzentrum. Ein Radweg f\u00fchrt bis zum Strand.<\/p>\n<\/div>\n<hr \/>\n<h3><strong>MARTORELL RICHTUNG CASTELLAR DE N\u2019HUG<\/strong><\/h3>\n<div style=\"text-align: justify;\" align=\"justify\">\n<p>Die L\u00e4nge des Weges betr\u00e4gt 132 km und kann in 29 Stunden zur\u00fcckgelegt werden.<\/p>\n<p>Die Landschaft wird nat\u00fcrlicher, je weiter man sich von Barcelona entfernt. Die verschiedenen Orte entlang der Route bieten touristische Angebote.<\/p>\n<p class=\"translation-block\">Bei der Ankunft in <a href=\"https:\/\/ca.wikipedia.org\/wiki\/Castellar_de_nHug\" target=\"_blank\" rel=\"noopener\">Castellar de N\u2019Hug<\/a> k\u00f6nnen Sie die charakteristischen Kopfsteinpflasterstra\u00dfen und die katalanische romanische Architektur genie\u00dfen.<\/p>\n<\/div>\n\n\t\t<\/div>\n\t<\/div>\n<\/div><\/div><\/div><\/div><div class=\"vc_row wpb_row vc_row-fluid\"><div class=\"wpb_column vc_column_container vc_col-sm-12\"><div class=\"vc_column-inner\"><div class=\"wpb_wrapper\">\n\t<div class=\"wpb_text_column wpb_content_element  vc_custom_1631794271959\" >\n\t\t<div class=\"wpb_wrapper\">\n\t\t\t<div class=\"linksPostVB metasVBPosts\">\n<ul>\n<li><a href=\"https:\/\/turisme.martorell.cat\/wp-content\/uploads\/2021\/09\/Mapa_Guia_del_Parc_Riu-Llobregat.pdf\" target=\"_blank\" rel=\"nofollow noopener\"><i class=\"fa fa-file-pdf-o\"><\/i><strong>Karten der Strecke<\/strong><\/a><\/li>\n<li><a href=\"https:\/\/turisme.martorell.cat\/wp-content\/uploads\/2021\/09\/Torre-Fossada.pdf\" target=\"_blank\" rel=\"nofollow noopener\"><i class=\"fa fa-file-pdf-o\"><\/i><strong>Torre Fossada<\/strong><\/a><\/li>\n<\/ul>\n<\/div>\n\n\t\t<\/div>\n\t<\/div>\n<\/div><\/div><\/div><\/div>","protected":false},"excerpt":{"rendered":"CAM\u00cd DEL LLOBREGAT El riu Llobregat travessa una trentena de municipis des del seu naixement a Castellar de N\u2019Hug fins la desembocadura a El Prat de Llobregat. La ruta del cam\u00ed del Llobregat des de Martorell es accessible amb els FGC, parada Martorell Vila. MARTORELL DIRECCI\u00d3 EL PRAT DE LLOBREGAT T\u00e9 una durada de 4 [...]","protected":false},"author":1,"featured_media":1279,"parent":0,"menu_order":0,"comment_status":"closed","ping_status":"closed","template":"fullwidth-page.php","meta":{"_acf_changed":false,"footnotes":""},"class_list":["post-1084","page","type-page","status-publish","has-post-thumbnail","hentry"],"acf":[],"_links":{"self":[{"href":"https:\/\/turisme.martorell.cat\/de\/wp-json\/wp\/v2\/pages\/1084","targetHints":{"allow":["GET"]}}],"collection":[{"href":"https:\/\/turisme.martorell.cat\/de\/wp-json\/wp\/v2\/pages"}],"about":[{"href":"https:\/\/turisme.martorell.cat\/de\/wp-json\/wp\/v2\/types\/page"}],"author":[{"embeddable":true,"href":"https:\/\/turisme.martorell.cat\/de\/wp-json\/wp\/v2\/users\/1"}],"replies":[{"embeddable":true,"href":"https:\/\/turisme.martorell.cat\/de\/wp-json\/wp\/v2\/comments?post=1084"}],"version-history":[{"count":8,"href":"https:\/\/turisme.martorell.cat\/de\/wp-json\/wp\/v2\/pages\/1084\/revisions"}],"predecessor-version":[{"id":1558,"href":"https:\/\/turisme.martorell.cat\/de\/wp-json\/wp\/v2\/pages\/1084\/revisions\/1558"}],"wp:featuredmedia":[{"embeddable":true,"href":"https:\/\/turisme.martorell.cat\/de\/wp-json\/wp\/v2\/media\/1279"}],"wp:attachment":[{"href":"https:\/\/turisme.martorell.cat\/de\/wp-json\/wp\/v2\/media?parent=1084"}],"curies":[{"name":"wp","href":"https:\/\/api.w.org\/{rel}","templated":true}]}}