{"id":1285,"date":"2021-09-20T07:39:04","date_gmt":"2021-09-20T07:39:04","guid":{"rendered":"https:\/\/turisme.martorell.cat\/?page_id=1285"},"modified":"2025-11-05T12:44:53","modified_gmt":"2025-11-05T12:44:53","slug":"archaologische-fundstatten-von-santa-margarida","status":"publish","type":"page","link":"https:\/\/turisme.martorell.cat\/de\/jaciments-arqueologics-de-santa-margarida\/","title":{"rendered":"Arch\u00e4ologische Fundst\u00e4tten"},"content":{"rendered":"<div data-vc-full-width=\"true\" data-vc-full-width-init=\"false\" class=\"vc_row wpb_row vc_row-fluid\"><div class=\"wpb_column vc_column_container vc_col-sm-12\"><div class=\"vc_column-inner\"><div class=\"wpb_wrapper\">\n\t<div class=\"wpb_text_column wpb_content_element\" >\n\t\t<div class=\"wpb_wrapper\">\n\t\t\t<h2>ARCH\u00c4OLOGISCHE FUNDST\u00c4TTEN VON SANTA MARGARIDA<\/h2>\n\n\t\t<\/div>\n\t<\/div>\n\n\t<div  class=\"wpb_single_image wpb_content_element vc_align_left\">\n\t\t\n\t\t<figure class=\"wpb_wrapper vc_figure\">\n\t\t\t<div class=\"vc_single_image-wrapper   vc_box_border_grey\"><img loading=\"lazy\" decoding=\"async\" width=\"1172\" height=\"249\" src=\"https:\/\/turisme.martorell.cat\/wp-content\/uploads\/2021\/11\/capc_sta_margarida.jpg\" class=\"vc_single_image-img attachment-full\" alt=\"Arch\u00e4ologischen Fundst\u00e4tten von Santa Margarida\" srcset=\"https:\/\/turisme.martorell.cat\/wp-content\/uploads\/2021\/11\/capc_sta_margarida.jpg 1172w, https:\/\/turisme.martorell.cat\/wp-content\/uploads\/2021\/11\/capc_sta_margarida-300x64.jpg 300w, https:\/\/turisme.martorell.cat\/wp-content\/uploads\/2021\/11\/capc_sta_margarida-1024x218.jpg 1024w, https:\/\/turisme.martorell.cat\/wp-content\/uploads\/2021\/11\/capc_sta_margarida-768x163.jpg 768w\" sizes=\"auto, (max-width: 1172px) 100vw, 1172px\" \/><\/div>\n\t\t<\/figure>\n\t<\/div>\n\n\t<div class=\"wpb_text_column wpb_content_element\" >\n\t\t<div class=\"wpb_wrapper\">\n\t\t\t<div align=\"justify\">\n<p data-start=\"137\" data-end=\"821\" class=\"translation-block\">In der Ebene der Anoia liegen die <strong>arch\u00e4ologischen Fundstellen von<\/strong> <strong>Santa Margarida<\/strong>, die um eine romanische Kirche aus dem sp\u00e4ten 12. Jahrhundert und eine Bauernhofanlage aus dem 16. Jahrhundert angeordnet sind. Das von ihnen eingenommene Gel\u00e4nde, zusammen mit dem des ehemaligen Klosters <a href=\"https:\/\/turisme.martorell.cat\/de\/rundgang-durch-la-vila\/\" target=\"_self\">Sant Gen\u00eds de Rocafort<\/a>, wurde 1967 von seinem Eigent\u00fcmer Pau Sendr\u00f3s an die Gemeinde \u00fcbergeben, mit der Absicht, den Ort der arch\u00e4ologischen Forschung zu widmen. Diese Forschung begann 1972 unter der Leitung des <a href=\"https:\/\/cemartorellencs.com\/\" target=\"_blank\" rel=\"noopener\">Martorell Studienzentrums<\/a>. Seit 1981 ist das Forschungsprojekt in das Forschungsprogramm des Departments f\u00fcr Pr\u00e4historie, Alte Geschichte und Arch\u00e4ologie der Universit\u00e4t Barcelona integriert.<\/p>\n<p data-start=\"823\" data-end=\"1516\">Die arch\u00e4ologischen Fundstellen von Santa Margarida weisen eine umfangreiche und kontinuierliche historische Abfolge auf, die noch untersucht wird und sich vom 5. Jahrhundert bis zur Gegenwart erstreckt. Die Elemente des Ensembles sind: eine romanische Kirche aus dem sp\u00e4ten 12. Jahrhundert, errichtet \u00fcber den Resten einer fr\u00fchchristlichen Kirche des 5. Jahrhunderts; eine Nekropole mit Funden vom 5. bis zum 18. Jahrhundert; eine Gruppe von Silos im Inneren und \u00c4u\u00dferen der Kirche, erbaut in der ersten H\u00e4lfte des 11. Jahrhunderts; ein Ensemble von der Kirche zugeordneten Strukturen mit funer\u00e4rer, religi\u00f6ser oder wohnlicher Funktion; und ein Bauernhof aus dem 17. Jahrhundert, errichtet \u00fcber einer Struktur des 16. Jahrhunderts und mit Zeugnissen aus dem 14. Jahrhundert.<\/p>\n<p data-start=\"1518\" data-end=\"1597\">Im Inneren des Bauernhauses kann die monografische Ausstellung der Fundst\u00e4tte besichtigt werden.<\/p>\n<\/div>\n\n\t\t<\/div>\n\t<\/div>\n<\/div><\/div><\/div><\/div><div class=\"vc_row-full-width vc_clearfix\"><\/div>","protected":false},"excerpt":{"rendered":"JACIMENTS ARQUEOL\u00d2GICS DE SANTA MARGARIDA Situat a la plana de l'Anoia, trobem els jaciments arqueol\u00f2gics de Santa Margarida, que s'articulen al voltant d'una esgl\u00e9sia rom\u00e0nica de finals del segle XII i d'una masia del segle XVI. Els terrenys que ocupa, juntament amb els de l'antic monestir de Sant Gen\u00eds de Rocafort, van ser cedits al [...]","protected":false},"author":1,"featured_media":1365,"parent":0,"menu_order":0,"comment_status":"closed","ping_status":"closed","template":"fullwidth-page.php","meta":{"_acf_changed":false,"footnotes":""},"class_list":["post-1285","page","type-page","status-publish","has-post-thumbnail","hentry"],"acf":[],"_links":{"self":[{"href":"https:\/\/turisme.martorell.cat\/de\/wp-json\/wp\/v2\/pages\/1285","targetHints":{"allow":["GET"]}}],"collection":[{"href":"https:\/\/turisme.martorell.cat\/de\/wp-json\/wp\/v2\/pages"}],"about":[{"href":"https:\/\/turisme.martorell.cat\/de\/wp-json\/wp\/v2\/types\/page"}],"author":[{"embeddable":true,"href":"https:\/\/turisme.martorell.cat\/de\/wp-json\/wp\/v2\/users\/1"}],"replies":[{"embeddable":true,"href":"https:\/\/turisme.martorell.cat\/de\/wp-json\/wp\/v2\/comments?post=1285"}],"version-history":[{"count":9,"href":"https:\/\/turisme.martorell.cat\/de\/wp-json\/wp\/v2\/pages\/1285\/revisions"}],"predecessor-version":[{"id":1547,"href":"https:\/\/turisme.martorell.cat\/de\/wp-json\/wp\/v2\/pages\/1285\/revisions\/1547"}],"wp:featuredmedia":[{"embeddable":true,"href":"https:\/\/turisme.martorell.cat\/de\/wp-json\/wp\/v2\/media\/1365"}],"wp:attachment":[{"href":"https:\/\/turisme.martorell.cat\/de\/wp-json\/wp\/v2\/media?parent=1285"}],"curies":[{"name":"wp","href":"https:\/\/api.w.org\/{rel}","templated":true}]}}