{"id":1344,"date":"2021-11-03T14:36:03","date_gmt":"2021-11-03T14:36:03","guid":{"rendered":"https:\/\/turisme.martorell.cat\/?page_id=1344"},"modified":"2025-11-05T13:08:52","modified_gmt":"2025-11-05T13:08:52","slug":"aussichtspunkt-des-turms-griminella","status":"publish","type":"page","link":"https:\/\/turisme.martorell.cat\/de\/mirador-de-la-torre-griminella\/","title":{"rendered":"Aussichtspunkt Torre Griminella"},"content":{"rendered":"<div data-vc-full-width=\"true\" data-vc-full-width-init=\"false\" class=\"vc_row wpb_row vc_row-fluid\"><div class=\"wpb_column vc_column_container vc_col-sm-12\"><div class=\"vc_column-inner\"><div class=\"wpb_wrapper\">\n\t<div class=\"wpb_text_column wpb_content_element\" >\n\t\t<div class=\"wpb_wrapper\">\n\t\t\t<h2><span style=\"font-size: 24pt;\">AUSSICHTSPUNKT DES TURMS GRIMINELLA<\/span><\/h2>\n\n\t\t<\/div>\n\t<\/div>\n\n\t<div  class=\"wpb_single_image wpb_content_element vc_align_left\">\n\t\t\n\t\t<figure class=\"wpb_wrapper vc_figure\">\n\t\t\t<div class=\"vc_single_image-wrapper   vc_box_border_grey\"><img loading=\"lazy\" decoding=\"async\" width=\"1172\" height=\"249\" src=\"https:\/\/turisme.martorell.cat\/wp-content\/uploads\/2025\/11\/Unknown2-e1762348080751.jpeg\" class=\"vc_single_image-img attachment-full\" alt=\"Torre Griminella\" srcset=\"https:\/\/turisme.martorell.cat\/wp-content\/uploads\/2025\/11\/Unknown2-e1762348080751.jpeg 1172w, https:\/\/turisme.martorell.cat\/wp-content\/uploads\/2025\/11\/Unknown2-e1762348080751-300x64.jpeg 300w, https:\/\/turisme.martorell.cat\/wp-content\/uploads\/2025\/11\/Unknown2-e1762348080751-1024x218.jpeg 1024w, https:\/\/turisme.martorell.cat\/wp-content\/uploads\/2025\/11\/Unknown2-e1762348080751-768x163.jpeg 768w, https:\/\/turisme.martorell.cat\/wp-content\/uploads\/2025\/11\/Unknown2-e1762348080751-18x4.jpeg 18w\" sizes=\"auto, (max-width: 1172px) 100vw, 1172px\" \/><\/div>\n\t\t<\/figure>\n\t<\/div>\n\n\t<div class=\"wpb_text_column wpb_content_element\" >\n\t\t<div class=\"wpb_wrapper\">\n\t\t\t<p data-start=\"149\" data-end=\"748\" class=\"translation-block\">Im Jahr 2021 wurde der <strong>Aussichtspunkt des Turms Griminella<\/strong> eingerichtet, im Rahmen einer Kooperationsvereinbarung zwischen dem <a href=\"https:\/\/www.turismebaixllobregat.com\/\" target=\"_blank\" rel=\"nofollow noopener\">Tourismusverbund Baix Llobregat<\/a> und den Gemeinden im Norden zur Umsetzung des \u201eWirtschafts- und Tourismusentwicklungsplans f\u00fcr den Norden des Baix Llobregat\u201c, im Projekt \u201eTouristische F\u00f6rderung der Blauen Wege im Baix Llobregat\u201c. Ziel dieses Projekts ist die Entwicklung eines neuen Wander- und Radangebots entlang der Blauen Wege, das zu einem wichtigen Anziehungspunkt f\u00fcr Touristen wird und das Wirtschaftswachstum der Region f\u00f6rdert.<\/p>\n<p data-start=\"750\" data-end=\"1719\" class=\"translation-block\">Der Turm, r\u00f6mischen Ursprungs, wurde wahrscheinlich zusammen mit der Torreta del Clos als Verteidigungsbau errichtet, um die Via Augusta an ihrem Verlauf durch die Schlucht von Martorell zu kontrollieren und zu sch\u00fctzen, wo <a href=\"https:\/\/turisme.martorell.cat\/de\/kulturelles-erbe-von-martorell\/\" target=\"_self\">die Teufelsbr\u00fccke<\/a> errichtet wurde, und auch zur Kontrolle der Minen. Die heutige Konstruktion stammt aus dem Mittelalter.<\/p>\n<p data-start=\"750\" data-end=\"1719\" class=\"translation-block\">Es ist ein Geb\u00e4ude mit quadratischem Grundriss zu erkennen, das nach der Technik <strong data-start=\"1154\" data-end=\"1174\">\u201eopus quadratum\u201c<\/strong> errichtet wurde, aus Kalksteinquadern gemischt mit rotem Sandstein. Die Steine sind in horizontalen Lagen angeordnet, au\u00dfer auf H\u00f6he der Schie\u00dfscharten, wo horizontale und vertikale Anordnung kombiniert wurde, um eine regelm\u00e4\u00dfige Ausrichtung der \u00d6ffnungen zu erreichen.<\/p>\n<p data-start=\"750\" data-end=\"1719\">Die Fensterb\u00e4nke sind mit vertikalen Platten abgegrenzt. Die Ost- und Westmauern sind bis zur H\u00f6he des Erdgeschosses vollst\u00e4ndig erhalten, w\u00e4hrend sich in der Mitte der Nord- und S\u00fcdseiten gro\u00dfe \u00d6ffnungen befinden, die die Position der Zugangst\u00fcr markieren.<\/p>\n<p data-start=\"1721\" data-end=\"1847\">Vom Aussichtspunkt der Griminella-Turm hat man einen privilegierten Blick auf Martorell und den n\u00f6rdlichen Teil der Region bis nach Montserrat.<\/p>\n\n\t\t<\/div>\n\t<\/div>\n<\/div><\/div><\/div><\/div><div class=\"vc_row-full-width vc_clearfix\"><\/div>","protected":false},"excerpt":{"rendered":"MIRADOR DE LA TORRE GRIMINELLA L\u2019any 2021 es va habilitar el mirador de la Torre de Griminella, arran del conveni de col\u00b7laboraci\u00f3 entre el Consorci de Turisme del Baix Llobregat i els ajuntaments de la zona nord per a la implementaci\u00f3 del pla de \u201cDesenvolupament econ\u00f2mic i tur\u00edstic de la zona nord del Baix Llobregat\u201d, [...]","protected":false},"author":2,"featured_media":1422,"parent":0,"menu_order":0,"comment_status":"closed","ping_status":"closed","template":"fullwidth-page.php","meta":{"_acf_changed":false,"footnotes":""},"class_list":["post-1344","page","type-page","status-publish","has-post-thumbnail","hentry"],"acf":[],"_links":{"self":[{"href":"https:\/\/turisme.martorell.cat\/de\/wp-json\/wp\/v2\/pages\/1344","targetHints":{"allow":["GET"]}}],"collection":[{"href":"https:\/\/turisme.martorell.cat\/de\/wp-json\/wp\/v2\/pages"}],"about":[{"href":"https:\/\/turisme.martorell.cat\/de\/wp-json\/wp\/v2\/types\/page"}],"author":[{"embeddable":true,"href":"https:\/\/turisme.martorell.cat\/de\/wp-json\/wp\/v2\/users\/2"}],"replies":[{"embeddable":true,"href":"https:\/\/turisme.martorell.cat\/de\/wp-json\/wp\/v2\/comments?post=1344"}],"version-history":[{"count":9,"href":"https:\/\/turisme.martorell.cat\/de\/wp-json\/wp\/v2\/pages\/1344\/revisions"}],"predecessor-version":[{"id":1552,"href":"https:\/\/turisme.martorell.cat\/de\/wp-json\/wp\/v2\/pages\/1344\/revisions\/1552"}],"wp:featuredmedia":[{"embeddable":true,"href":"https:\/\/turisme.martorell.cat\/de\/wp-json\/wp\/v2\/media\/1422"}],"wp:attachment":[{"href":"https:\/\/turisme.martorell.cat\/de\/wp-json\/wp\/v2\/media?parent=1344"}],"curies":[{"name":"wp","href":"https:\/\/api.w.org\/{rel}","templated":true}]}}