{"id":1349,"date":"2021-11-04T10:29:56","date_gmt":"2021-11-04T10:29:56","guid":{"rendered":"https:\/\/turisme.martorell.cat\/?page_id=1349"},"modified":"2025-11-05T11:57:49","modified_gmt":"2025-11-05T11:57:49","slug":"llobregat-knoten","status":"publish","type":"page","link":"https:\/\/turisme.martorell.cat\/de\/nus-del-llobregat\/","title":{"rendered":"Llobregat-Knoten"},"content":{"rendered":"<div data-vc-full-width=\"true\" data-vc-full-width-init=\"false\" class=\"vc_row wpb_row vc_row-fluid\"><div class=\"wpb_column vc_column_container vc_col-sm-12\"><div class=\"vc_column-inner\"><div class=\"wpb_wrapper\">\n\t<div class=\"wpb_text_column wpb_content_element\" >\n\t\t<div class=\"wpb_wrapper\">\n\t\t\t<h2><span style=\"font-size: 24pt;\">DER KNOTEN DES LLOBREGAT<\/span><\/h2>\n\n\t\t<\/div>\n\t<\/div>\n\n\t<div  class=\"wpb_single_image wpb_content_element vc_align_left\">\n\t\t\n\t\t<figure class=\"wpb_wrapper vc_figure\">\n\t\t\t<div class=\"vc_single_image-wrapper   vc_box_border_grey\"><img loading=\"lazy\" decoding=\"async\" width=\"1172\" height=\"249\" src=\"https:\/\/turisme.martorell.cat\/wp-content\/uploads\/2021\/11\/capc_nus.jpg\" class=\"vc_single_image-img attachment-full\" alt=\"Llobregat-Knoten\" srcset=\"https:\/\/turisme.martorell.cat\/wp-content\/uploads\/2021\/11\/capc_nus.jpg 1172w, https:\/\/turisme.martorell.cat\/wp-content\/uploads\/2021\/11\/capc_nus-300x64.jpg 300w, https:\/\/turisme.martorell.cat\/wp-content\/uploads\/2021\/11\/capc_nus-1024x218.jpg 1024w, https:\/\/turisme.martorell.cat\/wp-content\/uploads\/2021\/11\/capc_nus-768x163.jpg 768w\" sizes=\"auto, (max-width: 1172px) 100vw, 1172px\" \/><\/div>\n\t\t<\/figure>\n\t<\/div>\n\n\t<div class=\"wpb_text_column wpb_content_element\" >\n\t\t<div class=\"wpb_wrapper\">\n\t\t\t<div align=\"justify\">\n<p class=\"translation-block\">Martorell ist eine Gemeinde in der Comarca Baix Llobregat, am Beginn des n\u00f6rdlichen Teils der Comarca, auch bekannt als Montserrat\u00ed, an der M\u00fcndung des Anoia-Flusses in den Llobregat, direkt am <strong data-start=\"416\" data-end=\"437\">Llobregat-Knoten<\/strong>, wo sich der Fluss verengt und die kleine Schlucht passiert, die von den letzten Ausl\u00e4ufern der Ordal-Berge und dem H\u00fcgel von Les Forques gebildet wird. Dieser Ort markiert auch die Grenze zum Vall\u00e8s Occidental.<\/p>\n<p class=\"translation-block\">Das Gebiet umfasst haupts\u00e4chlich einen Teil der Flussebene des Llobregat und einen Teil des Anoia, stark urbanisierte und industrialisierte Zonen, und steigt leicht nach S\u00fcden entlang der Ausl\u00e4ufer des Gebirgssystems der <a href=\"https:\/\/ca.wikipedia.org\/wiki\/Muntanyes_dOrdal\" target=\"_blank\" rel=\"noopener\">Ordal-Berge<\/a> bis zum Kamm der Ataix-Kette, wo die \u00dcberreste der Burgen Rosanes und Rocafort zu finden sind.<\/p>\n<p data-start=\"989\" data-end=\"1796\">Die Altstadt von Martorell liegt fast im S\u00fcden der Gemeinde, erstreckt zwischen dem Fluss Anoia und dem Gebirgszug der Torretes bis zur M\u00fcndung in den Llobregat, in der N\u00e4he der bekannten Teufelsbr\u00fccke, und ist seit alters her ein nahezu obligatorischer Durchgang zwischen Barcelona und Teilen Nord-, S\u00fcd- und Westkataloniens.<\/p>\n<p data-start=\"989\" data-end=\"1796\">Als Teil des Llobregat-Knotens ist es auch heute noch ein wichtiger Durchgang der Hauptverkehrswege des Landes, was ein starkes Bev\u00f6lkerungswachstum erm\u00f6glicht hat, mit einem ganz neuen Gebiet auf der anderen Seite des Flusses Anoia, das sich besonders in der zweiten H\u00e4lfte des 20. Jahrhunderts entwickelte. Zwischen der Altstadt und dem modernen Teil hat Martorell heute \u00fcber 28.772 Einwohner (2020), wodurch sich die Bev\u00f6lkerung seit Mitte des 20. Jahrhunderts vervierfacht hat.<\/p>\n<p data-start=\"1798\" data-end=\"2274\">Ein Teil der Gemeinde hat sich im Laufe der Jahre von einer haupts\u00e4chlich landwirtschaftlich genutzten Fl\u00e4che, vor allem Weinbau und bew\u00e4sserte Felder, wo noch einige kleine Fl\u00e4chen erhalten sind, zu einem Gebiet entwickelt, das von der starken Industrie der Region genutzt wird. Im s\u00fcdlichen Teil der Gemeinde findet man H\u00e4nge mit Kiefernw\u00e4ldern und Heidefl\u00e4chen, die die ehemaligen Steineichenw\u00e4lder ersetzen, wobei in einigen Ecken der nach Norden ausgerichteten B\u00e4che noch Reste von Eichen und Laubb\u00e4umen wie Ulmen und Johannisbrotb\u00e4umen zu finden sind.<\/p>\n<p class=\"translation-block\">Die wichtigsten Festveranstaltungen in Martorell sind die <span style=\"color: #000000\"><a style=\"color: #000000\" href=\"https:\/\/turisme.martorell.cat\/de\/die-tres-tombs\/\" target=\"_self\"><strong>Tres Tombs<\/strong><\/a>, die normalerweise am ersten Sonntag nach dem Dreik\u00f6nigstag gefeiert werden; der <a style=\"color: #000000\" href=\"https:\/\/turisme.martorell.cat\/de\/ball-quadrilla\/\" target=\"_self\"><strong>Ball der Quadrilla<\/strong><\/a>, rund um den Karneval; die <strong>Caramelles<\/strong> zu Ostern; <strong>Sant Jordi<\/strong>, um den 23. April; die <a style=\"color: #000000\" href=\"https:\/\/turisme.martorell.cat\/de\/fruehlingsmesse\/\" rel=\"nofollow\" target=\"_self\"><strong>Fr\u00fchjahrsmesse<\/strong><\/a>, am letzten Aprilwochenende, gefeiert seit 1422; der <a style=\"color: #000000\" href=\"https:\/\/turisme.martorell.cat\/de\/pas-pont-a-les-arts-sonores\/\" target=\"_self\"><strong>PAS, Br\u00fccke zu den Klangk\u00fcnsten<\/strong><\/a>, im Sommer; die <strong>Hauptfest<\/strong>, Mitte August; die <a style=\"color: #000000\" href=\"https:\/\/turisme.martorell.cat\/de\/roser-fest-vimart\/\" target=\"_self\"><strong>Roser-Fest<\/strong><\/a> oder Most-Fest, am ersten Oktoberwochenende; die <strong>Santa Ll\u00facia-Messe, <\/strong>die <a style=\"color: #000000\" href=\"https:\/\/turisme.martorell.cat\/de\/die-weihnachtsmagie\/\" target=\"_self\"><strong>Weihnachtszauber<\/strong><\/a>und die <a style=\"color: #000000\" href=\"https:\/\/turisme.martorell.cat\/de\/cavalcada-de-reis\/\" target=\"_self\"><strong>Dreik\u00f6nigsparade<\/strong><\/a>,<\/span> w\u00e4hrend der Weihnachtszeit.<\/p>\n<\/div>\n\n\t\t<\/div>\n\t<\/div>\n<\/div><\/div><\/div><\/div><div class=\"vc_row-full-width vc_clearfix\"><\/div>","protected":false},"excerpt":{"rendered":"EL NUS DEL LLOBREGAT Martorell \u00e9s un municipi situat a la comarca del Baix Llobregat, al comen\u00e7ament de la zona nord de la comarca, tamb\u00e9 coneguda com el Montserrat\u00ed, a la conflu\u00e8ncia de l\u2019aiguabarreig del riu Anoia amb el Llobregat, just al Nus del Llobregat, on aquest \u00faltim s\u2019estreny superant el petit congost que formen [...]","protected":false},"author":2,"featured_media":1373,"parent":0,"menu_order":0,"comment_status":"closed","ping_status":"closed","template":"fullwidth-page.php","meta":{"_acf_changed":false,"footnotes":""},"class_list":["post-1349","page","type-page","status-publish","has-post-thumbnail","hentry"],"acf":[],"_links":{"self":[{"href":"https:\/\/turisme.martorell.cat\/de\/wp-json\/wp\/v2\/pages\/1349","targetHints":{"allow":["GET"]}}],"collection":[{"href":"https:\/\/turisme.martorell.cat\/de\/wp-json\/wp\/v2\/pages"}],"about":[{"href":"https:\/\/turisme.martorell.cat\/de\/wp-json\/wp\/v2\/types\/page"}],"author":[{"embeddable":true,"href":"https:\/\/turisme.martorell.cat\/de\/wp-json\/wp\/v2\/users\/2"}],"replies":[{"embeddable":true,"href":"https:\/\/turisme.martorell.cat\/de\/wp-json\/wp\/v2\/comments?post=1349"}],"version-history":[{"count":10,"href":"https:\/\/turisme.martorell.cat\/de\/wp-json\/wp\/v2\/pages\/1349\/revisions"}],"predecessor-version":[{"id":1544,"href":"https:\/\/turisme.martorell.cat\/de\/wp-json\/wp\/v2\/pages\/1349\/revisions\/1544"}],"wp:featuredmedia":[{"embeddable":true,"href":"https:\/\/turisme.martorell.cat\/de\/wp-json\/wp\/v2\/media\/1373"}],"wp:attachment":[{"href":"https:\/\/turisme.martorell.cat\/de\/wp-json\/wp\/v2\/media?parent=1349"}],"curies":[{"name":"wp","href":"https:\/\/api.w.org\/{rel}","templated":true}]}}