{"id":1021,"date":"2021-09-15T14:22:35","date_gmt":"2021-09-15T14:22:35","guid":{"rendered":"https:\/\/turisme.martorell.cat\/?page_id=1021"},"modified":"2025-11-06T08:57:35","modified_gmt":"2025-11-06T08:57:35","slug":"three-kings-parade-of-martorell","status":"publish","type":"page","link":"https:\/\/turisme.martorell.cat\/en\/cavalcada-de-reis-de-martorell\/","title":{"rendered":"Cavalcada de Reis de Martorell"},"content":{"rendered":"<div class=\"vc_row wpb_row vc_row-fluid\"><div class=\"wpb_column vc_column_container vc_col-sm-12\"><div class=\"vc_column-inner\"><div class=\"wpb_wrapper\">\n\t<div class=\"wpb_text_column wpb_content_element \" >\n\t\t<div class=\"wpb_wrapper\">\n\t\t\t<h2><span style=\"font-size: 24pt;\">CAVALCADA DE REIS DE MARTORELL<\/span><\/h2>\n\n\t\t<\/div>\n\t<\/div>\n\n\t<div  class=\"wpb_single_image wpb_content_element vc_align_left\">\n\t\t\n\t\t<figure class=\"wpb_wrapper vc_figure\">\n\t\t\t<div class=\"vc_single_image-wrapper   vc_box_border_grey\"><img loading=\"lazy\" decoding=\"async\" width=\"1172\" height=\"249\" src=\"https:\/\/turisme.martorell.cat\/wp-content\/uploads\/2021\/09\/capc_cavalcada.jpg\" class=\"vc_single_image-img attachment-full\" alt=\"Cavalcada de reis de Martorell\" srcset=\"https:\/\/turisme.martorell.cat\/wp-content\/uploads\/2021\/09\/capc_cavalcada.jpg 1172w, https:\/\/turisme.martorell.cat\/wp-content\/uploads\/2021\/09\/capc_cavalcada-300x64.jpg 300w, https:\/\/turisme.martorell.cat\/wp-content\/uploads\/2021\/09\/capc_cavalcada-1024x218.jpg 1024w, https:\/\/turisme.martorell.cat\/wp-content\/uploads\/2021\/09\/capc_cavalcada-768x163.jpg 768w\" sizes=\"auto, (max-width: 1172px) 100vw, 1172px\" \/><\/div>\n\t\t<\/figure>\n\t<\/div>\n\n\t<div class=\"wpb_text_column wpb_content_element \" >\n\t\t<div class=\"wpb_wrapper\">\n\t\t\t<div style=\"text-align: justify;\" align=\"justify\">\n<p>La Cavalcada de Reis de Martorell \u00e9s una de les festes m\u00e9s esperades de l\u2019any, especialment per als m\u00e9s petits de casa.<\/p>\n<p>Pels volts de les sis de la tarda, quan ja \u00e9s fosc, ses Majestats Melcior, Gaspar i Baltasar travessen el <a href=\"https:\/\/turisme.martorell.cat\/patrimoni-cultural-de-martorell\/\">Pont del Diable<\/a> i s\u00f3n rebuts per les autoritats i pel Patge Viu Viu, l\u2019encarregat de recollir les cartes de les nenes i nens de Martorell.<\/p>\n<p>Des d\u2019aquest moment, inicien una cavalcada amb preg\u00f3 al balc\u00f3 de l\u2019Ajuntament i un passeig amb les carrosses i molts acompanyants pels diferents barris de Martorell, que finalitza a la Rambla de les B\u00f2biles, on acaben de recollir les cartes amb els desitjos dels infants.<\/p>\n<p>Des de 1962, Martorell viu de forma ininterrompuda l\u2019arribada del Reis d\u2019Orient, gr\u00e0cies a l\u2019exist\u00e8ncia del Patronat de la Cavalcada de Reis, organisme que s\u2019encarrega de l\u2019organitzaci\u00f3 de l\u2019esdeveniment.<\/p>\n<p>L\u2019any 2009, Televisi\u00f3 de Catalunya va recon\u00e8ixer la rellev\u00e0ncia i tradici\u00f3 de la Cavalcada de Reis de Martorell amb la retransmissi\u00f3 en directe per tot el territori.<\/p>\n<\/div>\n\n\t\t<\/div>\n\t<\/div>\n<\/div><\/div><\/div><\/div><div class=\"vc_row wpb_row vc_row-fluid\"><div class=\"wpb_column vc_column_container vc_col-sm-12\"><div class=\"vc_column-inner\"><div class=\"wpb_wrapper\"><div class=\"wpb_gallery wpb_content_element vc_clearfix\" ><div class=\"wpb_wrapper\"><div class=\"wpb_gallery_slides wpb_image_grid\" data-interval=\"3\"><ul class=\"wpb_image_grid_ul\"><li class=\"isotope-item\"><a class=\"prettyphoto\" href=\"https:\/\/turisme.martorell.cat\/wp-content\/uploads\/2021\/09\/reis4.jpg\" data-rel=\"prettyPhoto[rel-1021-2392940913]\"><div class=\"hoverVBImageGallery\"><div class=\"ccimgal\"><\/div><\/div><img loading=\"lazy\" decoding=\"async\" width=\"300\" height=\"199\" src=\"https:\/\/turisme.martorell.cat\/wp-content\/uploads\/2021\/09\/reis4-300x199.jpg\" class=\"attachment-medium\" alt=\"\" srcset=\"https:\/\/turisme.martorell.cat\/wp-content\/uploads\/2021\/09\/reis4-300x199.jpg 300w, https:\/\/turisme.martorell.cat\/wp-content\/uploads\/2021\/09\/reis4-768x509.jpg 768w, https:\/\/turisme.martorell.cat\/wp-content\/uploads\/2021\/09\/reis4.jpg 800w\" sizes=\"auto, (max-width: 300px) 100vw, 300px\" \/><\/a><\/li><li class=\"isotope-item\"><a class=\"prettyphoto\" href=\"https:\/\/turisme.martorell.cat\/wp-content\/uploads\/2021\/09\/reis3.jpg\" data-rel=\"prettyPhoto[rel-1021-2392940913]\"><div class=\"hoverVBImageGallery\"><div class=\"ccimgal\"><\/div><\/div><img loading=\"lazy\" decoding=\"async\" width=\"300\" height=\"199\" src=\"https:\/\/turisme.martorell.cat\/wp-content\/uploads\/2021\/09\/reis3-300x199.jpg\" class=\"attachment-medium\" alt=\"\" srcset=\"https:\/\/turisme.martorell.cat\/wp-content\/uploads\/2021\/09\/reis3-300x199.jpg 300w, https:\/\/turisme.martorell.cat\/wp-content\/uploads\/2021\/09\/reis3-768x509.jpg 768w, https:\/\/turisme.martorell.cat\/wp-content\/uploads\/2021\/09\/reis3.jpg 800w\" sizes=\"auto, (max-width: 300px) 100vw, 300px\" \/><\/a><\/li><li class=\"isotope-item\"><a class=\"prettyphoto\" href=\"https:\/\/turisme.martorell.cat\/wp-content\/uploads\/2021\/09\/reis2.jpg\" data-rel=\"prettyPhoto[rel-1021-2392940913]\"><div class=\"hoverVBImageGallery\"><div class=\"ccimgal\"><\/div><\/div><img loading=\"lazy\" decoding=\"async\" width=\"300\" height=\"199\" src=\"https:\/\/turisme.martorell.cat\/wp-content\/uploads\/2021\/09\/reis2-300x199.jpg\" class=\"attachment-medium\" alt=\"\" srcset=\"https:\/\/turisme.martorell.cat\/wp-content\/uploads\/2021\/09\/reis2-300x199.jpg 300w, https:\/\/turisme.martorell.cat\/wp-content\/uploads\/2021\/09\/reis2-768x509.jpg 768w, https:\/\/turisme.martorell.cat\/wp-content\/uploads\/2021\/09\/reis2.jpg 800w\" sizes=\"auto, (max-width: 300px) 100vw, 300px\" \/><\/a><\/li><li class=\"isotope-item\"><a class=\"prettyphoto\" href=\"https:\/\/turisme.martorell.cat\/wp-content\/uploads\/2021\/09\/reis0.jpg\" data-rel=\"prettyPhoto[rel-1021-2392940913]\"><div class=\"hoverVBImageGallery\"><div class=\"ccimgal\"><\/div><\/div><img loading=\"lazy\" decoding=\"async\" width=\"300\" height=\"200\" src=\"https:\/\/turisme.martorell.cat\/wp-content\/uploads\/2021\/09\/reis0-300x200.jpg\" class=\"attachment-medium\" alt=\"\" srcset=\"https:\/\/turisme.martorell.cat\/wp-content\/uploads\/2021\/09\/reis0-300x200.jpg 300w, https:\/\/turisme.martorell.cat\/wp-content\/uploads\/2021\/09\/reis0-768x511.jpg 768w, https:\/\/turisme.martorell.cat\/wp-content\/uploads\/2021\/09\/reis0.jpg 800w\" sizes=\"auto, (max-width: 300px) 100vw, 300px\" \/><\/a><\/li><li class=\"isotope-item\"><a class=\"prettyphoto\" href=\"https:\/\/turisme.martorell.cat\/wp-content\/uploads\/2021\/09\/Cavalcada-2015-5.jpg\" data-rel=\"prettyPhoto[rel-1021-2392940913]\"><div class=\"hoverVBImageGallery\"><div class=\"ccimgal\"><\/div><\/div><img loading=\"lazy\" decoding=\"async\" width=\"199\" height=\"300\" src=\"https:\/\/turisme.martorell.cat\/wp-content\/uploads\/2021\/09\/Cavalcada-2015-5-199x300.jpg\" class=\"attachment-medium\" alt=\"\" srcset=\"https:\/\/turisme.martorell.cat\/wp-content\/uploads\/2021\/09\/Cavalcada-2015-5-199x300.jpg 199w, https:\/\/turisme.martorell.cat\/wp-content\/uploads\/2021\/09\/Cavalcada-2015-5.jpg 600w\" sizes=\"auto, (max-width: 199px) 100vw, 199px\" \/><\/a><\/li><li class=\"isotope-item\"><a class=\"prettyphoto\" href=\"https:\/\/turisme.martorell.cat\/wp-content\/uploads\/2021\/09\/Cavalcada-2015-4.jpg\" data-rel=\"prettyPhoto[rel-1021-2392940913]\"><div class=\"hoverVBImageGallery\"><div class=\"ccimgal\"><\/div><\/div><img loading=\"lazy\" decoding=\"async\" width=\"300\" height=\"199\" src=\"https:\/\/turisme.martorell.cat\/wp-content\/uploads\/2021\/09\/Cavalcada-2015-4-300x199.jpg\" class=\"attachment-medium\" alt=\"\" srcset=\"https:\/\/turisme.martorell.cat\/wp-content\/uploads\/2021\/09\/Cavalcada-2015-4-300x199.jpg 300w, https:\/\/turisme.martorell.cat\/wp-content\/uploads\/2021\/09\/Cavalcada-2015-4-768x509.jpg 768w, https:\/\/turisme.martorell.cat\/wp-content\/uploads\/2021\/09\/Cavalcada-2015-4.jpg 800w\" sizes=\"auto, (max-width: 300px) 100vw, 300px\" \/><\/a><\/li><li class=\"isotope-item\"><a class=\"prettyphoto\" href=\"https:\/\/turisme.martorell.cat\/wp-content\/uploads\/2021\/09\/Cavalcada-2015-3.jpg\" data-rel=\"prettyPhoto[rel-1021-2392940913]\"><div class=\"hoverVBImageGallery\"><div class=\"ccimgal\"><\/div><\/div><img loading=\"lazy\" decoding=\"async\" width=\"300\" height=\"199\" src=\"https:\/\/turisme.martorell.cat\/wp-content\/uploads\/2021\/09\/Cavalcada-2015-3-300x199.jpg\" class=\"attachment-medium\" alt=\"\" srcset=\"https:\/\/turisme.martorell.cat\/wp-content\/uploads\/2021\/09\/Cavalcada-2015-3-300x199.jpg 300w, https:\/\/turisme.martorell.cat\/wp-content\/uploads\/2021\/09\/Cavalcada-2015-3-768x509.jpg 768w, https:\/\/turisme.martorell.cat\/wp-content\/uploads\/2021\/09\/Cavalcada-2015-3.jpg 800w\" sizes=\"auto, (max-width: 300px) 100vw, 300px\" \/><\/a><\/li><li class=\"isotope-item\"><a class=\"prettyphoto\" href=\"https:\/\/turisme.martorell.cat\/wp-content\/uploads\/2021\/09\/Cavalcada-2015-2.jpg\" data-rel=\"prettyPhoto[rel-1021-2392940913]\"><div class=\"hoverVBImageGallery\"><div class=\"ccimgal\"><\/div><\/div><img loading=\"lazy\" decoding=\"async\" width=\"300\" height=\"199\" src=\"https:\/\/turisme.martorell.cat\/wp-content\/uploads\/2021\/09\/Cavalcada-2015-2-300x199.jpg\" class=\"attachment-medium\" alt=\"\" srcset=\"https:\/\/turisme.martorell.cat\/wp-content\/uploads\/2021\/09\/Cavalcada-2015-2-300x199.jpg 300w, https:\/\/turisme.martorell.cat\/wp-content\/uploads\/2021\/09\/Cavalcada-2015-2-768x509.jpg 768w, https:\/\/turisme.martorell.cat\/wp-content\/uploads\/2021\/09\/Cavalcada-2015-2.jpg 800w\" sizes=\"auto, (max-width: 300px) 100vw, 300px\" \/><\/a><\/li><li class=\"isotope-item\"><a class=\"prettyphoto\" href=\"https:\/\/turisme.martorell.cat\/wp-content\/uploads\/2021\/09\/Cavalcada-2015.jpg\" data-rel=\"prettyPhoto[rel-1021-2392940913]\"><div class=\"hoverVBImageGallery\"><div class=\"ccimgal\"><\/div><\/div><img loading=\"lazy\" decoding=\"async\" width=\"300\" height=\"199\" src=\"https:\/\/turisme.martorell.cat\/wp-content\/uploads\/2021\/09\/Cavalcada-2015-300x199.jpg\" class=\"attachment-medium\" alt=\"\" srcset=\"https:\/\/turisme.martorell.cat\/wp-content\/uploads\/2021\/09\/Cavalcada-2015-300x199.jpg 300w, https:\/\/turisme.martorell.cat\/wp-content\/uploads\/2021\/09\/Cavalcada-2015-768x509.jpg 768w, https:\/\/turisme.martorell.cat\/wp-content\/uploads\/2021\/09\/Cavalcada-2015.jpg 800w\" sizes=\"auto, (max-width: 300px) 100vw, 300px\" \/><\/a><\/li><\/ul><\/div><\/div><\/div><\/div><\/div><\/div><\/div><div class=\"vc_row wpb_row vc_row-fluid\"><div class=\"wpb_column vc_column_container vc_col-sm-12\"><div class=\"vc_column-inner\"><div class=\"wpb_wrapper\">\n\t<div class=\"wpb_text_column wpb_content_element  vc_custom_1633338345424\" >\n\t\t<div class=\"wpb_wrapper\">\n\t\t\t<div class=\"linksPostVB metasVBPosts\">\n<ul>\n<li><a href=\"https:\/\/www.youtube.com\/watch?v=ZheFPG1Ndbo\" target=\"_blank\" rel=\"nofollow noopener\"><i class=\"fa fa-play\"><\/i><strong>La nit m\u00e9s M\u00e0gica 2021<\/strong><\/a><\/li>\n<\/ul>\n<\/div>\n\n\t\t<\/div>\n\t<\/div>\n<\/div><\/div><\/div><\/div>\n","protected":false},"excerpt":{"rendered":"CAVALCADA DE REIS DE MARTORELL La Cavalcada de Reis de Martorell \u00e9s una de les festes m\u00e9s esperades de l\u2019any, especialment per als m\u00e9s petits de casa. Pels volts de les sis de la tarda, quan ja \u00e9s fosc, ses Majestats Melcior, Gaspar i Baltasar travessen el Pont del Diable i s\u00f3n rebuts per les [...]","protected":false},"author":1,"featured_media":1022,"parent":0,"menu_order":0,"comment_status":"closed","ping_status":"closed","template":"fullwidth-page.php","meta":{"_acf_changed":false,"footnotes":""},"class_list":["post-1021","page","type-page","status-publish","has-post-thumbnail","hentry"],"acf":[],"_links":{"self":[{"href":"https:\/\/turisme.martorell.cat\/en\/wp-json\/wp\/v2\/pages\/1021","targetHints":{"allow":["GET"]}}],"collection":[{"href":"https:\/\/turisme.martorell.cat\/en\/wp-json\/wp\/v2\/pages"}],"about":[{"href":"https:\/\/turisme.martorell.cat\/en\/wp-json\/wp\/v2\/types\/page"}],"author":[{"embeddable":true,"href":"https:\/\/turisme.martorell.cat\/en\/wp-json\/wp\/v2\/users\/1"}],"replies":[{"embeddable":true,"href":"https:\/\/turisme.martorell.cat\/en\/wp-json\/wp\/v2\/comments?post=1021"}],"version-history":[{"count":23,"href":"https:\/\/turisme.martorell.cat\/en\/wp-json\/wp\/v2\/pages\/1021\/revisions"}],"predecessor-version":[{"id":1564,"href":"https:\/\/turisme.martorell.cat\/en\/wp-json\/wp\/v2\/pages\/1021\/revisions\/1564"}],"wp:featuredmedia":[{"embeddable":true,"href":"https:\/\/turisme.martorell.cat\/en\/wp-json\/wp\/v2\/media\/1022"}],"wp:attachment":[{"href":"https:\/\/turisme.martorell.cat\/en\/wp-json\/wp\/v2\/media?parent=1021"}],"curies":[{"name":"wp","href":"https:\/\/api.w.org\/{rel}","templated":true}]}}