{"id":1047,"date":"2021-09-16T06:54:31","date_gmt":"2021-09-16T06:54:31","guid":{"rendered":"https:\/\/turisme.martorell.cat\/?page_id=1047"},"modified":"2025-11-06T09:02:32","modified_gmt":"2025-11-06T09:02:32","slug":"the-tres-tombs","status":"publish","type":"page","link":"https:\/\/turisme.martorell.cat\/en\/els-tres-tombs\/","title":{"rendered":"The Tres Tombs"},"content":{"rendered":"<div class=\"vc_row wpb_row vc_row-fluid\"><div class=\"wpb_column vc_column_container vc_col-sm-12\"><div class=\"vc_column-inner\"><div class=\"wpb_wrapper\">\n\t<div class=\"wpb_text_column wpb_content_element \" >\n\t\t<div class=\"wpb_wrapper\">\n\t\t\t<h2><span style=\"font-size: 24pt;\">ELS TRES TOMBS<\/span><\/h2>\n\n\t\t<\/div>\n\t<\/div>\n\n\t<div  class=\"wpb_single_image wpb_content_element vc_align_left\">\n\t\t\n\t\t<figure class=\"wpb_wrapper vc_figure\">\n\t\t\t<div class=\"vc_single_image-wrapper   vc_box_border_grey\"><img loading=\"lazy\" decoding=\"async\" width=\"1172\" height=\"249\" src=\"https:\/\/turisme.martorell.cat\/wp-content\/uploads\/2021\/09\/capc_3tombs.jpg\" class=\"vc_single_image-img attachment-full\" alt=\"Els Tres Tombs\" srcset=\"https:\/\/turisme.martorell.cat\/wp-content\/uploads\/2021\/09\/capc_3tombs.jpg 1172w, https:\/\/turisme.martorell.cat\/wp-content\/uploads\/2021\/09\/capc_3tombs-300x64.jpg 300w, https:\/\/turisme.martorell.cat\/wp-content\/uploads\/2021\/09\/capc_3tombs-1024x218.jpg 1024w, https:\/\/turisme.martorell.cat\/wp-content\/uploads\/2021\/09\/capc_3tombs-768x163.jpg 768w\" sizes=\"auto, (max-width: 1172px) 100vw, 1172px\" \/><\/div>\n\t\t<\/figure>\n\t<\/div>\n\n\t<div class=\"wpb_text_column wpb_content_element \" >\n\t\t<div class=\"wpb_wrapper\">\n\t\t\t<div style=\"text-align: justify;\" align=\"justify\">\n<p data-start=\"200\" data-end=\"516\">A Martorell es celebra la tradicional festa <strong data-start=\"244\" data-end=\"262\">Els Tres Tombs<\/strong>, que t\u00e9 lloc el diumenge anterior al dia de Sant Antoni Abat. Sant Antoni \u00e9s el patr\u00f3 dels animals de peu rod\u00f3 \u2014cavalls, ases i porquets\u2014 i, per extensi\u00f3, dels carreters, traginers i matalots de quadres.<\/p>\n<p data-start=\"518\" data-end=\"815\">\u00c9s la festa m\u00e9s antiga de Martorell, ja que va iniciar-se l\u2019any 1647 amb la fundaci\u00f3 de la confraria de Sant Antoni Abat, patr\u00f3 dels carreters i traginers, i de Sant Isidre, patr\u00f3 dels pagesos. Les primeres refer\u00e8ncies escrites espec\u00edfiques de <strong data-start=\"762\" data-end=\"792\">Els Tres Tombs a Martorell<\/strong> daten de l\u2019any 1854.<\/p>\n<p data-start=\"817\" data-end=\"1247\">Martorell conserva tots els trets etnogr\u00e0fics caracter\u00edstics de la festa, comuns arreu dels Pa\u00efsos Catalans: les <strong data-start=\"930\" data-end=\"947\">atxes de vent<\/strong> a la pla\u00e7a de la Vila, el <strong data-start=\"974\" data-end=\"981\">foc<\/strong> que acompanya els banderers a l\u2019inici de la festa (simbolitzant les temptacions del dimoni), la tradici\u00f3 gastron\u00f2mica del porc amb esmorzar de botifarres i cansalada, les <strong data-start=\"1153\" data-end=\"1174\">banderes gremials<\/strong> que obren la passada dels Tres Tombs i la <strong data-start=\"1217\" data-end=\"1244\">benedicci\u00f3 dels animals<\/strong>.<\/p>\n<p data-start=\"1249\" data-end=\"1832\">Els <strong data-start=\"1253\" data-end=\"1282\">Amics de Sant Antoni Abat<\/strong>, entitat organitzadora dels actes, compten amb un patrimoni de carros i carruatges de gran valor hist\u00f2ric que reflecteixen la vitalitat agr\u00edcola i ramadera de l\u2019economia martorellenca. Aquesta entitat t\u00e9 els seus or\u00edgens en una comissi\u00f3 creada l\u2019any 1968, que ha sabut mantenir viva i actualitzada aquesta festa centen\u00e0ria.<\/p>\n<p data-start=\"1249\" data-end=\"1832\">El local social dels Amics de Sant Antoni Abat disposa d\u2019una \u00e0mplia col\u00b7lecci\u00f3 de carros, carruatges, tartanes, eines i estris del camp, aix\u00ed com un important fons documental i gr\u00e0fic de la hist\u00f2ria de la <a href=\"https:\/\/turisme.martorell.cat\/festa-major-de-martorell\/\">festa a Martorell<\/a>.<\/p>\n<\/div>\n\n\t\t<\/div>\n\t<\/div>\n<\/div><\/div><\/div><\/div><div class=\"vc_row wpb_row vc_row-fluid\"><div class=\"wpb_column vc_column_container vc_col-sm-12\"><div class=\"vc_column-inner\"><div class=\"wpb_wrapper\"><div class=\"wpb_gallery wpb_content_element vc_clearfix\" ><div class=\"wpb_wrapper\"><div class=\"wpb_gallery_slides wpb_image_grid\" data-interval=\"3\"><ul class=\"wpb_image_grid_ul\"><li class=\"isotope-item\"><a class=\"prettyphoto\" href=\"https:\/\/turisme.martorell.cat\/wp-content\/uploads\/2021\/09\/DSC_0222-e1420624273750.jpg\" data-rel=\"prettyPhoto[rel-1047-3270012864]\"><div class=\"hoverVBImageGallery\"><div class=\"ccimgal\"><\/div><\/div><img loading=\"lazy\" decoding=\"async\" width=\"300\" height=\"201\" src=\"https:\/\/turisme.martorell.cat\/wp-content\/uploads\/2021\/09\/DSC_0222-e1420624273750-300x201.jpg\" class=\"attachment-medium\" alt=\"\" srcset=\"https:\/\/turisme.martorell.cat\/wp-content\/uploads\/2021\/09\/DSC_0222-e1420624273750-300x201.jpg 300w, https:\/\/turisme.martorell.cat\/wp-content\/uploads\/2021\/09\/DSC_0222-e1420624273750-768x516.jpg 768w, https:\/\/turisme.martorell.cat\/wp-content\/uploads\/2021\/09\/DSC_0222-e1420624273750.jpg 800w\" sizes=\"auto, (max-width: 300px) 100vw, 300px\" \/><\/a><\/li><li class=\"isotope-item\"><a class=\"prettyphoto\" href=\"https:\/\/turisme.martorell.cat\/wp-content\/uploads\/2021\/09\/DSC_0641.jpg\" data-rel=\"prettyPhoto[rel-1047-3270012864]\"><div class=\"hoverVBImageGallery\"><div class=\"ccimgal\"><\/div><\/div><img loading=\"lazy\" decoding=\"async\" width=\"300\" height=\"199\" src=\"https:\/\/turisme.martorell.cat\/wp-content\/uploads\/2021\/09\/DSC_0641-300x199.jpg\" class=\"attachment-medium\" alt=\"\" srcset=\"https:\/\/turisme.martorell.cat\/wp-content\/uploads\/2021\/09\/DSC_0641-300x199.jpg 300w, https:\/\/turisme.martorell.cat\/wp-content\/uploads\/2021\/09\/DSC_0641-768x509.jpg 768w, https:\/\/turisme.martorell.cat\/wp-content\/uploads\/2021\/09\/DSC_0641.jpg 800w\" sizes=\"auto, (max-width: 300px) 100vw, 300px\" \/><\/a><\/li><li class=\"isotope-item\"><a class=\"prettyphoto\" href=\"https:\/\/turisme.martorell.cat\/wp-content\/uploads\/2021\/09\/DSC_0611.jpg\" data-rel=\"prettyPhoto[rel-1047-3270012864]\"><div class=\"hoverVBImageGallery\"><div class=\"ccimgal\"><\/div><\/div><img loading=\"lazy\" decoding=\"async\" width=\"300\" height=\"199\" src=\"https:\/\/turisme.martorell.cat\/wp-content\/uploads\/2021\/09\/DSC_0611-300x199.jpg\" class=\"attachment-medium\" alt=\"\" srcset=\"https:\/\/turisme.martorell.cat\/wp-content\/uploads\/2021\/09\/DSC_0611-300x199.jpg 300w, https:\/\/turisme.martorell.cat\/wp-content\/uploads\/2021\/09\/DSC_0611-768x509.jpg 768w, https:\/\/turisme.martorell.cat\/wp-content\/uploads\/2021\/09\/DSC_0611.jpg 800w\" sizes=\"auto, (max-width: 300px) 100vw, 300px\" \/><\/a><\/li><li class=\"isotope-item\"><a class=\"prettyphoto\" href=\"https:\/\/turisme.martorell.cat\/wp-content\/uploads\/2021\/09\/DSC_0599.jpg\" data-rel=\"prettyPhoto[rel-1047-3270012864]\"><div class=\"hoverVBImageGallery\"><div class=\"ccimgal\"><\/div><\/div><img loading=\"lazy\" decoding=\"async\" width=\"300\" height=\"199\" src=\"https:\/\/turisme.martorell.cat\/wp-content\/uploads\/2021\/09\/DSC_0599-300x199.jpg\" class=\"attachment-medium\" alt=\"\" srcset=\"https:\/\/turisme.martorell.cat\/wp-content\/uploads\/2021\/09\/DSC_0599-300x199.jpg 300w, https:\/\/turisme.martorell.cat\/wp-content\/uploads\/2021\/09\/DSC_0599-768x509.jpg 768w, https:\/\/turisme.martorell.cat\/wp-content\/uploads\/2021\/09\/DSC_0599.jpg 800w\" sizes=\"auto, (max-width: 300px) 100vw, 300px\" \/><\/a><\/li><li class=\"isotope-item\"><a class=\"prettyphoto\" href=\"https:\/\/turisme.martorell.cat\/wp-content\/uploads\/2021\/09\/DSC_0471.jpg\" data-rel=\"prettyPhoto[rel-1047-3270012864]\"><div class=\"hoverVBImageGallery\"><div class=\"ccimgal\"><\/div><\/div><img loading=\"lazy\" decoding=\"async\" width=\"300\" height=\"199\" src=\"https:\/\/turisme.martorell.cat\/wp-content\/uploads\/2021\/09\/DSC_0471-300x199.jpg\" class=\"attachment-medium\" alt=\"\" srcset=\"https:\/\/turisme.martorell.cat\/wp-content\/uploads\/2021\/09\/DSC_0471-300x199.jpg 300w, https:\/\/turisme.martorell.cat\/wp-content\/uploads\/2021\/09\/DSC_0471-768x509.jpg 768w, https:\/\/turisme.martorell.cat\/wp-content\/uploads\/2021\/09\/DSC_0471.jpg 800w\" sizes=\"auto, (max-width: 300px) 100vw, 300px\" \/><\/a><\/li><li class=\"isotope-item\"><a class=\"prettyphoto\" href=\"https:\/\/turisme.martorell.cat\/wp-content\/uploads\/2021\/09\/DSC_0310-e1420624263639.jpg\" data-rel=\"prettyPhoto[rel-1047-3270012864]\"><div class=\"hoverVBImageGallery\"><div class=\"ccimgal\"><\/div><\/div><img loading=\"lazy\" decoding=\"async\" width=\"300\" height=\"201\" src=\"https:\/\/turisme.martorell.cat\/wp-content\/uploads\/2021\/09\/DSC_0310-e1420624263639-300x201.jpg\" class=\"attachment-medium\" alt=\"\" srcset=\"https:\/\/turisme.martorell.cat\/wp-content\/uploads\/2021\/09\/DSC_0310-e1420624263639-300x201.jpg 300w, https:\/\/turisme.martorell.cat\/wp-content\/uploads\/2021\/09\/DSC_0310-e1420624263639-768x516.jpg 768w, https:\/\/turisme.martorell.cat\/wp-content\/uploads\/2021\/09\/DSC_0310-e1420624263639.jpg 800w\" sizes=\"auto, (max-width: 300px) 100vw, 300px\" \/><\/a><\/li><\/ul><\/div><\/div><\/div><\/div><\/div><\/div><\/div><div class=\"vc_row wpb_row vc_row-fluid\"><div class=\"wpb_column vc_column_container vc_col-sm-12\"><div class=\"vc_column-inner\"><div class=\"wpb_wrapper\">\n\t<div class=\"wpb_text_column wpb_content_element  vc_custom_1633338480959\" >\n\t\t<div class=\"wpb_wrapper\">\n\t\t\t<div class=\"linksPostVB metasVBPosts\">\n<ul>\n<li><a href=\"https:\/\/martorelldigital.cat\/festa-sant-antoni-abat-2020\/\" target=\"_blank\" rel=\"nofollow noopener\"><strong>\u00c0lbum fotogr\u00e0fic 2020<\/strong><\/a><\/li>\n<\/ul>\n<\/div>\n\n\t\t<\/div>\n\t<\/div>\n<\/div><\/div><\/div><\/div>\n","protected":false},"excerpt":{"rendered":"ELS TRES TOMBS A Martorell es celebra la tradicional festa Els Tres Tombs, que t\u00e9 lloc el diumenge anterior al dia de Sant Antoni Abat. Sant Antoni \u00e9s el patr\u00f3 dels animals de peu rod\u00f3 \u2014cavalls, ases i porquets\u2014 i, per extensi\u00f3, dels carreters, traginers i matalots de quadres. \u00c9s la festa m\u00e9s antiga de [...]","protected":false},"author":1,"featured_media":1220,"parent":0,"menu_order":0,"comment_status":"closed","ping_status":"closed","template":"fullwidth-page.php","meta":{"_acf_changed":false,"footnotes":""},"class_list":["post-1047","page","type-page","status-publish","has-post-thumbnail","hentry"],"acf":[],"_links":{"self":[{"href":"https:\/\/turisme.martorell.cat\/en\/wp-json\/wp\/v2\/pages\/1047","targetHints":{"allow":["GET"]}}],"collection":[{"href":"https:\/\/turisme.martorell.cat\/en\/wp-json\/wp\/v2\/pages"}],"about":[{"href":"https:\/\/turisme.martorell.cat\/en\/wp-json\/wp\/v2\/types\/page"}],"author":[{"embeddable":true,"href":"https:\/\/turisme.martorell.cat\/en\/wp-json\/wp\/v2\/users\/1"}],"replies":[{"embeddable":true,"href":"https:\/\/turisme.martorell.cat\/en\/wp-json\/wp\/v2\/comments?post=1047"}],"version-history":[{"count":12,"href":"https:\/\/turisme.martorell.cat\/en\/wp-json\/wp\/v2\/pages\/1047\/revisions"}],"predecessor-version":[{"id":1565,"href":"https:\/\/turisme.martorell.cat\/en\/wp-json\/wp\/v2\/pages\/1047\/revisions\/1565"}],"wp:featuredmedia":[{"embeddable":true,"href":"https:\/\/turisme.martorell.cat\/en\/wp-json\/wp\/v2\/media\/1220"}],"wp:attachment":[{"href":"https:\/\/turisme.martorell.cat\/en\/wp-json\/wp\/v2\/media?parent=1047"}],"curies":[{"name":"wp","href":"https:\/\/api.w.org\/{rel}","templated":true}]}}