{"id":1052,"date":"2021-09-16T07:03:57","date_gmt":"2021-09-16T07:03:57","guid":{"rendered":"https:\/\/turisme.martorell.cat\/?page_id=1052"},"modified":"2025-11-05T09:07:59","modified_gmt":"2025-11-05T09:07:59","slug":"spring-fair","status":"publish","type":"page","link":"https:\/\/turisme.martorell.cat\/en\/fira-de-primavera\/","title":{"rendered":"Spring Fair"},"content":{"rendered":"<div class=\"vc_row wpb_row vc_row-fluid\"><div class=\"wpb_column vc_column_container vc_col-sm-12\"><div class=\"vc_column-inner\"><div class=\"wpb_wrapper\">\n\t<div class=\"wpb_text_column wpb_content_element \" >\n\t\t<div class=\"wpb_wrapper\">\n\t\t\t<h2><span style=\"font-size: 24pt;\">FIRA DE PRIMAVERA<\/span><\/h2>\n\n\t\t<\/div>\n\t<\/div>\n\n\t<div  class=\"wpb_single_image wpb_content_element vc_align_center\">\n\t\t\n\t\t<figure class=\"wpb_wrapper vc_figure\">\n\t\t\t<div class=\"vc_single_image-wrapper   vc_box_border_grey\"><img loading=\"lazy\" decoding=\"async\" class=\"vc_single_image-img \" src=\"https:\/\/turisme.martorell.cat\/wp-content\/uploads\/2025\/11\/14-Cercavila-e1762331816914.jpg\" width=\"800\" height=\"251\" alt=\"Fira de Primavera\" title=\"Fira de Primavera\" \/><\/div>\n\t\t<\/figure>\n\t<\/div>\n\n\t<div class=\"wpb_text_column wpb_content_element \" >\n\t\t<div class=\"wpb_wrapper\">\n\t\t\t<p data-start=\"229\" data-end=\"386\">Coincidint amb el darrer cap de setmana d\u2019abril, <strong data-start=\"278\" data-end=\"302\">la Fira de Primavera<\/strong> \u00e9s una de les festes patrimonials m\u00e9s destacades del calendari festiu de Martorell.<\/p>\n<p data-start=\"388\" data-end=\"840\">L\u2019origen de la Fira de Primavera es remunta al segle XV. L\u2019any 1422, la reina Maria, esposa d\u2019Alfons el Magn\u00e0nim, va impulsar diferents iniciatives per potenciar el comer\u00e7 a Catalunya. Tenint en compte que Martorell era un nus de comunicacions molt important, va atorgar el 23 de mar\u00e7 de 1422 el privilegi de celebrar una fira per Sant Marc i els quatre dies seg\u00fcents. Per aix\u00f2, en un inici, aquest esdeveniment era conegut com a <strong data-start=\"818\" data-end=\"839\">Fira de Sant Marc<\/strong>.<\/p>\n<p data-start=\"842\" data-end=\"1105\">Al llarg dels segles, <strong data-start=\"864\" data-end=\"888\">la Fira de Primavera<\/strong> ha evolucionat: d\u2019una fira ramadera i agr\u00edcola a una celebraci\u00f3 que inclou tamb\u00e9 una mostra d\u2019artesania al <a href=\"https:\/\/turisme.martorell.cat\/itinerari-per-la-vila\/\">nucli hist\u00f2ric de La Vila<\/a>. Actualment, bona part de les activitats es concentren al <a href=\"https:\/\/patronatmartorell.cat\/index.php\/cultura-martorell\/cultura\/equipaments-culturals\/item\/132-nau-2.html\" target=\"_blank\" rel=\"noopener\">recinte de Ca n\u2019Oliveres<\/a>.<\/p>\n<p data-start=\"1107\" data-end=\"1486\">El programa ofereix propostes per a tots els p\u00fablics: mercat d\u2019artesania, fira comercial i del motor, fira del bestiar, jornades de portes obertes, exposicions, concerts, zones d\u2019oci i el tradicional concurs d\u2019arrastre. A m\u00e9s, \u00e9s un gran aparador per als amants del disseny, que poden donar a con\u00e8ixer el seu talent amb el tradicional concurs de cartells de la Fira de Primavera.<\/p>\n\n\t\t<\/div>\n\t<\/div>\n<\/div><\/div><\/div><\/div><div class=\"vc_row wpb_row vc_row-fluid\"><div class=\"wpb_column vc_column_container vc_col-sm-12\"><div class=\"vc_column-inner\"><div class=\"wpb_wrapper\"><div class=\"wpb_gallery wpb_content_element vc_clearfix\" ><div class=\"wpb_wrapper\"><div class=\"wpb_gallery_slides wpb_image_grid\" data-interval=\"3\"><ul class=\"wpb_image_grid_ul\"><li class=\"isotope-item\"><a class=\"prettyphoto\" href=\"https:\/\/turisme.martorell.cat\/wp-content\/uploads\/2021\/09\/22-II-Fira-de-Pont-a-Pont.jpg\" data-rel=\"prettyPhoto[rel-1052-2478525271]\"><div class=\"hoverVBImageGallery\"><div class=\"ccimgal\"><\/div><\/div><img loading=\"lazy\" decoding=\"async\" width=\"300\" height=\"199\" src=\"https:\/\/turisme.martorell.cat\/wp-content\/uploads\/2021\/09\/22-II-Fira-de-Pont-a-Pont-300x199.jpg\" class=\"attachment-medium\" alt=\"\" srcset=\"https:\/\/turisme.martorell.cat\/wp-content\/uploads\/2021\/09\/22-II-Fira-de-Pont-a-Pont-300x199.jpg 300w, https:\/\/turisme.martorell.cat\/wp-content\/uploads\/2021\/09\/22-II-Fira-de-Pont-a-Pont-768x509.jpg 768w, https:\/\/turisme.martorell.cat\/wp-content\/uploads\/2021\/09\/22-II-Fira-de-Pont-a-Pont.jpg 800w\" sizes=\"auto, (max-width: 300px) 100vw, 300px\" \/><\/a><\/li><li class=\"isotope-item\"><a class=\"prettyphoto\" href=\"https:\/\/turisme.martorell.cat\/wp-content\/uploads\/2021\/09\/19-Llegenda-del-Pont-del-Diable.jpg\" data-rel=\"prettyPhoto[rel-1052-2478525271]\"><div class=\"hoverVBImageGallery\"><div class=\"ccimgal\"><\/div><\/div><img loading=\"lazy\" decoding=\"async\" width=\"300\" height=\"199\" src=\"https:\/\/turisme.martorell.cat\/wp-content\/uploads\/2021\/09\/19-Llegenda-del-Pont-del-Diable-300x199.jpg\" class=\"attachment-medium\" alt=\"\" srcset=\"https:\/\/turisme.martorell.cat\/wp-content\/uploads\/2021\/09\/19-Llegenda-del-Pont-del-Diable-300x199.jpg 300w, https:\/\/turisme.martorell.cat\/wp-content\/uploads\/2021\/09\/19-Llegenda-del-Pont-del-Diable-768x509.jpg 768w, https:\/\/turisme.martorell.cat\/wp-content\/uploads\/2021\/09\/19-Llegenda-del-Pont-del-Diable.jpg 800w\" sizes=\"auto, (max-width: 300px) 100vw, 300px\" \/><\/a><\/li><li class=\"isotope-item\"><a class=\"prettyphoto\" href=\"https:\/\/turisme.martorell.cat\/wp-content\/uploads\/2021\/09\/16-Cercavila.jpg\" data-rel=\"prettyPhoto[rel-1052-2478525271]\"><div class=\"hoverVBImageGallery\"><div class=\"ccimgal\"><\/div><\/div><img loading=\"lazy\" decoding=\"async\" width=\"300\" height=\"199\" src=\"https:\/\/turisme.martorell.cat\/wp-content\/uploads\/2021\/09\/16-Cercavila-300x199.jpg\" class=\"attachment-medium\" alt=\"\" srcset=\"https:\/\/turisme.martorell.cat\/wp-content\/uploads\/2021\/09\/16-Cercavila-300x199.jpg 300w, https:\/\/turisme.martorell.cat\/wp-content\/uploads\/2021\/09\/16-Cercavila-768x509.jpg 768w, https:\/\/turisme.martorell.cat\/wp-content\/uploads\/2021\/09\/16-Cercavila.jpg 800w\" sizes=\"auto, (max-width: 300px) 100vw, 300px\" \/><\/a><\/li><li class=\"isotope-item\"><a class=\"prettyphoto\" href=\"https:\/\/turisme.martorell.cat\/wp-content\/uploads\/2021\/09\/14-Cercavila.jpg\" data-rel=\"prettyPhoto[rel-1052-2478525271]\"><div class=\"hoverVBImageGallery\"><div class=\"ccimgal\">Fira de la Primavera<\/div><\/div><img loading=\"lazy\" decoding=\"async\" width=\"300\" height=\"199\" src=\"https:\/\/turisme.martorell.cat\/wp-content\/uploads\/2021\/09\/14-Cercavila-300x199.jpg\" class=\"attachment-medium\" alt=\"Fira de la Primavera\" srcset=\"https:\/\/turisme.martorell.cat\/wp-content\/uploads\/2021\/09\/14-Cercavila-300x199.jpg 300w, https:\/\/turisme.martorell.cat\/wp-content\/uploads\/2021\/09\/14-Cercavila-768x509.jpg 768w, https:\/\/turisme.martorell.cat\/wp-content\/uploads\/2021\/09\/14-Cercavila.jpg 800w\" sizes=\"auto, (max-width: 300px) 100vw, 300px\" \/><\/a><\/li><li class=\"isotope-item\"><a class=\"prettyphoto\" href=\"https:\/\/turisme.martorell.cat\/wp-content\/uploads\/2021\/09\/6-I-Mostra-del-transport.jpg\" data-rel=\"prettyPhoto[rel-1052-2478525271]\"><div class=\"hoverVBImageGallery\"><div class=\"ccimgal\"><\/div><\/div><img loading=\"lazy\" decoding=\"async\" width=\"300\" height=\"199\" src=\"https:\/\/turisme.martorell.cat\/wp-content\/uploads\/2021\/09\/6-I-Mostra-del-transport-300x199.jpg\" class=\"attachment-medium\" alt=\"\" srcset=\"https:\/\/turisme.martorell.cat\/wp-content\/uploads\/2021\/09\/6-I-Mostra-del-transport-300x199.jpg 300w, https:\/\/turisme.martorell.cat\/wp-content\/uploads\/2021\/09\/6-I-Mostra-del-transport-768x509.jpg 768w, https:\/\/turisme.martorell.cat\/wp-content\/uploads\/2021\/09\/6-I-Mostra-del-transport.jpg 800w\" sizes=\"auto, (max-width: 300px) 100vw, 300px\" \/><\/a><\/li><li class=\"isotope-item\"><a class=\"prettyphoto\" href=\"https:\/\/turisme.martorell.cat\/wp-content\/uploads\/2021\/09\/3-XXXIX-Premi-Vila-de-Martorell.jpg\" data-rel=\"prettyPhoto[rel-1052-2478525271]\"><div class=\"hoverVBImageGallery\"><div class=\"ccimgal\"><\/div><\/div><img loading=\"lazy\" decoding=\"async\" width=\"300\" height=\"199\" src=\"https:\/\/turisme.martorell.cat\/wp-content\/uploads\/2021\/09\/3-XXXIX-Premi-Vila-de-Martorell-300x199.jpg\" class=\"attachment-medium\" alt=\"\" srcset=\"https:\/\/turisme.martorell.cat\/wp-content\/uploads\/2021\/09\/3-XXXIX-Premi-Vila-de-Martorell-300x199.jpg 300w, https:\/\/turisme.martorell.cat\/wp-content\/uploads\/2021\/09\/3-XXXIX-Premi-Vila-de-Martorell-768x509.jpg 768w, https:\/\/turisme.martorell.cat\/wp-content\/uploads\/2021\/09\/3-XXXIX-Premi-Vila-de-Martorell.jpg 800w\" sizes=\"auto, (max-width: 300px) 100vw, 300px\" \/><\/a><\/li><\/ul><\/div><\/div><\/div><\/div><\/div><\/div><\/div><div class=\"vc_row wpb_row vc_row-fluid\"><div class=\"wpb_column vc_column_container vc_col-sm-12\"><div class=\"vc_column-inner\"><div class=\"wpb_wrapper\">\n\t<div class=\"wpb_text_column wpb_content_element  vc_custom_1633338723986\" >\n\t\t<div class=\"wpb_wrapper\">\n\t\t\t<div class=\"linksPostVB metasVBPosts\">\n<ul>\n<li><a href=\"https:\/\/martorelldigital.cat\/fira-de-primavera-2021\/\" target=\"_blank\" rel=\"nofollow noopener\"><strong>\u00c0lbum fotogr\u00e0fic 2021<\/strong><\/a><\/li>\n<\/ul>\n<\/div>\n\n\t\t<\/div>\n\t<\/div>\n<\/div><\/div><\/div><\/div>\n","protected":false},"excerpt":{"rendered":"FIRA DE PRIMAVERA Coincidint amb el darrer cap de setmana d\u2019abril, la Fira de Primavera \u00e9s una de les festes patrimonials m\u00e9s destacades del calendari festiu de Martorell. L\u2019origen de la Fira de Primavera es remunta al segle XV. L\u2019any 1422, la reina Maria, esposa d\u2019Alfons el Magn\u00e0nim, va impulsar diferents iniciatives per potenciar el [...]","protected":false},"author":1,"featured_media":1523,"parent":0,"menu_order":0,"comment_status":"closed","ping_status":"closed","template":"fullwidth-page.php","meta":{"_acf_changed":false,"footnotes":""},"class_list":["post-1052","page","type-page","status-publish","has-post-thumbnail","hentry"],"acf":[],"_links":{"self":[{"href":"https:\/\/turisme.martorell.cat\/en\/wp-json\/wp\/v2\/pages\/1052","targetHints":{"allow":["GET"]}}],"collection":[{"href":"https:\/\/turisme.martorell.cat\/en\/wp-json\/wp\/v2\/pages"}],"about":[{"href":"https:\/\/turisme.martorell.cat\/en\/wp-json\/wp\/v2\/types\/page"}],"author":[{"embeddable":true,"href":"https:\/\/turisme.martorell.cat\/en\/wp-json\/wp\/v2\/users\/1"}],"replies":[{"embeddable":true,"href":"https:\/\/turisme.martorell.cat\/en\/wp-json\/wp\/v2\/comments?post=1052"}],"version-history":[{"count":15,"href":"https:\/\/turisme.martorell.cat\/en\/wp-json\/wp\/v2\/pages\/1052\/revisions"}],"predecessor-version":[{"id":1529,"href":"https:\/\/turisme.martorell.cat\/en\/wp-json\/wp\/v2\/pages\/1052\/revisions\/1529"}],"wp:featuredmedia":[{"embeddable":true,"href":"https:\/\/turisme.martorell.cat\/en\/wp-json\/wp\/v2\/media\/1523"}],"wp:attachment":[{"href":"https:\/\/turisme.martorell.cat\/en\/wp-json\/wp\/v2\/media?parent=1052"}],"curies":[{"name":"wp","href":"https:\/\/api.w.org\/{rel}","templated":true}]}}