{"id":1056,"date":"2021-09-16T07:04:18","date_gmt":"2021-09-16T07:04:18","guid":{"rendered":"https:\/\/turisme.martorell.cat\/?page_id=1056"},"modified":"2025-11-05T10:12:19","modified_gmt":"2025-11-05T10:12:19","slug":"roser-festival-vimart","status":"publish","type":"page","link":"https:\/\/turisme.martorell.cat\/en\/festa-del-roser-vimart\/","title":{"rendered":"Festa del Roser &#8211; Vimart"},"content":{"rendered":"<div class=\"vc_row wpb_row vc_row-fluid\"><div class=\"wpb_column vc_column_container vc_col-sm-12\"><div class=\"vc_column-inner\"><div class=\"wpb_wrapper\">\n\t<div class=\"wpb_text_column wpb_content_element \" >\n\t\t<div class=\"wpb_wrapper\">\n\t\t\t<h2><span style=\"font-size: 24pt;\">FESTA DEL ROSER &#8211; El Vimart, vi, moda i estilisme<\/span><\/h2>\n\n\t\t<\/div>\n\t<\/div>\n\n\t<div  class=\"wpb_single_image wpb_content_element vc_align_left\">\n\t\t\n\t\t<figure class=\"wpb_wrapper vc_figure\">\n\t\t\t<div class=\"vc_single_image-wrapper   vc_box_border_grey\"><img loading=\"lazy\" decoding=\"async\" width=\"1172\" height=\"249\" src=\"https:\/\/turisme.martorell.cat\/wp-content\/uploads\/2021\/09\/capc_roser.jpg\" class=\"vc_single_image-img attachment-full\" alt=\"Festa del Roser, Vimart, Fira del vi\" srcset=\"https:\/\/turisme.martorell.cat\/wp-content\/uploads\/2021\/09\/capc_roser.jpg 1172w, https:\/\/turisme.martorell.cat\/wp-content\/uploads\/2021\/09\/capc_roser-300x64.jpg 300w, https:\/\/turisme.martorell.cat\/wp-content\/uploads\/2021\/09\/capc_roser-1024x218.jpg 1024w, https:\/\/turisme.martorell.cat\/wp-content\/uploads\/2021\/09\/capc_roser-768x163.jpg 768w\" sizes=\"auto, (max-width: 1172px) 100vw, 1172px\" \/><\/div>\n\t\t<\/figure>\n\t<\/div>\n\n\t<div class=\"wpb_text_column wpb_content_element \" >\n\t\t<div class=\"wpb_wrapper\">\n\t\t\t<div style=\"text-align: justify;\" align=\"justify\">\n<p data-start=\"224\" data-end=\"352\">La <strong data-start=\"227\" data-end=\"246\">Festa del Roser<\/strong>, que se celebra el primer cap de setmana d\u2019octubre, est\u00e0 dedicada a l\u2019origen vitivin\u00edcola de Martorell.<\/p>\n<p data-start=\"354\" data-end=\"767\">Durant la festa del Most (recuperada l\u2019any 1988), desfilen el carro de les portadores amb ra\u00efm, els pagesos, el vi i el cava, entre d\u2019altres. A la pla\u00e7a de la Vila es fa el preg\u00f3, ballen els grups festius i es realitza la premsada i la trepitjada popular de ra\u00efm. Entre <a href=\"https:\/\/turisme.martorell.cat\/festa-major-de-martorell\/\">m\u00fasica i festa<\/a>, els assistents poden degustar el most acabat de premsar. Aquest conjunt d\u2019actes \u00e9s organitzat pels Amics de Sant Antoni Abat.<\/p>\n<p data-start=\"769\" data-end=\"1269\">Des de l\u2019any 2011, dins la <strong data-start=\"796\" data-end=\"815\">Festa del Roser<\/strong> s\u2019ha incorporat el <strong data-start=\"835\" data-end=\"845\">VIMART<\/strong>, una <strong data-start=\"851\" data-end=\"877\">fira del vi i del cava<\/strong> que t\u00e9 lloc al voltant de la Pla\u00e7a de l\u2019Esgl\u00e9sia i del carrer Esgl\u00e9sia. Aquesta fira reuneix estands de productors vitivin\u00edcoles de la zona que ofereixen vins i caves, a m\u00e9s de diversos restauradors que completen l\u2019oferta amb una selecci\u00f3 de plats elaborats, buscant el maridatge perfecte. L\u2019any 2012, la fira s\u2019amplia amb activitats de moda i estilisme sota el nom \u201cVi, moda i estilisme\u201d.<\/p>\n<p data-start=\"1271\" data-end=\"1466\">A m\u00e9s de la fira i la premsada, la <a href=\"https:\/\/martorell.cat\/festadelroser\" target=\"_blank\" rel=\"nofollow noopener\">Festa del Roser<\/a> ofereix concerts, actuacions de les colles de cultura popular, visites teatralitzades als museus i altres activitats per a tots els p\u00fablics.<\/p>\n<\/div>\n\n\t\t<\/div>\n\t<\/div>\n<\/div><\/div><\/div><\/div><div class=\"vc_row wpb_row vc_row-fluid\"><div class=\"wpb_column vc_column_container vc_col-sm-12\"><div class=\"vc_column-inner\"><div class=\"wpb_wrapper\"><div class=\"wpb_gallery wpb_content_element vc_clearfix\" ><div class=\"wpb_wrapper\"><div class=\"wpb_gallery_slides wpb_image_grid\" data-interval=\"3\"><ul class=\"wpb_image_grid_ul\"><li class=\"isotope-item\"><a class=\"prettyphoto\" href=\"https:\/\/turisme.martorell.cat\/wp-content\/uploads\/2021\/09\/roser4.jpg\" data-rel=\"prettyPhoto[rel-1056-3467550762]\"><div class=\"hoverVBImageGallery\"><div class=\"ccimgal\"><\/div><\/div><img loading=\"lazy\" decoding=\"async\" width=\"300\" height=\"200\" src=\"https:\/\/turisme.martorell.cat\/wp-content\/uploads\/2021\/09\/roser4-300x200.jpg\" class=\"attachment-medium\" alt=\"\" srcset=\"https:\/\/turisme.martorell.cat\/wp-content\/uploads\/2021\/09\/roser4-300x200.jpg 300w, https:\/\/turisme.martorell.cat\/wp-content\/uploads\/2021\/09\/roser4-768x512.jpg 768w, https:\/\/turisme.martorell.cat\/wp-content\/uploads\/2021\/09\/roser4.jpg 800w\" sizes=\"auto, (max-width: 300px) 100vw, 300px\" \/><\/a><\/li><li class=\"isotope-item\"><a class=\"prettyphoto\" href=\"https:\/\/turisme.martorell.cat\/wp-content\/uploads\/2021\/09\/roser3.png\" data-rel=\"prettyPhoto[rel-1056-3467550762]\"><div class=\"hoverVBImageGallery\"><div class=\"ccimgal\"><\/div><\/div><img loading=\"lazy\" decoding=\"async\" width=\"300\" height=\"225\" src=\"https:\/\/turisme.martorell.cat\/wp-content\/uploads\/2021\/09\/roser3-300x225.png\" class=\"attachment-medium\" alt=\"\" srcset=\"https:\/\/turisme.martorell.cat\/wp-content\/uploads\/2021\/09\/roser3-300x225.png 300w, https:\/\/turisme.martorell.cat\/wp-content\/uploads\/2021\/09\/roser3.png 625w\" sizes=\"auto, (max-width: 300px) 100vw, 300px\" \/><\/a><\/li><li class=\"isotope-item\"><a class=\"prettyphoto\" href=\"https:\/\/turisme.martorell.cat\/wp-content\/uploads\/2021\/09\/roser2.jpg\" data-rel=\"prettyPhoto[rel-1056-3467550762]\"><div class=\"hoverVBImageGallery\"><div class=\"ccimgal\"><\/div><\/div><img loading=\"lazy\" decoding=\"async\" width=\"300\" height=\"164\" src=\"https:\/\/turisme.martorell.cat\/wp-content\/uploads\/2021\/09\/roser2-300x164.jpg\" class=\"attachment-medium\" alt=\"\" srcset=\"https:\/\/turisme.martorell.cat\/wp-content\/uploads\/2021\/09\/roser2-300x164.jpg 300w, https:\/\/turisme.martorell.cat\/wp-content\/uploads\/2021\/09\/roser2.jpg 457w\" sizes=\"auto, (max-width: 300px) 100vw, 300px\" \/><\/a><\/li><li class=\"isotope-item\"><a class=\"prettyphoto\" href=\"https:\/\/turisme.martorell.cat\/wp-content\/uploads\/2021\/09\/roser1.jpg\" data-rel=\"prettyPhoto[rel-1056-3467550762]\"><div class=\"hoverVBImageGallery\"><div class=\"ccimgal\"><\/div><\/div><img loading=\"lazy\" decoding=\"async\" width=\"300\" height=\"204\" src=\"https:\/\/turisme.martorell.cat\/wp-content\/uploads\/2021\/09\/roser1-300x204.jpg\" class=\"attachment-medium\" alt=\"\" srcset=\"https:\/\/turisme.martorell.cat\/wp-content\/uploads\/2021\/09\/roser1-300x204.jpg 300w, https:\/\/turisme.martorell.cat\/wp-content\/uploads\/2021\/09\/roser1.jpg 411w\" sizes=\"auto, (max-width: 300px) 100vw, 300px\" \/><\/a><\/li><li class=\"isotope-item\"><a class=\"prettyphoto\" href=\"https:\/\/turisme.martorell.cat\/wp-content\/uploads\/2021\/09\/roser0.jpg\" data-rel=\"prettyPhoto[rel-1056-3467550762]\"><div class=\"hoverVBImageGallery\"><div class=\"ccimgal\"><\/div><\/div><img loading=\"lazy\" decoding=\"async\" width=\"300\" height=\"200\" src=\"https:\/\/turisme.martorell.cat\/wp-content\/uploads\/2021\/09\/roser0-300x200.jpg\" class=\"attachment-medium\" alt=\"\" srcset=\"https:\/\/turisme.martorell.cat\/wp-content\/uploads\/2021\/09\/roser0-300x200.jpg 300w, https:\/\/turisme.martorell.cat\/wp-content\/uploads\/2021\/09\/roser0-768x512.jpg 768w, https:\/\/turisme.martorell.cat\/wp-content\/uploads\/2021\/09\/roser0.jpg 800w\" sizes=\"auto, (max-width: 300px) 100vw, 300px\" \/><\/a><\/li><\/ul><\/div><\/div><\/div><\/div><\/div><\/div><\/div><div class=\"vc_row wpb_row vc_row-fluid\"><div class=\"wpb_column vc_column_container vc_col-sm-12\"><div class=\"vc_column-inner\"><div class=\"wpb_wrapper\">\n\t<div class=\"wpb_text_column wpb_content_element  vc_custom_1636025148573\" >\n\t\t<div class=\"wpb_wrapper\">\n\t\t\t<div class=\"linksPostVB metasVBPosts\">\n<ul>\n<li><a href=\"https:\/\/martorelldigital.cat\/festa-del-roser-2021\/\" target=\"_blank\" rel=\"nofollow noopener\"><i class=\"fa fa-play\"><\/i><strong>\u00c0lbum fotogr\u00e0fic 2021<\/strong><\/a><\/li>\n<\/ul>\n<\/div>\n\n\t\t<\/div>\n\t<\/div>\n<\/div><\/div><\/div><\/div>\n","protected":false},"excerpt":{"rendered":"FESTA DEL ROSER - El Vimart, vi, moda i estilisme La Festa del Roser, que se celebra el primer cap de setmana d\u2019octubre, est\u00e0 dedicada a l\u2019origen vitivin\u00edcola de Martorell. Durant la festa del Most (recuperada l\u2019any 1988), desfilen el carro de les portadores amb ra\u00efm, els pagesos, el vi i el cava, entre d\u2019altres. [...]","protected":false},"author":1,"featured_media":1253,"parent":0,"menu_order":0,"comment_status":"closed","ping_status":"closed","template":"fullwidth-page.php","meta":{"_acf_changed":false,"footnotes":""},"class_list":["post-1056","page","type-page","status-publish","has-post-thumbnail","hentry"],"acf":[],"_links":{"self":[{"href":"https:\/\/turisme.martorell.cat\/en\/wp-json\/wp\/v2\/pages\/1056","targetHints":{"allow":["GET"]}}],"collection":[{"href":"https:\/\/turisme.martorell.cat\/en\/wp-json\/wp\/v2\/pages"}],"about":[{"href":"https:\/\/turisme.martorell.cat\/en\/wp-json\/wp\/v2\/types\/page"}],"author":[{"embeddable":true,"href":"https:\/\/turisme.martorell.cat\/en\/wp-json\/wp\/v2\/users\/1"}],"replies":[{"embeddable":true,"href":"https:\/\/turisme.martorell.cat\/en\/wp-json\/wp\/v2\/comments?post=1056"}],"version-history":[{"count":11,"href":"https:\/\/turisme.martorell.cat\/en\/wp-json\/wp\/v2\/pages\/1056\/revisions"}],"predecessor-version":[{"id":1538,"href":"https:\/\/turisme.martorell.cat\/en\/wp-json\/wp\/v2\/pages\/1056\/revisions\/1538"}],"wp:featuredmedia":[{"embeddable":true,"href":"https:\/\/turisme.martorell.cat\/en\/wp-json\/wp\/v2\/media\/1253"}],"wp:attachment":[{"href":"https:\/\/turisme.martorell.cat\/en\/wp-json\/wp\/v2\/media?parent=1056"}],"curies":[{"name":"wp","href":"https:\/\/api.w.org\/{rel}","templated":true}]}}