{"id":1066,"date":"2021-09-16T07:09:28","date_gmt":"2021-09-16T07:09:28","guid":{"rendered":"https:\/\/turisme.martorell.cat\/?page_id=1066"},"modified":"2025-11-05T13:23:47","modified_gmt":"2025-11-05T13:23:47","slug":"itinerary-through-la-vila","status":"publish","type":"page","link":"https:\/\/turisme.martorell.cat\/en\/itinerari-per-la-vila\/","title":{"rendered":"Itinerary through La Vila"},"content":{"rendered":"<div class=\"vc_row wpb_row vc_row-fluid\"><div class=\"wpb_column vc_column_container vc_col-sm-12\"><div class=\"vc_column-inner\"><div class=\"wpb_wrapper\">\n\t<div class=\"wpb_text_column wpb_content_element \" >\n\t\t<div class=\"wpb_wrapper\">\n\t\t\t<h2><span style=\"font-size: 24pt;\">ITINERARI PER LA VILA<\/span><\/h2>\n\n\t\t<\/div>\n\t<\/div>\n\n\t<div  class=\"wpb_single_image wpb_content_element vc_align_left\">\n\t\t\n\t\t<figure class=\"wpb_wrapper vc_figure\">\n\t\t\t<div class=\"vc_single_image-wrapper   vc_box_border_grey\"><img loading=\"lazy\" decoding=\"async\" width=\"1172\" height=\"249\" src=\"https:\/\/turisme.martorell.cat\/wp-content\/uploads\/2021\/09\/capc_vila.jpg\" class=\"vc_single_image-img attachment-full\" alt=\"Itinerari per la vila, Sender de la Via Augusta\" srcset=\"https:\/\/turisme.martorell.cat\/wp-content\/uploads\/2021\/09\/capc_vila.jpg 1172w, https:\/\/turisme.martorell.cat\/wp-content\/uploads\/2021\/09\/capc_vila-300x64.jpg 300w, https:\/\/turisme.martorell.cat\/wp-content\/uploads\/2021\/09\/capc_vila-1024x218.jpg 1024w, https:\/\/turisme.martorell.cat\/wp-content\/uploads\/2021\/09\/capc_vila-768x163.jpg 768w\" sizes=\"auto, (max-width: 1172px) 100vw, 1172px\" \/><\/div>\n\t\t<\/figure>\n\t<\/div>\n\n\t<div class=\"wpb_text_column wpb_content_element \" >\n\t\t<div class=\"wpb_wrapper\">\n\t\t\t<p data-start=\"220\" data-end=\"381\">Martorell ofereix un ampli ventall de possibilitats per gaudir del patrimoni hist\u00f2ric i l\u2019entorn natural, tant a peu com en bicicleta.<\/p>\n<p data-start=\"383\" data-end=\"896\">La ciutat es troba dins la ruta del <strong data-start=\"419\" data-end=\"441\">Cam\u00ed de Sant Jaume<\/strong>, que connecta Barcelona amb la <a href=\"https:\/\/ca.wikipedia.org\/wiki\/Montserrat\" target=\"_blank\" rel=\"noopener\">muntanya de Montserrat<\/a>. Disposa de bones comunicacions tant en transport privat com p\u00fablic, amb connexions amb Barcelona, el Baix Llobregat, el Vall\u00e8s Occidental, l\u2019Anoia i l\u2019Alt Pened\u00e8s a trav\u00e9s de tres estacions de FGC (Martorell-Vila, Martorell-Enlla\u00e7 i Martorell-Central), Rodalies de Catalunya i diverses l\u00ednies d\u2019autob\u00fas. A m\u00e9s, compta amb establiments que ofereixen al visitant allotjament i restauraci\u00f3 de qualitat.<\/p>\n<p data-start=\"898\" data-end=\"1730\">L\u2019<strong data-start=\"900\" data-end=\"925\">itinerari per la Vila<\/strong> comen\u00e7a a l\u2019esgl\u00e9sia de Santa Maria i segueix en l\u00ednia recta pel carrer de Francesc Santacana, la pla\u00e7a de la Vila, Anselm Clav\u00e9 i Pere Puig, fins arribar al Pont del Diable. Si veniu en ferrocarril, podeu optar per fer-lo en sentit invers des de la parada Martorell-Vila. Aquest recorregut coincideix amb el Cam\u00ed de Sant Jaume; per aix\u00f2, al terra hi trobareu les t\u00edpiques petxines que en marquen la direcci\u00f3.<\/p>\n<p data-start=\"898\" data-end=\"1730\">En poc m\u00e9s d\u2019un quil\u00f2metre podreu admirar una gran diversitat d\u2019estils arquitect\u00f2nics: del rom\u00e0 del Pont del Diable al g\u00f2tic de la Casa Gausa o la Capella de Sant Joan; del neoclassicisme de Can Nicolau al modernisme del carrer de Francesc Santacana i al noucentisme de la Casa de la Vila; sense oblidar les cases esgrafiades del carrer de Pere Puig i la pla\u00e7a de la Vila o el Caf\u00e9 del Progr\u00e9s.<\/p>\n<p data-start=\"1732\" data-end=\"2420\">La durada de la passejada pot variar si visiteu algun dels tres museus de la localitat. El <strong data-start=\"1823\" data-end=\"1870\">Muxart, Espai d\u2019Art i Creaci\u00f3 Contemporanis<\/strong> acull una mostra de les obres de l\u2019artista martorellenc Jaume Muxart (consultar horaris). <strong data-start=\"1961\" data-end=\"2000\">L\u2019Enrajolada \u2013 Casa Museu Santacana<\/strong> conserva un fons ecl\u00e8ctic de rajoles dels segles XIV al XX, peces de cer\u00e0mica, elements arquitect\u00f2nics, mobiliari i pintures. Finalment, trobem el <strong data-start=\"2148\" data-end=\"2168\">Museu Vicen\u00e7 Ros<\/strong>, ubicat a l\u2019antic Convent dels Caputxins del segle XVII, on s\u2019exposen composicions de rajoles catalanes, plafons de ca\u00e7a i un important fons etnol\u00f2gic. La visita a aquests dos darrers museus \u00e9s guiada i cal concertar-la pr\u00e8viament (tel. 93 774 22 23).<\/p>\n<p data-start=\"2422\" data-end=\"2715\">En aquest <strong data-start=\"2432\" data-end=\"2457\">itinerari per la Vila<\/strong> es poden descobrir els edificis m\u00e9s representatius del centre hist\u00f2ric, per\u00f2 no pas els \u00fanics. Durant tot el recorregut us anireu trobant fa\u00e7anes esgrafiades, per la qual cosa us recomanem completar l\u2019experi\u00e8ncia amb l\u2019<a href=\"https:\/\/turisme.martorell.cat\/itinerari-dels-esgrafiats\/\"><strong data-start=\"2677\" data-end=\"2714\"><span style=\"color: #000000;\">itinerari dels esgrafiats<\/span><\/strong><\/a>.<\/p>\n\n\t\t<\/div>\n\t<\/div>\n<\/div><\/div><\/div><\/div><div class=\"vc_row wpb_row vc_row-fluid\"><div class=\"wpb_column vc_column_container vc_col-sm-12\"><div class=\"vc_column-inner\"><div class=\"wpb_wrapper\"><div class=\"wpb_gallery wpb_content_element vc_clearfix\" ><div class=\"wpb_wrapper\"><div class=\"wpb_gallery_slides wpb_image_grid\" data-interval=\"3\"><ul class=\"wpb_image_grid_ul\"><li class=\"isotope-item\"><a class=\"prettyphoto\" href=\"https:\/\/turisme.martorell.cat\/wp-content\/uploads\/2021\/09\/7.jpg\" data-rel=\"prettyPhoto[rel-1066-1172650184]\"><div class=\"hoverVBImageGallery\"><div class=\"ccimgal\"><\/div><\/div><img loading=\"lazy\" decoding=\"async\" width=\"300\" height=\"232\" src=\"https:\/\/turisme.martorell.cat\/wp-content\/uploads\/2021\/09\/7-300x232.jpg\" class=\"attachment-medium\" alt=\"\" srcset=\"https:\/\/turisme.martorell.cat\/wp-content\/uploads\/2021\/09\/7-300x232.jpg 300w, https:\/\/turisme.martorell.cat\/wp-content\/uploads\/2021\/09\/7.jpg 720w\" sizes=\"auto, (max-width: 300px) 100vw, 300px\" \/><\/a><\/li><li class=\"isotope-item\"><a class=\"prettyphoto\" href=\"https:\/\/turisme.martorell.cat\/wp-content\/uploads\/2021\/09\/5-1024x683.jpg\" data-rel=\"prettyPhoto[rel-1066-1172650184]\"><div class=\"hoverVBImageGallery\"><div class=\"ccimgal\"><\/div><\/div><img loading=\"lazy\" decoding=\"async\" width=\"300\" height=\"200\" src=\"https:\/\/turisme.martorell.cat\/wp-content\/uploads\/2021\/09\/5-300x200.jpg\" class=\"attachment-medium\" alt=\"\" srcset=\"https:\/\/turisme.martorell.cat\/wp-content\/uploads\/2021\/09\/5-300x200.jpg 300w, https:\/\/turisme.martorell.cat\/wp-content\/uploads\/2021\/09\/5-1024x683.jpg 1024w, https:\/\/turisme.martorell.cat\/wp-content\/uploads\/2021\/09\/5-768x512.jpg 768w, https:\/\/turisme.martorell.cat\/wp-content\/uploads\/2021\/09\/5-1536x1024.jpg 1536w, https:\/\/turisme.martorell.cat\/wp-content\/uploads\/2021\/09\/5.jpg 1920w\" sizes=\"auto, (max-width: 300px) 100vw, 300px\" \/><\/a><\/li><li class=\"isotope-item\"><a class=\"prettyphoto\" href=\"https:\/\/turisme.martorell.cat\/wp-content\/uploads\/2021\/09\/4-686x1024.jpg\" data-rel=\"prettyPhoto[rel-1066-1172650184]\"><div class=\"hoverVBImageGallery\"><div class=\"ccimgal\"><\/div><\/div><img loading=\"lazy\" decoding=\"async\" width=\"201\" height=\"300\" src=\"https:\/\/turisme.martorell.cat\/wp-content\/uploads\/2021\/09\/4-201x300.jpg\" class=\"attachment-medium\" alt=\"\" srcset=\"https:\/\/turisme.martorell.cat\/wp-content\/uploads\/2021\/09\/4-201x300.jpg 201w, https:\/\/turisme.martorell.cat\/wp-content\/uploads\/2021\/09\/4-686x1024.jpg 686w, https:\/\/turisme.martorell.cat\/wp-content\/uploads\/2021\/09\/4-768x1147.jpg 768w, https:\/\/turisme.martorell.cat\/wp-content\/uploads\/2021\/09\/4-1028x1536.jpg 1028w, https:\/\/turisme.martorell.cat\/wp-content\/uploads\/2021\/09\/4-1371x2048.jpg 1371w, https:\/\/turisme.martorell.cat\/wp-content\/uploads\/2021\/09\/4-scaled.jpg 1714w\" sizes=\"auto, (max-width: 201px) 100vw, 201px\" \/><\/a><\/li><li class=\"isotope-item\"><a class=\"prettyphoto\" href=\"https:\/\/turisme.martorell.cat\/wp-content\/uploads\/2021\/09\/2-768x1024.jpg\" data-rel=\"prettyPhoto[rel-1066-1172650184]\"><div class=\"hoverVBImageGallery\"><div class=\"ccimgal\"><\/div><\/div><img loading=\"lazy\" decoding=\"async\" width=\"225\" height=\"300\" src=\"https:\/\/turisme.martorell.cat\/wp-content\/uploads\/2021\/09\/2-225x300.jpg\" class=\"attachment-medium\" alt=\"\" srcset=\"https:\/\/turisme.martorell.cat\/wp-content\/uploads\/2021\/09\/2-225x300.jpg 225w, https:\/\/turisme.martorell.cat\/wp-content\/uploads\/2021\/09\/2-768x1024.jpg 768w, https:\/\/turisme.martorell.cat\/wp-content\/uploads\/2021\/09\/2-1152x1536.jpg 1152w, https:\/\/turisme.martorell.cat\/wp-content\/uploads\/2021\/09\/2-1536x2048.jpg 1536w, https:\/\/turisme.martorell.cat\/wp-content\/uploads\/2021\/09\/2.jpg 1920w\" sizes=\"auto, (max-width: 225px) 100vw, 225px\" \/><\/a><\/li><li class=\"isotope-item\"><a class=\"prettyphoto\" href=\"https:\/\/turisme.martorell.cat\/wp-content\/uploads\/2021\/09\/6-1024x757.jpg\" data-rel=\"prettyPhoto[rel-1066-1172650184]\"><div class=\"hoverVBImageGallery\"><div class=\"ccimgal\">Itinerari per la vila<\/div><\/div><img loading=\"lazy\" decoding=\"async\" width=\"300\" height=\"222\" src=\"https:\/\/turisme.martorell.cat\/wp-content\/uploads\/2021\/09\/6-300x222.jpg\" class=\"attachment-medium\" alt=\"Itinerari per la vila\" srcset=\"https:\/\/turisme.martorell.cat\/wp-content\/uploads\/2021\/09\/6-300x222.jpg 300w, https:\/\/turisme.martorell.cat\/wp-content\/uploads\/2021\/09\/6-1024x757.jpg 1024w, https:\/\/turisme.martorell.cat\/wp-content\/uploads\/2021\/09\/6-768x568.jpg 768w, https:\/\/turisme.martorell.cat\/wp-content\/uploads\/2021\/09\/6-1536x1136.jpg 1536w, https:\/\/turisme.martorell.cat\/wp-content\/uploads\/2021\/09\/6-2048x1515.jpg 2048w\" sizes=\"auto, (max-width: 300px) 100vw, 300px\" \/><\/a><\/li><li class=\"isotope-item\"><a class=\"prettyphoto\" href=\"https:\/\/turisme.martorell.cat\/wp-content\/uploads\/2021\/09\/3-1024x757.jpg\" data-rel=\"prettyPhoto[rel-1066-1172650184]\"><div class=\"hoverVBImageGallery\"><div class=\"ccimgal\">Itinerari per la vila<\/div><\/div><img loading=\"lazy\" decoding=\"async\" width=\"300\" height=\"222\" src=\"https:\/\/turisme.martorell.cat\/wp-content\/uploads\/2021\/09\/3-300x222.jpg\" class=\"attachment-medium\" alt=\"Itinerari per la vila\" srcset=\"https:\/\/turisme.martorell.cat\/wp-content\/uploads\/2021\/09\/3-300x222.jpg 300w, https:\/\/turisme.martorell.cat\/wp-content\/uploads\/2021\/09\/3-1024x757.jpg 1024w, https:\/\/turisme.martorell.cat\/wp-content\/uploads\/2021\/09\/3-768x568.jpg 768w, https:\/\/turisme.martorell.cat\/wp-content\/uploads\/2021\/09\/3-1536x1136.jpg 1536w, https:\/\/turisme.martorell.cat\/wp-content\/uploads\/2021\/09\/3-2048x1515.jpg 2048w\" sizes=\"auto, (max-width: 300px) 100vw, 300px\" \/><\/a><\/li><li class=\"isotope-item\"><a class=\"prettyphoto\" href=\"https:\/\/turisme.martorell.cat\/wp-content\/uploads\/2021\/09\/1-1024x757.jpg\" data-rel=\"prettyPhoto[rel-1066-1172650184]\"><div class=\"hoverVBImageGallery\"><div class=\"ccimgal\"><\/div><\/div><img loading=\"lazy\" decoding=\"async\" width=\"300\" height=\"222\" src=\"https:\/\/turisme.martorell.cat\/wp-content\/uploads\/2021\/09\/1-300x222.jpg\" class=\"attachment-medium\" alt=\"\" srcset=\"https:\/\/turisme.martorell.cat\/wp-content\/uploads\/2021\/09\/1-300x222.jpg 300w, https:\/\/turisme.martorell.cat\/wp-content\/uploads\/2021\/09\/1-1024x757.jpg 1024w, https:\/\/turisme.martorell.cat\/wp-content\/uploads\/2021\/09\/1-768x568.jpg 768w, https:\/\/turisme.martorell.cat\/wp-content\/uploads\/2021\/09\/1-1536x1136.jpg 1536w, https:\/\/turisme.martorell.cat\/wp-content\/uploads\/2021\/09\/1-2048x1515.jpg 2048w\" sizes=\"auto, (max-width: 300px) 100vw, 300px\" \/><\/a><\/li><\/ul><\/div><\/div><\/div><\/div><\/div><\/div><\/div><div class=\"vc_row wpb_row vc_row-fluid\"><div class=\"wpb_column vc_column_container vc_col-sm-12\"><div class=\"vc_column-inner\"><div class=\"wpb_wrapper\">\n\t<div class=\"wpb_text_column wpb_content_element \" >\n\t\t<div class=\"wpb_wrapper\">\n\t\t\t<p style=\"text-align: justify;\"><span style=\"font-size: 14pt;\">Descobreix els edificis m\u00e9s emblem\u00e0tics de la Vila de Martorell tot fent un recorregut des de la\u00a0Pla\u00e7a\u00a0de l\u2019Esgl\u00e9sia fins al Pont del Diable.<\/span><\/p>\n\n\t\t<\/div>\n\t<\/div>\n<\/div><\/div><\/div><\/div><div class=\"vc_row wpb_row vc_row-fluid\"><div class=\"wpb_column vc_column_container vc_col-sm-12\"><div class=\"vc_column-inner\"><div class=\"wpb_wrapper\">\n\t<div class=\"wpb_text_column wpb_content_element \" >\n\t\t<div class=\"wpb_wrapper\">\n\t\t\t<div class=\"linksPostVB metasVBPosts\">\n<ul>\n<li><a href=\"https:\/\/turisme.martorell.cat\/wp-content\/uploads\/2021\/09\/Itinerari-per-la-Vila.pdf\" target=\"_blank\" rel=\"nofollow noopener\"><i class=\"fa fa-file-pdf-o\"><\/i><strong>Itinerari per La Vila<\/strong><\/a><\/li>\n<li><a href=\"https:\/\/turisme.martorell.cat\/wp-content\/uploads\/2023\/08\/Itinerari-antic-cami-Ral-de-Martorell-a-Montserrat.pdf\" target=\"_blank\" rel=\"nofollow noopener\"><i class=\"fa fa-file-pdf-o\"><\/i><strong>Itinerari Antic Cam\u00ed Ral de Martorell a Montserrat<\/strong><\/a><\/li>\n<li><a href=\"https:\/\/turisme.martorell.cat\/wp-content\/uploads\/2023\/08\/Itinerari-Castellvell-de-Rosanes-i-la-capella-de-Sant-Jaume.pdf\" target=\"_blank\" rel=\"nofollow noopener\"><i class=\"fa fa-file-pdf-o\"><\/i><strong>Itinerari Castellvell de Rosanes i la Capella de Sant Jaume<\/strong><\/a><\/li>\n<li><a href=\"https:\/\/turisme.martorell.cat\/wp-content\/uploads\/2023\/08\/Itinerari-descoberta-Martorell-medieval.pdf\" target=\"_blank\" rel=\"nofollow noopener\"><i class=\"fa fa-file-pdf-o\"><\/i><strong>Itinerari Descoberta Martorell Medieval<\/strong><\/a><\/li>\n<li><a href=\"https:\/\/turisme.martorell.cat\/wp-content\/uploads\/2023\/08\/Itinerari-mines-de-plom.pdf\" target=\"_blank\" rel=\"nofollow noopener\"><i class=\"fa fa-file-pdf-o\"><\/i><strong>Itinerari Mines de Plom<\/strong><\/a><\/li>\n<li><a href=\"https:\/\/turisme.martorell.cat\/wp-content\/uploads\/2023\/08\/Itinerari-monestir-de-Sant-Genis-de-Rocafort.pdf\" target=\"_blank\" rel=\"nofollow noopener\"><i class=\"fa fa-file-pdf-o\"><\/i><strong>Itinerari Monestir de Sant Gen\u00eds de Rocafort<\/strong><\/a><\/li>\n<li><a href=\"https:\/\/turisme.martorell.cat\/wp-content\/uploads\/2023\/08\/Itinerari-torretes-i-castell-de-Rosanes.pdf\" target=\"_blank\" rel=\"nofollow noopener\"><i class=\"fa fa-file-pdf-o\"><\/i><strong>Itinerari Torretes i Castell de Rosanes<\/strong><\/a><\/li>\n<\/ul>\n<\/div>\n\n\t\t<\/div>\n\t<\/div>\n<\/div><\/div><\/div><\/div>\n","protected":false},"excerpt":{"rendered":"ITINERARI PER LA VILA Martorell ofereix un ampli ventall de possibilitats per gaudir del patrimoni hist\u00f2ric i l\u2019entorn natural, tant a peu com en bicicleta. La ciutat es troba dins la ruta del Cam\u00ed de Sant Jaume, que connecta Barcelona amb la muntanya de Montserrat. Disposa de bones comunicacions tant en transport privat com p\u00fablic, [...]","protected":false},"author":1,"featured_media":1152,"parent":0,"menu_order":0,"comment_status":"closed","ping_status":"closed","template":"fullwidth-page.php","meta":{"_acf_changed":false,"footnotes":""},"class_list":["post-1066","page","type-page","status-publish","has-post-thumbnail","hentry"],"acf":[],"_links":{"self":[{"href":"https:\/\/turisme.martorell.cat\/en\/wp-json\/wp\/v2\/pages\/1066","targetHints":{"allow":["GET"]}}],"collection":[{"href":"https:\/\/turisme.martorell.cat\/en\/wp-json\/wp\/v2\/pages"}],"about":[{"href":"https:\/\/turisme.martorell.cat\/en\/wp-json\/wp\/v2\/types\/page"}],"author":[{"embeddable":true,"href":"https:\/\/turisme.martorell.cat\/en\/wp-json\/wp\/v2\/users\/1"}],"replies":[{"embeddable":true,"href":"https:\/\/turisme.martorell.cat\/en\/wp-json\/wp\/v2\/comments?post=1066"}],"version-history":[{"count":16,"href":"https:\/\/turisme.martorell.cat\/en\/wp-json\/wp\/v2\/pages\/1066\/revisions"}],"predecessor-version":[{"id":1553,"href":"https:\/\/turisme.martorell.cat\/en\/wp-json\/wp\/v2\/pages\/1066\/revisions\/1553"}],"wp:featuredmedia":[{"embeddable":true,"href":"https:\/\/turisme.martorell.cat\/en\/wp-json\/wp\/v2\/media\/1152"}],"wp:attachment":[{"href":"https:\/\/turisme.martorell.cat\/en\/wp-json\/wp\/v2\/media?parent=1066"}],"curies":[{"name":"wp","href":"https:\/\/api.w.org\/{rel}","templated":true}]}}