{"id":1110,"date":"2021-09-16T07:42:08","date_gmt":"2021-09-16T07:42:08","guid":{"rendered":"https:\/\/turisme.martorell.cat\/?page_id=1110"},"modified":"2025-11-05T12:07:46","modified_gmt":"2025-11-05T12:07:46","slug":"natural-heritage-of-martorell","status":"publish","type":"page","link":"https:\/\/turisme.martorell.cat\/en\/patrimoni-natural-de-martorell\/","title":{"rendered":"Natural Heritage of Martorell"},"content":{"rendered":"<div data-vc-full-width=\"true\" data-vc-full-width-init=\"false\" class=\"vc_row wpb_row vc_row-fluid\"><div class=\"wpb_column vc_column_container vc_col-sm-12\"><div class=\"vc_column-inner\"><div class=\"wpb_wrapper\">\n\t<div class=\"wpb_text_column wpb_content_element \" >\n\t\t<div class=\"wpb_wrapper\">\n\t\t\t<h2><span style=\"font-size: 24pt;\">PATRIMONI NATURAL DE MARTORELL<\/span><\/h2>\n\n\t\t<\/div>\n\t<\/div>\n\n\t<div class=\"wpb_text_column wpb_content_element \" >\n\t\t<div class=\"wpb_wrapper\">\n\t\t\t<div align=\"justify\">\n<p data-start=\"201\" data-end=\"512\">Martorell es troba a cavall de dues grans unitats geol\u00f2giques i morfoestructurals: els relleus del sud del municipi, que formen part del vessant nord-oest de la Serralada Litoral, i tot el sector nord, m\u00e9s planer, situat a la fossa tect\u00f2nica o depressi\u00f3 del Vall\u00e8s-Pened\u00e8s.<\/p>\n<p data-start=\"514\" data-end=\"684\">La geomorfologia del municipi ha estat modelada per la din\u00e0mica fluvial generada per l\u2019erosi\u00f3 i els sediments aportats pels rius Llobregat i Anoia, i els seus afluents.<\/p>\n<p data-start=\"686\" data-end=\"1069\">El <strong data-start=\"689\" data-end=\"723\">Patrimoni Natural de Martorell<\/strong> \u00e9s ric i divers, en gran part compartit amb els municipis ve\u00efns. Aquests espais han de fer front a una forta pressi\u00f3 urban\u00edstica i d\u2019\u00fas, aix\u00ed com al pas de nombroses infraestructures. El creixement de la poblaci\u00f3 revaloritza aquests entorns, convertint-los en un tresor natural que cal protegir perqu\u00e8 les futures generacions en puguin gaudir.<\/p>\n<p data-start=\"1071\" data-end=\"1658\">Encara que el municipi no t\u00e9 cap zona inclosa dins del Pla d\u2019Espais d\u2019Inter\u00e8s Natural (PEIN) del Departament de Medi Ambient i Habitatge de la Generalitat de Catalunya, s\u00ed que compta amb dues \u00e0rees protegides. En primer lloc, tot el tram del riu Llobregat fins al Congost forma part de la zona <a href=\"https:\/\/ca.wikipedia.org\/wiki\/Tema:Vzzt5sc3vaubjwej\" target=\"_blank\" rel=\"noopener\">Montserrat-Roques Blanques-Riu Llobregat de la Xarxa Natura 2000<\/a>, que inclou h\u00e0bitats d\u2019inter\u00e8s comunitari, zones d\u2019inter\u00e8s per a esp\u00e8cies de valor comunitari i \u00e0rees de protecci\u00f3 per a aus. La conservaci\u00f3 dels cursos fluvials \u00e9s essencial per mantenir la connectivitat dels espais naturals.<\/p>\n<p data-start=\"1660\" data-end=\"1946\">En segon lloc, el <strong data-start=\"1678\" data-end=\"1708\">Parc Forestal de Can Cases<\/strong> gaudeix d\u2019una figura de protecci\u00f3 superior a la local, reconeguda per la Generalitat com a bosc d\u2019utilitat p\u00fablica d\u2019inter\u00e8s social i recreatiu, consolidant aix\u00ed la import\u00e0ncia del Patrimoni Natural de Martorell dins del territori.<\/p>\n<\/div>\n\n\t\t<\/div>\n\t<\/div>\n<div class=\"vc_tta-container\" data-vc-action=\"collapse\"><div class=\"vc_general vc_tta vc_tta-tabs vc_tta-color-grey vc_tta-style-classic vc_tta-shape-rounded vc_tta-spacing-1 vc_tta-tabs-position-left vc_tta-controls-align-left vc_tta-controls-size-sm\"><div class=\"vc_tta-tabs-container\"><ul class=\"vc_tta-tabs-list\"><li class=\"vc_tta-tab vc_active\" data-vc-tab><a href=\"#parc-forestal-de-can-cases\" data-vc-tabs data-vc-container=\".vc_tta\"><span class=\"vc_tta-title-text\">Parc Forestal de Can Cases<\/span><\/a><\/li><li class=\"vc_tta-tab\" data-vc-tab><a href=\"#ruta-de-les-torretes\" data-vc-tabs data-vc-container=\".vc_tta\"><span class=\"vc_tta-title-text\">Ruta de les Torretes<\/span><\/a><\/li><\/ul><\/div><div class=\"vc_tta-panels-container\"><div class=\"vc_tta-panels\"><div class=\"vc_tta-panel vc_active\" id=\"parc-forestal-de-can-cases\" data-vc-content=\".vc_tta-panel-body\"><div class=\"vc_tta-panel-heading\"><h4 class=\"vc_tta-panel-title\"><a href=\"#parc-forestal-de-can-cases\" data-vc-accordion data-vc-container=\".vc_tta-container\"><span class=\"vc_tta-title-text\">Parc Forestal de Can Cases<\/span><\/a><\/h4><\/div><div class=\"vc_tta-panel-body\"><div class=\"vc_row wpb_row vc_inner container bootstrap\"><div class=\"wpb_column vc_column_container vc_col-sm-12\"><div class=\"vc_column-inner\"><div class=\"wpb_wrapper\">\n\t<div class=\"wpb_text_column wpb_content_element \" >\n\t\t<div class=\"wpb_wrapper\">\n\t\t\t<h2>PARC FORESTAL DE CAN CASES<\/h2>\n\n\t\t<\/div>\n\t<\/div>\n\n\t<div  class=\"wpb_single_image wpb_content_element vc_align_left\">\n\t\t\n\t\t<figure class=\"wpb_wrapper vc_figure\">\n\t\t\t<div class=\"vc_single_image-wrapper   vc_box_border_grey\"><img loading=\"lazy\" decoding=\"async\" width=\"1172\" height=\"249\" src=\"https:\/\/turisme.martorell.cat\/wp-content\/uploads\/2021\/09\/capc_cancases.jpg\" class=\"vc_single_image-img attachment-full\" alt=\"Patrimoni Natural de Martorell, Parc Forestal Can Cases\" srcset=\"https:\/\/turisme.martorell.cat\/wp-content\/uploads\/2021\/09\/capc_cancases.jpg 1172w, https:\/\/turisme.martorell.cat\/wp-content\/uploads\/2021\/09\/capc_cancases-300x64.jpg 300w, https:\/\/turisme.martorell.cat\/wp-content\/uploads\/2021\/09\/capc_cancases-1024x218.jpg 1024w, https:\/\/turisme.martorell.cat\/wp-content\/uploads\/2021\/09\/capc_cancases-768x163.jpg 768w\" sizes=\"auto, (max-width: 1172px) 100vw, 1172px\" \/><\/div>\n\t\t<\/figure>\n\t<\/div>\n\n\t<div class=\"wpb_text_column wpb_content_element \" >\n\t\t<div class=\"wpb_wrapper\">\n\t\t\t<div align=\"justify\">\n<p data-start=\"159\" data-end=\"405\">El Parc Forestal de Can Cases \u00e9s un espai essencial per al municipi de Martorell, tant per la seva consideraci\u00f3 de bosc d\u2019utilitat p\u00fablica com per la seva funci\u00f3 de lleure i com a escenari per a la realitzaci\u00f3 d\u2019activitats d\u2019educaci\u00f3 ambiental.<\/p>\n<p data-start=\"407\" data-end=\"711\">Aquest equipament disposa de barbacoes, taules de p\u00edcnic, \u00e0rees de jocs infantils, aparcament i zona esportiva amb pista de b\u00e0squet i futbol. Can Cases \u00e9s una bona zona per a activitats esportives a l\u2019aire lliure, com ara passejades, footing, bicicleta de muntanya, passejades a cavall, entre d\u2019altres.<\/p>\n<p data-start=\"713\" data-end=\"1217\">Tamb\u00e9 \u00e9s un bon indret per a l\u2019observaci\u00f3 de la vegetaci\u00f3. L\u2019alzinar t\u00edpic mediterrani \u00e9s la comunitat m\u00e9s representativa, aix\u00ed com el bosc de ribera situat als marges dels cursos d\u2019aigua. El parc tamb\u00e9 presenta con\u00edferes i altres arbres de ribera. Pel que fa a la fauna, s\u2019hi han observat m\u00e9s de 70 esp\u00e8cies d\u2019ocells i 30 esp\u00e8cies de papallones, aix\u00ed com alguns amfibis i r\u00e8ptils t\u00edpics d\u2019indrets mediterranis, com la tortuga de rierol, i mam\u00edfers com toixons, guineus, genetes, musaranyes i senglars.<\/p>\n<p data-start=\"1219\" data-end=\"1348\">Des de maig de 2014, el parc disposa d\u2019un circuit d\u2019orientaci\u00f3 d\u2019uns 2,5 km que discorre per camins i senders ben senyalitzats.<\/p>\n<\/div>\n\n\t\t<\/div>\n\t<\/div>\n<div class=\"wpb_gallery wpb_content_element vc_clearfix\" ><div class=\"wpb_wrapper\"><div class=\"wpb_gallery_slides wpb_image_grid\" data-interval=\"3\"><ul class=\"wpb_image_grid_ul\"><li class=\"isotope-item\"><a class=\"prettyphoto\" href=\"https:\/\/turisme.martorell.cat\/wp-content\/uploads\/2021\/09\/Can-Cases-4-1024x768.jpg\" data-rel=\"prettyPhoto[rel-1110-286851623]\"><div class=\"hoverVBImageGallery\"><div class=\"ccimgal\"><\/div><\/div><img loading=\"lazy\" decoding=\"async\" width=\"300\" height=\"225\" src=\"https:\/\/turisme.martorell.cat\/wp-content\/uploads\/2021\/09\/Can-Cases-4-300x225.jpg\" class=\"attachment-medium\" alt=\"\" srcset=\"https:\/\/turisme.martorell.cat\/wp-content\/uploads\/2021\/09\/Can-Cases-4-300x225.jpg 300w, https:\/\/turisme.martorell.cat\/wp-content\/uploads\/2021\/09\/Can-Cases-4-1024x768.jpg 1024w, https:\/\/turisme.martorell.cat\/wp-content\/uploads\/2021\/09\/Can-Cases-4-768x576.jpg 768w, https:\/\/turisme.martorell.cat\/wp-content\/uploads\/2021\/09\/Can-Cases-4-1536x1152.jpg 1536w, https:\/\/turisme.martorell.cat\/wp-content\/uploads\/2021\/09\/Can-Cases-4.jpg 2048w\" sizes=\"auto, (max-width: 300px) 100vw, 300px\" \/><\/a><\/li><li class=\"isotope-item\"><a class=\"prettyphoto\" href=\"https:\/\/turisme.martorell.cat\/wp-content\/uploads\/2021\/09\/Can-Cases-5.jpg\" data-rel=\"prettyPhoto[rel-1110-286851623]\"><div class=\"hoverVBImageGallery\"><div class=\"ccimgal\"><\/div><\/div><img loading=\"lazy\" decoding=\"async\" width=\"300\" height=\"225\" src=\"https:\/\/turisme.martorell.cat\/wp-content\/uploads\/2021\/09\/Can-Cases-5-300x225.jpg\" class=\"attachment-medium\" alt=\"\" srcset=\"https:\/\/turisme.martorell.cat\/wp-content\/uploads\/2021\/09\/Can-Cases-5-300x225.jpg 300w, https:\/\/turisme.martorell.cat\/wp-content\/uploads\/2021\/09\/Can-Cases-5-768x576.jpg 768w, https:\/\/turisme.martorell.cat\/wp-content\/uploads\/2021\/09\/Can-Cases-5.jpg 1000w\" sizes=\"auto, (max-width: 300px) 100vw, 300px\" \/><\/a><\/li><li class=\"isotope-item\"><a class=\"prettyphoto\" href=\"https:\/\/turisme.martorell.cat\/wp-content\/uploads\/2021\/09\/Can-Cases-Bosc-2-1024x768.jpg\" data-rel=\"prettyPhoto[rel-1110-286851623]\"><div class=\"hoverVBImageGallery\"><div class=\"ccimgal\">Patrimoni Natural de Martorell<\/div><\/div><img loading=\"lazy\" decoding=\"async\" width=\"300\" height=\"225\" src=\"https:\/\/turisme.martorell.cat\/wp-content\/uploads\/2021\/09\/Can-Cases-Bosc-2-300x225.jpg\" class=\"attachment-medium\" alt=\"Patrimoni Natural de Martorell\" srcset=\"https:\/\/turisme.martorell.cat\/wp-content\/uploads\/2021\/09\/Can-Cases-Bosc-2-300x225.jpg 300w, https:\/\/turisme.martorell.cat\/wp-content\/uploads\/2021\/09\/Can-Cases-Bosc-2-1024x768.jpg 1024w, https:\/\/turisme.martorell.cat\/wp-content\/uploads\/2021\/09\/Can-Cases-Bosc-2-768x576.jpg 768w, https:\/\/turisme.martorell.cat\/wp-content\/uploads\/2021\/09\/Can-Cases-Bosc-2-1536x1152.jpg 1536w, https:\/\/turisme.martorell.cat\/wp-content\/uploads\/2021\/09\/Can-Cases-Bosc-2.jpg 2048w\" sizes=\"auto, (max-width: 300px) 100vw, 300px\" \/><\/a><\/li><\/ul><\/div><\/div><\/div>\n\t<div class=\"wpb_text_column wpb_content_element \" >\n\t\t<div class=\"wpb_wrapper\">\n\t\t\t<div class=\"linksPostVB metasVBPosts\">\n<ul>\n<li><a href=\"https:\/\/turisme.martorell.cat\/wp-content\/uploads\/2021\/09\/Parc-C-Cases.pdf\" target=\"_blank\" rel=\"nofollow noopener\"><i class=\"fa fa-file-pdf-o\"><\/i><strong>Pl\u00e0nol de Can Cases<\/strong><\/a><\/li>\n<li><a href=\"https:\/\/turisme.martorell.cat\/wp-content\/uploads\/2021\/09\/Can-Cases-Planol-circuit-orientacio-amb-punts.pdf\" target=\"_blank\" rel=\"nofollow noopener\"><i class=\"fa fa-file-pdf-o\"><\/i><strong>Pl\u00e0nol circuit orientaci\u00f3<\/strong><\/a><\/li>\n<li><a href=\"https:\/\/turisme.martorell.cat\/wp-content\/uploads\/2021\/09\/Can-Cases-Instruccions-per-a-realitzar-el-circuit.pdf\" target=\"_blank\" rel=\"nofollow noopener\"><i class=\"fa fa-file-pdf-o\"><\/i><strong>Instruccions per a realitzar el circuit<\/strong><\/a><\/li>\n<li><a href=\"https:\/\/turisme.martorell.cat\/wp-content\/uploads\/2021\/09\/Can-Cases-Targeta-de-descripcio-de-controls-1.pdf\" target=\"_blank\" rel=\"nofollow noopener\"><i class=\"fa fa-file-pdf-o\"><\/i><strong>Targeta de descripci\u00f3 de controls<\/strong><\/a><\/li>\n<\/ul>\n<\/div>\n\n\t\t<\/div>\n\t<\/div>\n<\/div><\/div><\/div><\/div><\/div><\/div><div class=\"vc_tta-panel\" id=\"ruta-de-les-torretes\" data-vc-content=\".vc_tta-panel-body\"><div class=\"vc_tta-panel-heading\"><h4 class=\"vc_tta-panel-title\"><a href=\"#ruta-de-les-torretes\" data-vc-accordion data-vc-container=\".vc_tta-container\"><span class=\"vc_tta-title-text\">Ruta de les Torretes<\/span><\/a><\/h4><\/div><div class=\"vc_tta-panel-body\"><div class=\"vc_row wpb_row vc_inner container bootstrap\"><div class=\"wpb_column vc_column_container vc_col-sm-12\"><div class=\"vc_column-inner\"><div class=\"wpb_wrapper\">\n\t<div class=\"wpb_text_column wpb_content_element \" >\n\t\t<div class=\"wpb_wrapper\">\n\t\t\t<h2>RUTA DE LES TORRETES<\/h2>\n\n\t\t<\/div>\n\t<\/div>\n\n\t<div  class=\"wpb_single_image wpb_content_element vc_align_left\">\n\t\t\n\t\t<figure class=\"wpb_wrapper vc_figure\">\n\t\t\t<div class=\"vc_single_image-wrapper   vc_box_border_grey\"><img loading=\"lazy\" decoding=\"async\" width=\"1172\" height=\"249\" src=\"https:\/\/turisme.martorell.cat\/wp-content\/uploads\/2021\/09\/capc_natural.jpg\" class=\"vc_single_image-img attachment-full\" alt=\"\" srcset=\"https:\/\/turisme.martorell.cat\/wp-content\/uploads\/2021\/09\/capc_natural.jpg 1172w, https:\/\/turisme.martorell.cat\/wp-content\/uploads\/2021\/09\/capc_natural-300x64.jpg 300w, https:\/\/turisme.martorell.cat\/wp-content\/uploads\/2021\/09\/capc_natural-1024x218.jpg 1024w, https:\/\/turisme.martorell.cat\/wp-content\/uploads\/2021\/09\/capc_natural-768x163.jpg 768w\" sizes=\"auto, (max-width: 1172px) 100vw, 1172px\" \/><\/div>\n\t\t<\/figure>\n\t<\/div>\n\n\t<div class=\"wpb_text_column wpb_content_element \" >\n\t\t<div class=\"wpb_wrapper\">\n\t\t\t<div align=\"justify\">\n<p data-start=\"151\" data-end=\"264\">La zona muntanyosa de Martorell es concentra al sud del municipi, on la carena fa de l\u00edmit del terme municipal.<\/p>\n<p data-start=\"266\" data-end=\"494\">Nombrosos camins i senders creuen aquesta part de la muntanya, que limita amb l\u2019espai protegit de les Muntanyes de l\u2019Ordal i constitueix una excel\u00b7lent atalaia per contemplar tot el municipi i bona part del nord de la comarca.<\/p>\n<p data-start=\"496\" data-end=\"671\">La <strong data-start=\"499\" data-end=\"524\">Serra de les Torretes<\/strong> correspon majorit\u00e0riament a la cara nord de la <span style=\"color: #000000;\"><a style=\"color: #000000;\" href=\"https:\/\/turisme.martorell.cat\/riu-anoia-i-serra-de-lataix\/\" rel=\"nofollow\"><strong data-start=\"572\" data-end=\"592\">serra de l\u2019Ataix<\/strong><\/a><\/span>. Antigament estava ocupada per vinyes i, avui, per boscos de matolls i pins.<\/p>\n<p data-start=\"673\" data-end=\"788\">Al juliol de 2021, un estiu especialment sec, hi va haver un incendi que va cremar una bona part de la cara nord.<\/p>\n<p data-start=\"790\" data-end=\"1073\">Del temps en qu\u00e8 es conreaven les vinyes en queden nombrosos vestigis, aix\u00ed com restes de mines d\u2019aigua. Per la seva funci\u00f3 de connexi\u00f3 entre l\u2019Ordal i el Vall\u00e8s, es pot considerar aquest territori com a part del corredor biol\u00f2gic del conjunt de lleres dels rius Anoia i Llobregat.<\/p>\n<p data-start=\"1075\" data-end=\"1325\">La Serra de les Torretes \u00e9s un bon mirador sobre Montserrat i Martorell i rep el nom de les torres de guaita que s\u2019hi varen edificar per vigilar possibles invasions. Per aquest motiu, l\u2019any 2021 es va habilitar un mirador a la <strong data-start=\"1302\" data-end=\"1322\">Torre Griminella<\/strong>.<\/p>\n<\/div>\n\n\t\t<\/div>\n\t<\/div>\n\n\t<div  class=\"wpb_single_image wpb_content_element vc_align_center\">\n\t\t\n\t\t<figure class=\"wpb_wrapper vc_figure\">\n\t\t\t<a data-rel=\"prettyPhoto[rel-1110-967731320]\" href=\"https:\/\/turisme.martorell.cat\/wp-content\/uploads\/2021\/09\/image006.jpg\" target=\"_self\" class=\"vc_single_image-wrapper   vc_box_border_grey prettyphoto\"><img loading=\"lazy\" decoding=\"async\" width=\"300\" height=\"271\" src=\"https:\/\/turisme.martorell.cat\/wp-content\/uploads\/2021\/09\/image006-300x271.jpg\" class=\"vc_single_image-img attachment-medium\" alt=\"\" srcset=\"https:\/\/turisme.martorell.cat\/wp-content\/uploads\/2021\/09\/image006-300x271.jpg 300w, https:\/\/turisme.martorell.cat\/wp-content\/uploads\/2021\/09\/image006.jpg 462w\" sizes=\"auto, (max-width: 300px) 100vw, 300px\" \/><\/a>\n\t\t<\/figure>\n\t<\/div>\n\n\t<div class=\"wpb_text_column wpb_content_element \" >\n\t\t<div class=\"wpb_wrapper\">\n\t\t\t<div class=\"linksPostVB metasVBPosts\">\n<ul>\n<li><a href=\"https:\/\/turisme.martorell.cat\/wp-content\/uploads\/2021\/09\/Serra-de-les-Torretes-Martorell-Castell-de-Rosanes.pdf\" target=\"_blank\" rel=\"nofollow noopener\"><i class=\"fa fa-file-pdf-o\"><\/i><strong>Castell de Rosanes<\/strong><\/a><\/li>\n<\/ul>\n<\/div>\n\n\t\t<\/div>\n\t<\/div>\n<\/div><\/div><\/div><\/div><\/div><\/div><\/div><\/div><\/div><\/div><\/div><\/div><\/div><\/div><div class=\"vc_row-full-width vc_clearfix\"><\/div>\n","protected":false},"excerpt":{"rendered":"PATRIMONI NATURAL DE MARTORELL Martorell es troba a cavall de dues grans unitats geol\u00f2giques i morfoestructurals: els relleus del sud del municipi, que formen part del vessant nord-oest de la Serralada Litoral, i tot el sector nord, m\u00e9s planer, situat a la fossa tect\u00f2nica o depressi\u00f3 del Vall\u00e8s-Pened\u00e8s. La geomorfologia del municipi ha estat modelada [...]","protected":false},"author":1,"featured_media":1143,"parent":0,"menu_order":0,"comment_status":"closed","ping_status":"closed","template":"fullwidth-page.php","meta":{"_acf_changed":false,"footnotes":""},"class_list":["post-1110","page","type-page","status-publish","has-post-thumbnail","hentry"],"acf":[],"_links":{"self":[{"href":"https:\/\/turisme.martorell.cat\/en\/wp-json\/wp\/v2\/pages\/1110","targetHints":{"allow":["GET"]}}],"collection":[{"href":"https:\/\/turisme.martorell.cat\/en\/wp-json\/wp\/v2\/pages"}],"about":[{"href":"https:\/\/turisme.martorell.cat\/en\/wp-json\/wp\/v2\/types\/page"}],"author":[{"embeddable":true,"href":"https:\/\/turisme.martorell.cat\/en\/wp-json\/wp\/v2\/users\/1"}],"replies":[{"embeddable":true,"href":"https:\/\/turisme.martorell.cat\/en\/wp-json\/wp\/v2\/comments?post=1110"}],"version-history":[{"count":19,"href":"https:\/\/turisme.martorell.cat\/en\/wp-json\/wp\/v2\/pages\/1110\/revisions"}],"predecessor-version":[{"id":1545,"href":"https:\/\/turisme.martorell.cat\/en\/wp-json\/wp\/v2\/pages\/1110\/revisions\/1545"}],"wp:featuredmedia":[{"embeddable":true,"href":"https:\/\/turisme.martorell.cat\/en\/wp-json\/wp\/v2\/media\/1143"}],"wp:attachment":[{"href":"https:\/\/turisme.martorell.cat\/en\/wp-json\/wp\/v2\/media?parent=1110"}],"curies":[{"name":"wp","href":"https:\/\/api.w.org\/{rel}","templated":true}]}}