{"id":1285,"date":"2021-09-20T07:39:04","date_gmt":"2021-09-20T07:39:04","guid":{"rendered":"https:\/\/turisme.martorell.cat\/?page_id=1285"},"modified":"2025-11-05T12:44:53","modified_gmt":"2025-11-05T12:44:53","slug":"archaeological-sites-of-santa-margarida","status":"publish","type":"page","link":"https:\/\/turisme.martorell.cat\/en\/jaciments-arqueologics-de-santa-margarida\/","title":{"rendered":"Archaeological Sites"},"content":{"rendered":"<div data-vc-full-width=\"true\" data-vc-full-width-init=\"false\" class=\"vc_row wpb_row vc_row-fluid\"><div class=\"wpb_column vc_column_container vc_col-sm-12\"><div class=\"vc_column-inner\"><div class=\"wpb_wrapper\">\n\t<div class=\"wpb_text_column wpb_content_element\" >\n\t\t<div class=\"wpb_wrapper\">\n\t\t\t<h2>ARCHAEOLOGICAL SITES OF SANTA MARGARIDA<\/h2>\n\n\t\t<\/div>\n\t<\/div>\n\n\t<div  class=\"wpb_single_image wpb_content_element vc_align_left\">\n\t\t\n\t\t<figure class=\"wpb_wrapper vc_figure\">\n\t\t\t<div class=\"vc_single_image-wrapper   vc_box_border_grey\"><img loading=\"lazy\" decoding=\"async\" width=\"1172\" height=\"249\" src=\"https:\/\/turisme.martorell.cat\/wp-content\/uploads\/2021\/11\/capc_sta_margarida.jpg\" class=\"vc_single_image-img attachment-full\" alt=\"Archaeological sites of Santa Margarida\" srcset=\"https:\/\/turisme.martorell.cat\/wp-content\/uploads\/2021\/11\/capc_sta_margarida.jpg 1172w, https:\/\/turisme.martorell.cat\/wp-content\/uploads\/2021\/11\/capc_sta_margarida-300x64.jpg 300w, https:\/\/turisme.martorell.cat\/wp-content\/uploads\/2021\/11\/capc_sta_margarida-1024x218.jpg 1024w, https:\/\/turisme.martorell.cat\/wp-content\/uploads\/2021\/11\/capc_sta_margarida-768x163.jpg 768w\" sizes=\"auto, (max-width: 1172px) 100vw, 1172px\" \/><\/div>\n\t\t<\/figure>\n\t<\/div>\n\n\t<div class=\"wpb_text_column wpb_content_element\" >\n\t\t<div class=\"wpb_wrapper\">\n\t\t\t<div align=\"justify\">\n<p data-start=\"137\" data-end=\"821\" class=\"translation-block\">Located in the Anoia plain, we find the <strong>archaeological sites of<\/strong> <strong>Santa Margarida<\/strong>, organized around a late 12th-century Romanesque church and a 16th-century farmhouse. The land it occupies, together with that of the former monastery of <a href=\"https:\/\/turisme.martorell.cat\/en\/itinerary-through-la-vila\/\" target=\"_self\">Sant Gen\u00eds de Rocafort<\/a>, was ceded to the municipality by its owner, Pau Sendr\u00f3s, in 1967, with the aim of dedicating the site to archaeological research. This research began in 1972 under the guidance of the <a href=\"https:\/\/cemartorellencs.com\/\" target=\"_blank\" rel=\"noopener\">Martorell Studies Centre<\/a>. Since 1981, the research project has been integrated into the research program of the Department of Prehistory, Ancient History, and Archaeology at the University of Barcelona.<\/p>\n<p data-start=\"823\" data-end=\"1516\">The archaeological sites of Santa Margarida present an extensive and continuous historical sequence, still under study, spanning from the 5th century to the present day. The elements that make up the site are: a Romanesque church from the late 12th century, built over the remains of a 5th-century paleochristian church; a necropolis with remains from the 5th to the 18th century; a set of silos located inside and outside the church, built in the first half of the 11th century; a set of structures associated with the church, serving funerary, religious, or habitation purposes; and a 17th-century farmhouse, built over a 16th-century structure with traces from the 14th century.<\/p>\n<p data-start=\"1518\" data-end=\"1597\">Inside the farmhouse, visitors can see the monographic exhibition of the site.<\/p>\n<\/div>\n\n\t\t<\/div>\n\t<\/div>\n<\/div><\/div><\/div><\/div><div class=\"vc_row-full-width vc_clearfix\"><\/div>","protected":false},"excerpt":{"rendered":"JACIMENTS ARQUEOL\u00d2GICS DE SANTA MARGARIDA Situat a la plana de l'Anoia, trobem els jaciments arqueol\u00f2gics de Santa Margarida, que s'articulen al voltant d'una esgl\u00e9sia rom\u00e0nica de finals del segle XII i d'una masia del segle XVI. Els terrenys que ocupa, juntament amb els de l'antic monestir de Sant Gen\u00eds de Rocafort, van ser cedits al [...]","protected":false},"author":1,"featured_media":1365,"parent":0,"menu_order":0,"comment_status":"closed","ping_status":"closed","template":"fullwidth-page.php","meta":{"_acf_changed":false,"footnotes":""},"class_list":["post-1285","page","type-page","status-publish","has-post-thumbnail","hentry"],"acf":[],"_links":{"self":[{"href":"https:\/\/turisme.martorell.cat\/en\/wp-json\/wp\/v2\/pages\/1285","targetHints":{"allow":["GET"]}}],"collection":[{"href":"https:\/\/turisme.martorell.cat\/en\/wp-json\/wp\/v2\/pages"}],"about":[{"href":"https:\/\/turisme.martorell.cat\/en\/wp-json\/wp\/v2\/types\/page"}],"author":[{"embeddable":true,"href":"https:\/\/turisme.martorell.cat\/en\/wp-json\/wp\/v2\/users\/1"}],"replies":[{"embeddable":true,"href":"https:\/\/turisme.martorell.cat\/en\/wp-json\/wp\/v2\/comments?post=1285"}],"version-history":[{"count":9,"href":"https:\/\/turisme.martorell.cat\/en\/wp-json\/wp\/v2\/pages\/1285\/revisions"}],"predecessor-version":[{"id":1547,"href":"https:\/\/turisme.martorell.cat\/en\/wp-json\/wp\/v2\/pages\/1285\/revisions\/1547"}],"wp:featuredmedia":[{"embeddable":true,"href":"https:\/\/turisme.martorell.cat\/en\/wp-json\/wp\/v2\/media\/1365"}],"wp:attachment":[{"href":"https:\/\/turisme.martorell.cat\/en\/wp-json\/wp\/v2\/media?parent=1285"}],"curies":[{"name":"wp","href":"https:\/\/api.w.org\/{rel}","templated":true}]}}