{"id":1349,"date":"2021-11-04T10:29:56","date_gmt":"2021-11-04T10:29:56","guid":{"rendered":"https:\/\/turisme.martorell.cat\/?page_id=1349"},"modified":"2025-11-05T11:57:49","modified_gmt":"2025-11-05T11:57:49","slug":"llobregat-junction","status":"publish","type":"page","link":"https:\/\/turisme.martorell.cat\/en\/nus-del-llobregat\/","title":{"rendered":"Llobregat Junction"},"content":{"rendered":"<div data-vc-full-width=\"true\" data-vc-full-width-init=\"false\" class=\"vc_row wpb_row vc_row-fluid\"><div class=\"wpb_column vc_column_container vc_col-sm-12\"><div class=\"vc_column-inner\"><div class=\"wpb_wrapper\">\n\t<div class=\"wpb_text_column wpb_content_element\" >\n\t\t<div class=\"wpb_wrapper\">\n\t\t\t<h2><span style=\"font-size: 24pt;\">THE LLOBREGAT HUB<\/span><\/h2>\n\n\t\t<\/div>\n\t<\/div>\n\n\t<div  class=\"wpb_single_image wpb_content_element vc_align_left\">\n\t\t\n\t\t<figure class=\"wpb_wrapper vc_figure\">\n\t\t\t<div class=\"vc_single_image-wrapper   vc_box_border_grey\"><img loading=\"lazy\" decoding=\"async\" width=\"1172\" height=\"249\" src=\"https:\/\/turisme.martorell.cat\/wp-content\/uploads\/2021\/11\/capc_nus.jpg\" class=\"vc_single_image-img attachment-full\" alt=\"Llobregat Junction\" srcset=\"https:\/\/turisme.martorell.cat\/wp-content\/uploads\/2021\/11\/capc_nus.jpg 1172w, https:\/\/turisme.martorell.cat\/wp-content\/uploads\/2021\/11\/capc_nus-300x64.jpg 300w, https:\/\/turisme.martorell.cat\/wp-content\/uploads\/2021\/11\/capc_nus-1024x218.jpg 1024w, https:\/\/turisme.martorell.cat\/wp-content\/uploads\/2021\/11\/capc_nus-768x163.jpg 768w\" sizes=\"auto, (max-width: 1172px) 100vw, 1172px\" \/><\/div>\n\t\t<\/figure>\n\t<\/div>\n\n\t<div class=\"wpb_text_column wpb_content_element\" >\n\t\t<div class=\"wpb_wrapper\">\n\t\t\t<div align=\"justify\">\n<p class=\"translation-block\">Martorell is a municipality located in the Baix Llobregat region, at the beginning of the northern area of the comarca, also known as the Montserrat\u00ed, at the confluence of the Anoia River with the Llobregat, right at <strong data-start=\"416\" data-end=\"437\">Llobregat Junction<\/strong>, where the river narrows, passing through the small gorge formed by the last foothills of the Ordal Mountains and the hill of Les Forques. This area also marks the boundary with Vall\u00e8s Occidental.<\/p>\n<p class=\"translation-block\">The area mainly covers part of the Llobregat river plain and part of the Anoia, highly urbanized and industrialized zones, and rises slightly to the south along the foothills of the <a href=\"https:\/\/ca.wikipedia.org\/wiki\/Muntanyes_dOrdal\" target=\"_blank\" rel=\"noopener\">Ordal Mountains<\/a>, up to the ridge of the Ataix range, where the remains of Rosanes and Rocafort castles are found.<\/p>\n<p data-start=\"989\" data-end=\"1796\">The historic center of the town of Martorell is located almost at the southern end of the municipality, stretched between the Anoia River and the Torretes hills, reaching the confluence with the Llobregat, near the well-known Devil\u2019s Bridge, and has been an almost obligatory passage since ancient times between Barcelona and parts of northern, southern, and western Catalonia.<\/p>\n<p data-start=\"989\" data-end=\"1796\">Being part of the Llobregat Hub, it still serves today as an important passage for the country\u2019s main transport routes, which has facilitated a significant population growth, with a whole new area on the other side of the Anoia River, especially developed during the second half of the 20th century. Between the historic center and the modern part, Martorell currently has over 28,772 inhabitants (2020), quadrupling its population since the mid-20th century.<\/p>\n<p data-start=\"1798\" data-end=\"2274\">Part of the municipality has over the years shifted from being mainly devoted to agricultural activity, especially vineyards and irrigated land, where some small patches still remain, to being occupied by the area\u2019s strong industry. In the southern part of the municipality, we find slopes of pine forests and heath replacing the former holm oak groves, where in some corners of the north-facing streams, small patches of oaks and deciduous trees, such as elm and carob, can still be found.<\/p>\n<p class=\"translation-block\">The main festive events of Martorell are the <span style=\"color: #000000\"><a style=\"color: #000000\" href=\"https:\/\/turisme.martorell.cat\/en\/the-tres-tombs\/\" target=\"_self\"><strong>Tres Tombs<\/strong><\/a>, normally celebrated on the first Sunday after Epiphany; the <a style=\"color: #000000\" href=\"https:\/\/turisme.martorell.cat\/en\/ball-quadrilla\/\" target=\"_self\"><strong>Ball of the Quadrilla<\/strong><\/a>, around Carnival; the <strong>Caramelles<\/strong>, at Easter; <strong>Sant Jordi<\/strong>, around April 23; the <a style=\"color: #000000\" href=\"https:\/\/turisme.martorell.cat\/en\/spring-fair\/\" rel=\"nofollow\" target=\"_self\"><strong>Spring Fair<\/strong><\/a>, the last weekend of April, celebrated since 1422; the <a style=\"color: #000000\" href=\"https:\/\/turisme.martorell.cat\/en\/pas-pont-a-les-arts-sonores\/\" target=\"_self\"><strong>PAS, Bridge to the Sound Arts<\/strong><\/a>, in summer; the <strong>Main Festival<\/strong>, in mid-August; the <a style=\"color: #000000\" href=\"https:\/\/turisme.martorell.cat\/en\/roser-festival-vimart\/\" target=\"_self\"><strong>Roser Festival<\/strong><\/a> or Most Festival, the first weekend of October; the <strong>Santa Ll\u00facia Fair, <\/strong>the <a style=\"color: #000000\" href=\"https:\/\/turisme.martorell.cat\/en\/the-magic-of-christmas\/\" target=\"_self\"><strong>Christmas Magic <\/strong><\/a>and the <a style=\"color: #000000\" href=\"https:\/\/turisme.martorell.cat\/en\/cavalcada-de-reis\/\" target=\"_self\"><strong>Three Kings Parade<\/strong><\/a>,<\/span> during the Christmas season.<\/p>\n<\/div>\n\n\t\t<\/div>\n\t<\/div>\n<\/div><\/div><\/div><\/div><div class=\"vc_row-full-width vc_clearfix\"><\/div>","protected":false},"excerpt":{"rendered":"EL NUS DEL LLOBREGAT Martorell \u00e9s un municipi situat a la comarca del Baix Llobregat, al comen\u00e7ament de la zona nord de la comarca, tamb\u00e9 coneguda com el Montserrat\u00ed, a la conflu\u00e8ncia de l\u2019aiguabarreig del riu Anoia amb el Llobregat, just al Nus del Llobregat, on aquest \u00faltim s\u2019estreny superant el petit congost que formen [...]","protected":false},"author":2,"featured_media":1373,"parent":0,"menu_order":0,"comment_status":"closed","ping_status":"closed","template":"fullwidth-page.php","meta":{"_acf_changed":false,"footnotes":""},"class_list":["post-1349","page","type-page","status-publish","has-post-thumbnail","hentry"],"acf":[],"_links":{"self":[{"href":"https:\/\/turisme.martorell.cat\/en\/wp-json\/wp\/v2\/pages\/1349","targetHints":{"allow":["GET"]}}],"collection":[{"href":"https:\/\/turisme.martorell.cat\/en\/wp-json\/wp\/v2\/pages"}],"about":[{"href":"https:\/\/turisme.martorell.cat\/en\/wp-json\/wp\/v2\/types\/page"}],"author":[{"embeddable":true,"href":"https:\/\/turisme.martorell.cat\/en\/wp-json\/wp\/v2\/users\/2"}],"replies":[{"embeddable":true,"href":"https:\/\/turisme.martorell.cat\/en\/wp-json\/wp\/v2\/comments?post=1349"}],"version-history":[{"count":10,"href":"https:\/\/turisme.martorell.cat\/en\/wp-json\/wp\/v2\/pages\/1349\/revisions"}],"predecessor-version":[{"id":1544,"href":"https:\/\/turisme.martorell.cat\/en\/wp-json\/wp\/v2\/pages\/1349\/revisions\/1544"}],"wp:featuredmedia":[{"embeddable":true,"href":"https:\/\/turisme.martorell.cat\/en\/wp-json\/wp\/v2\/media\/1373"}],"wp:attachment":[{"href":"https:\/\/turisme.martorell.cat\/en\/wp-json\/wp\/v2\/media?parent=1349"}],"curies":[{"name":"wp","href":"https:\/\/api.w.org\/{rel}","templated":true}]}}