{"id":1424,"date":"2024-11-09T08:27:08","date_gmt":"2024-11-09T08:27:08","guid":{"rendered":"https:\/\/turisme.martorell.cat\/?page_id=1424"},"modified":"2025-11-05T13:19:08","modified_gmt":"2025-11-05T13:19:08","slug":"fgc-metric-gauge","status":"publish","type":"page","link":"https:\/\/turisme.martorell.cat\/en\/via-metrica-fgc\/","title":{"rendered":"FGC Narrow-Gauge Railway"},"content":{"rendered":"<div data-vc-full-width=\"true\" data-vc-full-width-init=\"false\" class=\"vc_row wpb_row vc_row-fluid\"><div class=\"wpb_column vc_column_container vc_col-sm-12\"><div class=\"vc_column-inner\"><div class=\"wpb_wrapper\">\n\t<div class=\"wpb_text_column wpb_content_element\" >\n\t\t<div class=\"wpb_wrapper\">\n\t\t\t<h2><span style=\"font-size: 24pt;\">FGC METRIC GAUGE<\/span><\/h2>\n\n\t\t<\/div>\n\t<\/div>\n\n\t<div  class=\"wpb_single_image wpb_content_element vc_align_center\">\n\t\t\n\t\t<figure class=\"wpb_wrapper vc_figure\">\n\t\t\t<div class=\"vc_single_image-wrapper   vc_box_border_grey\"><img loading=\"lazy\" decoding=\"async\" width=\"584\" height=\"360\" src=\"https:\/\/turisme.martorell.cat\/wp-content\/uploads\/2024\/11\/via-metrica-fgc.jpg\" class=\"vc_single_image-img attachment-full\" alt=\"FGC Narrow-Gauge Railway\" srcset=\"https:\/\/turisme.martorell.cat\/wp-content\/uploads\/2024\/11\/via-metrica-fgc.jpg 584w, https:\/\/turisme.martorell.cat\/wp-content\/uploads\/2024\/11\/via-metrica-fgc-300x185.jpg 300w\" sizes=\"auto, (max-width: 584px) 100vw, 584px\" \/><\/div>\n\t\t<\/figure>\n\t<\/div>\n\n\t<div class=\"wpb_text_column wpb_content_element\" >\n\t\t<div class=\"wpb_wrapper\">\n\t\t\t<div align=\"justify\">\n<div style=\"text-align: justify;\">\n<p class=\"translation-block\">The <strong>FGC Metric Gauge Space<\/strong> is a museum focused on the history of the railway network now known as the Llobregat-Anoia Line. This museum is located near the Martorell-Central stations of Ferrocarrils de la Generalitat de Catalunya and ADIF, and displays an extensive collection of historic vehicles that were previously scattered across various storage locations.<\/p>\n<p>&nbsp;<\/p>\n<\/div>\n<div style=\"text-align: justify;\">\n<p>Throughout the scheduled visit route, groups will be guided and receive explanations from specialized staff of Ferrocarrils de la Generalitat de Catalunya (FGC). The visitable space includes historical pieces belonging to the company, explanatory panels detailing the origin of the displayed items, commemorative booklets, and a permanent FGC exhibition. Access to the facility is adapted for strollers and people with reduced mobility, and it has restrooms, security service, and free parking.<\/p>\n<p>&nbsp;<\/p>\n<\/div>\n<div style=\"text-align: justify;\">\n<p class=\"translation-block\">The vehicles preserved there are catalogued as historic heritage and have been restored by Ferrocarrils. The FGC Metric Gauge Space can be visited for free with prior reservation. Bookings can be made via the FGC Heritage website: <u><a id=\"OWA978db4a1-3c47-8321-dc09-25981e801021\" class=\"x_OWAAutoLink\" href=\"https:\/\/www.fgc.cat\/patrimoni-fgc\/\" data-auth=\"NotApplicable\" target=\"_blank\" rel=\"noopener\">https:\/\/www.fgc.cat\/patrimoni-fgc\/\n<\/a><\/u><\/p>\n<p>&nbsp;<\/p>\n<\/div>\n<div style=\"text-align: justify;\"><\/div>\n<div style=\"text-align: justify;\">Contact<\/div>\n<div style=\"text-align: justify;\"><a href=\"mailto:espaiviametrica@fgc.cat\">espaiviametrica@fgc.cat<\/a><\/div>\n<div><\/div>\n<div><\/div>\n<div style=\"text-align: justify;\"><u><a id=\"OWA52dc1a84-c77e-9067-9170-26ae131744c7\" class=\"x_OWAAutoLink\" href=\"https:\/\/www.fgc.cat\/patrimoni-fgc\/%C2%A0\" data-auth=\"NotApplicable\" target=\"_blank\" rel=\"noopener\">https:\/\/www.fgc.cat\/patrimoni-fgc\/\u00a0<\/a><\/u><\/div>\n<div style=\"text-align: justify;\">C\/ Montserrat, 90B<br \/>\n08760\u00a0Martorell\u00a0Barcelona<\/div>\n<\/div>\n\n\t\t<\/div>\n\t<\/div>\n<\/div><\/div><\/div><\/div><div class=\"vc_row-full-width vc_clearfix\"><\/div>","protected":false},"excerpt":{"rendered":"VIA M\u00c8TRICA FGC L\u2019Espai de la Via M\u00e8trica FGC \u00e9s un museu que se centra en la hist\u00f2ria de la xarxa ferrovi\u00e0ria coneguda avui com la L\u00ednia Llobregat-Anoia. Aquest museu est\u00e0 situat en les proximitats de les estacions Martorell-Central de Ferrocarrils de la Generalitat de Catalunya i Martorell-Central d\u2019ADIF i exposa una extensa col\u00b7lecci\u00f3 de [...]","protected":false},"author":2,"featured_media":1425,"parent":0,"menu_order":0,"comment_status":"closed","ping_status":"closed","template":"fullwidth-page.php","meta":{"_acf_changed":false,"footnotes":""},"class_list":["post-1424","page","type-page","status-publish","has-post-thumbnail","hentry"],"acf":[],"_links":{"self":[{"href":"https:\/\/turisme.martorell.cat\/en\/wp-json\/wp\/v2\/pages\/1424","targetHints":{"allow":["GET"]}}],"collection":[{"href":"https:\/\/turisme.martorell.cat\/en\/wp-json\/wp\/v2\/pages"}],"about":[{"href":"https:\/\/turisme.martorell.cat\/en\/wp-json\/wp\/v2\/types\/page"}],"author":[{"embeddable":true,"href":"https:\/\/turisme.martorell.cat\/en\/wp-json\/wp\/v2\/users\/2"}],"replies":[{"embeddable":true,"href":"https:\/\/turisme.martorell.cat\/en\/wp-json\/wp\/v2\/comments?post=1424"}],"version-history":[{"count":8,"href":"https:\/\/turisme.martorell.cat\/en\/wp-json\/wp\/v2\/pages\/1424\/revisions"}],"predecessor-version":[{"id":1487,"href":"https:\/\/turisme.martorell.cat\/en\/wp-json\/wp\/v2\/pages\/1424\/revisions\/1487"}],"wp:featuredmedia":[{"embeddable":true,"href":"https:\/\/turisme.martorell.cat\/en\/wp-json\/wp\/v2\/media\/1425"}],"wp:attachment":[{"href":"https:\/\/turisme.martorell.cat\/en\/wp-json\/wp\/v2\/media?parent=1424"}],"curies":[{"name":"wp","href":"https:\/\/api.w.org\/{rel}","templated":true}]}}