{"id":1078,"date":"2021-09-16T07:22:21","date_gmt":"2021-09-16T07:22:21","guid":{"rendered":"https:\/\/turisme.martorell.cat\/?page_id=1078"},"modified":"2025-11-05T13:46:58","modified_gmt":"2025-11-05T13:46:58","slug":"camino-de-santiago","status":"publish","type":"page","link":"https:\/\/turisme.martorell.cat\/es\/cami-de-sant-jaume\/","title":{"rendered":"Camino de Santiago"},"content":{"rendered":"<div class=\"vc_row wpb_row vc_row-fluid\"><div class=\"wpb_column vc_column_container vc_col-sm-12\"><div class=\"vc_column-inner\"><div class=\"wpb_wrapper\">\n\t<div class=\"wpb_text_column wpb_content_element \" >\n\t\t<div class=\"wpb_wrapper\">\n\t\t\t<h2><span style=\"font-size: 24pt;\">CAM\u00cd DE SANT JAUME<\/span><\/h2>\n\n\t\t<\/div>\n\t<\/div>\n\n\t<div  class=\"wpb_single_image wpb_content_element vc_align_left\">\n\t\t\n\t\t<figure class=\"wpb_wrapper vc_figure\">\n\t\t\t<div class=\"vc_single_image-wrapper   vc_box_border_grey\"><img loading=\"lazy\" decoding=\"async\" width=\"1172\" height=\"249\" src=\"https:\/\/turisme.martorell.cat\/wp-content\/uploads\/2021\/09\/capc_stjaume.jpg\" class=\"vc_single_image-img attachment-full\" alt=\"Cam\u00ed de Sant Jaume per Martorell\" srcset=\"https:\/\/turisme.martorell.cat\/wp-content\/uploads\/2021\/09\/capc_stjaume.jpg 1172w, https:\/\/turisme.martorell.cat\/wp-content\/uploads\/2021\/09\/capc_stjaume-300x64.jpg 300w, https:\/\/turisme.martorell.cat\/wp-content\/uploads\/2021\/09\/capc_stjaume-1024x218.jpg 1024w, https:\/\/turisme.martorell.cat\/wp-content\/uploads\/2021\/09\/capc_stjaume-768x163.jpg 768w\" sizes=\"auto, (max-width: 1172px) 100vw, 1172px\" \/><\/div>\n\t\t<\/figure>\n\t<\/div>\n\n\t<div class=\"wpb_text_column wpb_content_element \" >\n\t\t<div class=\"wpb_wrapper\">\n\t\t\t<h3><strong>TRAM MARTORELL-MONTSERRAT<\/strong><\/h3>\n\n\t\t<\/div>\n\t<\/div>\n\n\t<div class=\"wpb_text_column wpb_content_element \" >\n\t\t<div class=\"wpb_wrapper\">\n\t\t\t<div style=\"text-align: justify;\" align=\"justify\">\n<p>El cam\u00ed de Sant Jaume que passa per Martorell, t\u00e9 el seu inici al Pont del Diable, amb una longitud de 22,9 km de cam\u00ed urb\u00e0 i natural. Travessa les poblacions de Martorell, Abrera, Esparreguera, Collbat\u00f3 fins arribar a Montserrat. S\u00f3n nombrosos els llocs d\u2019inter\u00e8s cultural, hist\u00f2ric i monumental que trobem al llarg del cam\u00ed. L\u2019itinerari est\u00e0 senyalitzat amb rajoles amb el s\u00edmbol de la petxina, considerada la ins\u00edgnia de Sant Jaume.<\/p>\n<p>Durada aproximada del recorregut: 7 hores.<\/p>\n<p>Amb <a href=\"http:\/\/www.fgc.cat\/cat\/index.asp\" target=\"_blank\" rel=\"noopener\">FGC<\/a> des de l\u2019estaci\u00f3 de Martorell Vila s\u2019inicia el recorregut. Podeu arribar directament amb ferrocarrils viatjant amb les l\u00ednies Barcelona- Igualada i Barcelona -Manresa.<\/p>\n<\/div>\n\n\t\t<\/div>\n\t<\/div>\n\n\t<div  class=\"wpb_single_image wpb_content_element vc_align_left\">\n\t\t\n\t\t<figure class=\"wpb_wrapper vc_figure\">\n\t\t\t<a data-rel=\"prettyPhoto[rel-1078-2964811922]\" href=\"https:\/\/turisme.martorell.cat\/wp-content\/uploads\/2021\/09\/image005.jpg\" target=\"_self\" class=\"vc_single_image-wrapper   vc_box_border_grey prettyphoto\"><img loading=\"lazy\" decoding=\"async\" width=\"747\" height=\"609\" src=\"https:\/\/turisme.martorell.cat\/wp-content\/uploads\/2021\/09\/image005.jpg\" class=\"vc_single_image-img attachment-large\" alt=\"\" srcset=\"https:\/\/turisme.martorell.cat\/wp-content\/uploads\/2021\/09\/image005.jpg 747w, https:\/\/turisme.martorell.cat\/wp-content\/uploads\/2021\/09\/image005-300x245.jpg 300w\" sizes=\"auto, (max-width: 747px) 100vw, 747px\" \/><\/a>\n\t\t<\/figure>\n\t<\/div>\n<\/div><\/div><\/div><\/div><div class=\"vc_row wpb_row vc_row-fluid\"><div class=\"wpb_column vc_column_container vc_col-sm-12\"><div class=\"vc_column-inner\"><div class=\"wpb_wrapper\">\n\t<div class=\"wpb_text_column wpb_content_element  vc_custom_1635949290306\" >\n\t\t<div class=\"wpb_wrapper\">\n\t\t\t<div class=\"linksPostVB metasVBPosts\">\n<ul>\n<li><a href=\"https:\/\/turisme.martorell.cat\/wp-content\/uploads\/2021\/09\/Cami-de-Sant-Jaume-Martorell-Montserrat.pdf\" target=\"_blank\" rel=\"nofollow noopener\"><i class=\"fa fa-file-pdf-o\"><\/i><strong>Cam\u00ed de Sant Jaume &#8211; Martorell &#8211; Montserrat<\/strong><\/a><\/li>\n<li><a href=\"https:\/\/turisme.martorell.cat\/wp-content\/uploads\/2021\/09\/Cami-de-Sant-Jaume-Barcelona-Martorell.pdf\" target=\"_blank\" rel=\"nofollow noopener\"><i class=\"fa fa-file-pdf-o\"><\/i><strong>Cam\u00ed de Sant Jaume &#8211; Barcelona &#8211; Martorell<\/strong><\/a><\/li>\n<li><a href=\"http:\/\/www.camidesantjaume.cat\/\" target=\"_blank\" rel=\"nofollow noopener\"><i class=\"fa fa-link\"><\/i><strong>Web del cam\u00ed de Sant Jaume<\/strong><\/a><\/li>\n<li><a href=\"http:\/\/www.gencat.cat\/diue\/doc\/doc_13378668_1.pdf\" target=\"_blank\" rel=\"nofollow noopener\"><i class=\"fa fa-file-pdf-o\"><\/i><strong>Cam\u00ed de Sant Jaume<\/strong><\/a><\/li>\n<\/ul>\n<\/div>\n\n\t\t<\/div>\n\t<\/div>\n<\/div><\/div><\/div><\/div>\n","protected":false},"excerpt":{"rendered":"CAM\u00cd DE SANT JAUME TRAM MARTORELL-MONTSERRAT El cam\u00ed de Sant Jaume que passa per Martorell, t\u00e9 el seu inici al Pont del Diable, amb una longitud de 22,9 km de cam\u00ed urb\u00e0 i natural. Travessa les poblacions de Martorell, Abrera, Esparreguera, Collbat\u00f3 fins arribar a Montserrat. S\u00f3n nombrosos els llocs d\u2019inter\u00e8s cultural, hist\u00f2ric i monumental [...]","protected":false},"author":1,"featured_media":1080,"parent":0,"menu_order":0,"comment_status":"closed","ping_status":"closed","template":"fullwidth-page.php","meta":{"_acf_changed":false,"footnotes":""},"class_list":["post-1078","page","type-page","status-publish","has-post-thumbnail","hentry"],"acf":[],"_links":{"self":[{"href":"https:\/\/turisme.martorell.cat\/es\/wp-json\/wp\/v2\/pages\/1078","targetHints":{"allow":["GET"]}}],"collection":[{"href":"https:\/\/turisme.martorell.cat\/es\/wp-json\/wp\/v2\/pages"}],"about":[{"href":"https:\/\/turisme.martorell.cat\/es\/wp-json\/wp\/v2\/types\/page"}],"author":[{"embeddable":true,"href":"https:\/\/turisme.martorell.cat\/es\/wp-json\/wp\/v2\/users\/1"}],"replies":[{"embeddable":true,"href":"https:\/\/turisme.martorell.cat\/es\/wp-json\/wp\/v2\/comments?post=1078"}],"version-history":[{"count":10,"href":"https:\/\/turisme.martorell.cat\/es\/wp-json\/wp\/v2\/pages\/1078\/revisions"}],"predecessor-version":[{"id":1556,"href":"https:\/\/turisme.martorell.cat\/es\/wp-json\/wp\/v2\/pages\/1078\/revisions\/1556"}],"wp:featuredmedia":[{"embeddable":true,"href":"https:\/\/turisme.martorell.cat\/es\/wp-json\/wp\/v2\/media\/1080"}],"wp:attachment":[{"href":"https:\/\/turisme.martorell.cat\/es\/wp-json\/wp\/v2\/media?parent=1078"}],"curies":[{"name":"wp","href":"https:\/\/api.w.org\/{rel}","templated":true}]}}