{"id":1285,"date":"2021-09-20T07:39:04","date_gmt":"2021-09-20T07:39:04","guid":{"rendered":"https:\/\/turisme.martorell.cat\/?page_id=1285"},"modified":"2025-11-05T12:44:53","modified_gmt":"2025-11-05T12:44:53","slug":"yacimientos-arqueologicos-de-santa-margarida","status":"publish","type":"page","link":"https:\/\/turisme.martorell.cat\/es\/jaciments-arqueologics-de-santa-margarida\/","title":{"rendered":"Yacimientos Arqueol\u00f3gicos de Santa Margarida"},"content":{"rendered":"<div data-vc-full-width=\"true\" data-vc-full-width-init=\"false\" class=\"vc_row wpb_row vc_row-fluid\"><div class=\"wpb_column vc_column_container vc_col-sm-12\"><div class=\"vc_column-inner\"><div class=\"wpb_wrapper\">\n\t<div class=\"wpb_text_column wpb_content_element\" >\n\t\t<div class=\"wpb_wrapper\">\n\t\t\t<h2>YACIMIENTOS ARQUEOL\u00d3GICOS DE SANTA MARGARIDA<\/h2>\n\n\t\t<\/div>\n\t<\/div>\n\n\t<div  class=\"wpb_single_image wpb_content_element vc_align_left\">\n\t\t\n\t\t<figure class=\"wpb_wrapper vc_figure\">\n\t\t\t<div class=\"vc_single_image-wrapper   vc_box_border_grey\"><img loading=\"lazy\" decoding=\"async\" width=\"1172\" height=\"249\" src=\"https:\/\/turisme.martorell.cat\/wp-content\/uploads\/2021\/11\/capc_sta_margarida.jpg\" class=\"vc_single_image-img attachment-full\" alt=\"Yacimientos arqueol\u00f3gicos de Santa Margarida\" srcset=\"https:\/\/turisme.martorell.cat\/wp-content\/uploads\/2021\/11\/capc_sta_margarida.jpg 1172w, https:\/\/turisme.martorell.cat\/wp-content\/uploads\/2021\/11\/capc_sta_margarida-300x64.jpg 300w, https:\/\/turisme.martorell.cat\/wp-content\/uploads\/2021\/11\/capc_sta_margarida-1024x218.jpg 1024w, https:\/\/turisme.martorell.cat\/wp-content\/uploads\/2021\/11\/capc_sta_margarida-768x163.jpg 768w\" sizes=\"auto, (max-width: 1172px) 100vw, 1172px\" \/><\/div>\n\t\t<\/figure>\n\t<\/div>\n\n\t<div class=\"wpb_text_column wpb_content_element\" >\n\t\t<div class=\"wpb_wrapper\">\n\t\t\t<div align=\"justify\">\n<p data-start=\"137\" data-end=\"821\" class=\"translation-block\">Situados en la llanura de la Anoia, encontramos los <strong>yacimientos arqueol\u00f3gicos de<\/strong> <strong>Santa Margarida<\/strong>, que se articulan alrededor de una iglesia rom\u00e1nica de finales del siglo XII y una mas\u00eda del siglo XVI. Los terrenos que ocupa, junto con los del antiguo monasterio de <a href=\"https:\/\/turisme.martorell.cat\/es\/itinerario-por-la-vila\/\" target=\"_self\">Sant Gen\u00eds de Rocafort<\/a>, fueron cedidos al municipio por su propietario, Pau Sendr\u00f3s, en 1967, con la intenci\u00f3n de destinar el lugar a la investigaci\u00f3n arqueol\u00f3gica. Esta investigaci\u00f3n se inici\u00f3 en 1972 de la mano del <a href=\"https:\/\/cemartorellencs.com\/\" target=\"_blank\" rel=\"noopener\">Centro de Estudios Martorellenses<\/a>. Desde 1981, el proyecto de investigaci\u00f3n forma parte del programa de investigaci\u00f3n del Departamento de Prehistoria, Historia Antigua y Arqueolog\u00eda de la Universidad de Barcelona.<\/p>\n<p data-start=\"823\" data-end=\"1516\">Los yacimientos arqueol\u00f3gicos de Santa Margarida presentan una extensa y continua secuencia hist\u00f3rica, a\u00fan en proceso de estudio, que abarca desde el siglo V hasta la actualidad. Los elementos que forman el conjunto son: una iglesia rom\u00e1nica de finales del siglo XII, construida sobre los restos de una iglesia paleocristiana del siglo V; una necr\u00f3polis, con restos que van del siglo V al siglo XVIII; un conjunto de silos localizados dentro y fuera de la iglesia, construidos en la primera mitad del siglo XI; un conjunto de estructuras asociadas a la iglesia, con funciones funerarias, religiosas o de h\u00e1bitat; y una mas\u00eda del siglo XVII, construida sobre una estructura del siglo XVI y con testimonios del siglo XIV.<\/p>\n<p data-start=\"1518\" data-end=\"1597\">En el interior de la mas\u00eda se puede visitar la exposici\u00f3n monogr\u00e1fica del yacimiento.<\/p>\n<\/div>\n\n\t\t<\/div>\n\t<\/div>\n<\/div><\/div><\/div><\/div><div class=\"vc_row-full-width vc_clearfix\"><\/div>","protected":false},"excerpt":{"rendered":"JACIMENTS ARQUEOL\u00d2GICS DE SANTA MARGARIDA Situat a la plana de l'Anoia, trobem els jaciments arqueol\u00f2gics de Santa Margarida, que s'articulen al voltant d'una esgl\u00e9sia rom\u00e0nica de finals del segle XII i d'una masia del segle XVI. Els terrenys que ocupa, juntament amb els de l'antic monestir de Sant Gen\u00eds de Rocafort, van ser cedits al [...]","protected":false},"author":1,"featured_media":1365,"parent":0,"menu_order":0,"comment_status":"closed","ping_status":"closed","template":"fullwidth-page.php","meta":{"_acf_changed":false,"footnotes":""},"class_list":["post-1285","page","type-page","status-publish","has-post-thumbnail","hentry"],"acf":[],"_links":{"self":[{"href":"https:\/\/turisme.martorell.cat\/es\/wp-json\/wp\/v2\/pages\/1285","targetHints":{"allow":["GET"]}}],"collection":[{"href":"https:\/\/turisme.martorell.cat\/es\/wp-json\/wp\/v2\/pages"}],"about":[{"href":"https:\/\/turisme.martorell.cat\/es\/wp-json\/wp\/v2\/types\/page"}],"author":[{"embeddable":true,"href":"https:\/\/turisme.martorell.cat\/es\/wp-json\/wp\/v2\/users\/1"}],"replies":[{"embeddable":true,"href":"https:\/\/turisme.martorell.cat\/es\/wp-json\/wp\/v2\/comments?post=1285"}],"version-history":[{"count":9,"href":"https:\/\/turisme.martorell.cat\/es\/wp-json\/wp\/v2\/pages\/1285\/revisions"}],"predecessor-version":[{"id":1547,"href":"https:\/\/turisme.martorell.cat\/es\/wp-json\/wp\/v2\/pages\/1285\/revisions\/1547"}],"wp:featuredmedia":[{"embeddable":true,"href":"https:\/\/turisme.martorell.cat\/es\/wp-json\/wp\/v2\/media\/1365"}],"wp:attachment":[{"href":"https:\/\/turisme.martorell.cat\/es\/wp-json\/wp\/v2\/media?parent=1285"}],"curies":[{"name":"wp","href":"https:\/\/api.w.org\/{rel}","templated":true}]}}