{"id":1334,"date":"2021-11-03T14:25:55","date_gmt":"2021-11-03T14:25:55","guid":{"rendered":"https:\/\/turisme.martorell.cat\/?page_id=1334"},"modified":"2025-11-05T10:34:19","modified_gmt":"2025-11-05T10:34:19","slug":"la-magia-de-la-navidad","status":"publish","type":"page","link":"https:\/\/turisme.martorell.cat\/es\/la-magia-del-nadal\/","title":{"rendered":"La Magia de la Navidad"},"content":{"rendered":"<div class=\"vc_row wpb_row vc_row-fluid\"><div class=\"wpb_column vc_column_container vc_col-sm-12\"><div class=\"vc_column-inner\"><div class=\"wpb_wrapper\">\n\t<div class=\"wpb_text_column wpb_content_element\" >\n\t\t<div class=\"wpb_wrapper\">\n\t\t\t<h2><span style=\"font-size: 24pt;\">LA MAGIA DE LA NAVIDAD<\/span><\/h2>\n\n\t\t<\/div>\n\t<\/div>\n\n\t<div  class=\"wpb_single_image wpb_content_element vc_align_left\">\n\t\t\n\t\t<figure class=\"wpb_wrapper vc_figure\">\n\t\t\t<div class=\"vc_single_image-wrapper   vc_box_border_grey\"><img loading=\"lazy\" decoding=\"async\" width=\"1172\" height=\"249\" src=\"https:\/\/turisme.martorell.cat\/wp-content\/uploads\/2021\/11\/capc_nadal.jpg\" class=\"vc_single_image-img attachment-full\" alt=\"La Magia de la Navidad en Martorell\" srcset=\"https:\/\/turisme.martorell.cat\/wp-content\/uploads\/2021\/11\/capc_nadal.jpg 1172w, https:\/\/turisme.martorell.cat\/wp-content\/uploads\/2021\/11\/capc_nadal-300x64.jpg 300w, https:\/\/turisme.martorell.cat\/wp-content\/uploads\/2021\/11\/capc_nadal-1024x218.jpg 1024w, https:\/\/turisme.martorell.cat\/wp-content\/uploads\/2021\/11\/capc_nadal-768x163.jpg 768w\" sizes=\"auto, (max-width: 1172px) 100vw, 1172px\" \/><\/div>\n\t\t<\/figure>\n\t<\/div>\n\n\t<div class=\"wpb_text_column wpb_content_element\" >\n\t\t<div class=\"wpb_wrapper\">\n\t\t\t<div style=\"text-align: justify;\" align=\"justify\">\n<p data-start=\"215\" data-end=\"762\" class=\"translation-block\">Durante las fiestas de Navidad, el municipio de Martorell programa un amplio abanico de actividades y exposiciones pensadas especialmente para ni\u00f1os y familias, enmarcadas dentro de la iniciativa municipal <strong data-start=\"415\" data-end=\"439\">\u201c<a href=\"https:\/\/martorell.cat\/nadal\" target=\"_blank\" rel=\"noopener\">La Magia de la Navidad<\/a>\u201d<\/strong>.<\/p>\n<p data-start=\"215\" data-end=\"762\" class=\"translation-block\">Entre las propuestas m\u00e1s destacadas se encuentra el tradicional <strong data-start=\"497\" data-end=\"504\">Ti\u00f3<\/strong>, que lleva ilusi\u00f3n y sorpresas a los m\u00e1s peque\u00f1os; talleres creativos de manualidades y decoraci\u00f3n navide\u00f1a; una pista de hielo para disfrutar del deporte al aire libre; y el <strong data-start=\"670\" data-end=\"689\">Mercado de Navidad<\/strong>, con productos artesanos, dulces t\u00edpicos y regalos para todos los gustos.<\/p>\n<p data-start=\"764\" data-end=\"1176\" class=\"translation-block\">Adem\u00e1s, durante estas fechas tambi\u00e9n se pueden encontrar espect\u00e1culos de teatro y m\u00fasica, actividades de cuentacuentos, sesiones de cine familiar y <a href=\"https:\/\/turisme.martorell.cat\/es\/itinerario-de-los-esgrafiados\/\" target=\"_self\">itinerarios tem\u00e1ticos por el centro de la villa<\/a> con luces y decoraci\u00f3n navide\u00f1a. La programaci\u00f3n busca combinar entretenimiento, cultura y tradici\u00f3n, ofreciendo experiencias que fomentan la participaci\u00f3n de toda la familia y crean un ambiente m\u00e1gico caracter\u00edstico de la Navidad en Martorell.<\/p>\n<\/div>\n\n\t\t<\/div>\n\t<\/div>\n\n\t<div class=\"wpb_text_column wpb_content_element\" >\n\t\t<div class=\"wpb_wrapper\">\n\t\t\t<div class=\"linksPostVB metasVBPosts\">\n<ul>\n<li><a href=\"https:\/\/martorelldigital.cat\/rebuda-dels-reis-mags-2021\/\" target=\"_blank\" rel=\"nofollow noopener\"><strong>\u00c1lbum fotogr\u00e1fico Actividades 2020-21<\/strong><\/a><\/li>\n<li><a href=\"https:\/\/martorelldigital.cat\/llums-de-nadal-2020\/\" target=\"_blank\" rel=\"nofollow noopener\"><strong>\u00c1lbum fotogr\u00e1fico \u2018Martorell enciende la Navidad\u2019<\/strong><\/a><\/li>\n<\/ul>\n<\/div>\n\n\t\t<\/div>\n\t<\/div>\n<\/div><\/div><\/div><\/div>","protected":false},"excerpt":{"rendered":"LA M\u00c0GIA DEL NADAL Durant les festes de Nadal, el municipi de Martorell programa un ampli ventall d\u2019activitats i exposicions pensades especialment per als infants i les fam\u00edlies, emmarcades dins la iniciativa municipal \u201cLa M\u00e0gia del Nadal\u201d. Entre les propostes m\u00e9s destacades hi ha el tradicional Ti\u00f3, que porta il\u00b7lusi\u00f3 i sorpreses als m\u00e9s petits; [...]","protected":false},"author":2,"featured_media":1362,"parent":0,"menu_order":0,"comment_status":"closed","ping_status":"closed","template":"fullwidth-page.php","meta":{"_acf_changed":false,"footnotes":""},"class_list":["post-1334","page","type-page","status-publish","has-post-thumbnail","hentry"],"acf":[],"_links":{"self":[{"href":"https:\/\/turisme.martorell.cat\/es\/wp-json\/wp\/v2\/pages\/1334","targetHints":{"allow":["GET"]}}],"collection":[{"href":"https:\/\/turisme.martorell.cat\/es\/wp-json\/wp\/v2\/pages"}],"about":[{"href":"https:\/\/turisme.martorell.cat\/es\/wp-json\/wp\/v2\/types\/page"}],"author":[{"embeddable":true,"href":"https:\/\/turisme.martorell.cat\/es\/wp-json\/wp\/v2\/users\/2"}],"replies":[{"embeddable":true,"href":"https:\/\/turisme.martorell.cat\/es\/wp-json\/wp\/v2\/comments?post=1334"}],"version-history":[{"count":8,"href":"https:\/\/turisme.martorell.cat\/es\/wp-json\/wp\/v2\/pages\/1334\/revisions"}],"predecessor-version":[{"id":1540,"href":"https:\/\/turisme.martorell.cat\/es\/wp-json\/wp\/v2\/pages\/1334\/revisions\/1540"}],"wp:featuredmedia":[{"embeddable":true,"href":"https:\/\/turisme.martorell.cat\/es\/wp-json\/wp\/v2\/media\/1362"}],"wp:attachment":[{"href":"https:\/\/turisme.martorell.cat\/es\/wp-json\/wp\/v2\/media?parent=1334"}],"curies":[{"name":"wp","href":"https:\/\/api.w.org\/{rel}","templated":true}]}}