{"id":1339,"date":"2021-11-03T14:28:59","date_gmt":"2021-11-03T14:28:59","guid":{"rendered":"https:\/\/turisme.martorell.cat\/?page_id=1339"},"modified":"2025-11-05T07:59:33","modified_gmt":"2025-11-05T07:59:33","slug":"corpus-christi","status":"publish","type":"page","link":"https:\/\/turisme.martorell.cat\/es\/corpus\/","title":{"rendered":"Corpus Christi"},"content":{"rendered":"<div class=\"vc_row wpb_row vc_row-fluid\"><div class=\"wpb_column vc_column_container vc_col-sm-12\"><div class=\"vc_column-inner\"><div class=\"wpb_wrapper\">\n\t<div class=\"wpb_text_column wpb_content_element\" >\n\t\t<div class=\"wpb_wrapper\">\n\t\t\t<h2><span style=\"font-size: 24pt;\">CORPUS CHRISTI \u2013 L\u2019ou com balla<\/span><\/h2>\n\n\t\t<\/div>\n\t<\/div>\n\n\t<div  class=\"wpb_single_image wpb_content_element vc_align_left\">\n\t\t\n\t\t<figure class=\"wpb_wrapper vc_figure\">\n\t\t\t<div class=\"vc_single_image-wrapper   vc_box_border_grey\"><img loading=\"lazy\" decoding=\"async\" width=\"1172\" height=\"249\" src=\"https:\/\/turisme.martorell.cat\/wp-content\/uploads\/2021\/11\/capc_corpus.jpg\" class=\"vc_single_image-img attachment-full\" alt=\"Corpus Christi, Ou com balla\" srcset=\"https:\/\/turisme.martorell.cat\/wp-content\/uploads\/2021\/11\/capc_corpus.jpg 1172w, https:\/\/turisme.martorell.cat\/wp-content\/uploads\/2021\/11\/capc_corpus-300x64.jpg 300w, https:\/\/turisme.martorell.cat\/wp-content\/uploads\/2021\/11\/capc_corpus-1024x218.jpg 1024w, https:\/\/turisme.martorell.cat\/wp-content\/uploads\/2021\/11\/capc_corpus-768x163.jpg 768w\" sizes=\"auto, (max-width: 1172px) 100vw, 1172px\" \/><\/div>\n\t\t<\/figure>\n\t<\/div>\n\n\t<div class=\"wpb_text_column wpb_content_element\" >\n\t\t<div class=\"wpb_wrapper\">\n\t\t\t<div style=\"text-align: justify;\" align=\"justify\">\n<p data-start=\"119\" data-end=\"489\" class=\"translation-block\"><strong data-start=\"119\" data-end=\"137\">\u201cL\u2019Ou com Balla\u201d<\/strong> es una tradici\u00f3n que tiene lugar en diversas localidades de Catalu\u00f1a el d\u00eda de <strong>Corpus Christi<\/strong>. Consiste en colocar un huevo vac\u00edo sobre el chorro de agua de un surtidor de una fuente, de manera que gire sin caerse. La fuente se adorna con flores y frutas de temporada, como las cerezas, que a menudo cubren la taza de la fuente, o la retama y los claveles.<\/p>\n<p data-start=\"491\" data-end=\"1185\">La interpretaci\u00f3n m\u00e1s extendida es que el huevo representa la hostia consagrada y el chorro de agua simboliza el c\u00e1liz con la sangre de Cristo, en alusi\u00f3n directa a la festividad cat\u00f3lica del Corpus Christi. El origen de la tradici\u00f3n parece situarse en la Catedral de Barcelona. Una teor\u00eda explica que un fraile dominico la conoci\u00f3 en Italia y, al trasladarse a Barcelona, propuso reproducirla en la Catedral. Seg\u00fan el historiador Ramon Nonat, la primera celebraci\u00f3n documentada es de 1440. Ya en el siglo XVI se tiene constancia de que era una tradici\u00f3n anual, celebrada en la fuente del claustro y organizada por los escolanes, que despu\u00e9s de la larga procesi\u00f3n se com\u00edan el huevo, las cerezas y la fruta de la decoraci\u00f3n.<\/p>\n<p data-start=\"1187\" data-end=\"1578\" class=\"translation-block\">Otras interpretaciones apuntan a una representaci\u00f3n de <a href=\"https:\/\/turisme.martorell.cat\/es\/feria-de-primavera\/\" target=\"_self\">la plenitud de la primavera<\/a>, y tambi\u00e9n hay quien defiende que naci\u00f3 como un entretenimiento para los nobles de la calle Montcada mientras esperaban el paso de la procesi\u00f3n. Con el tiempo, se extendi\u00f3 la creencia de que, si el huevo ca\u00eda, el pron\u00f3stico para el a\u00f1o ser\u00eda malo; en cambio, si se manten\u00eda bailando durante toda la jornada, se auguraba prosperidad.<\/p>\n<p data-start=\"1580\" data-end=\"1716\" class=\"translation-block\">En Martorell, alrededor del d\u00eda de <strong>Corpus Christi<\/strong>, podemos disfrutar de \u201cL\u2019Ou com Balla\u201d en la fuente del jard\u00edn del <a href=\"https:\/\/museus.martorell.cat\" rel=\"nofollow noopener\" target=\"_blank\"><strong>Museo de la Enrajolada<\/strong><\/a>.<\/p>\n<\/div>\n\n\t\t<\/div>\n\t<\/div>\n<\/div><\/div><\/div><\/div>","protected":false},"excerpt":{"rendered":"CORPUS - L'ou com balla L\u2019Ou com Balla \u00e9s una tradici\u00f3 que t\u00e9 lloc en diverses poblacions de Catalunya el dia de Corpus Christi. Consisteix a col\u00b7locar un ou buit sobre el raig d\u2019aigua d\u2019un brollador d\u2019una font, de manera que giravolti sense caure. La font es guarneix amb flors i fruites de temporada, com [...]","protected":false},"author":2,"featured_media":1360,"parent":0,"menu_order":0,"comment_status":"closed","ping_status":"closed","template":"fullwidth-page.php","meta":{"_acf_changed":false,"footnotes":""},"class_list":["post-1339","page","type-page","status-publish","has-post-thumbnail","hentry"],"acf":[],"_links":{"self":[{"href":"https:\/\/turisme.martorell.cat\/es\/wp-json\/wp\/v2\/pages\/1339","targetHints":{"allow":["GET"]}}],"collection":[{"href":"https:\/\/turisme.martorell.cat\/es\/wp-json\/wp\/v2\/pages"}],"about":[{"href":"https:\/\/turisme.martorell.cat\/es\/wp-json\/wp\/v2\/types\/page"}],"author":[{"embeddable":true,"href":"https:\/\/turisme.martorell.cat\/es\/wp-json\/wp\/v2\/users\/2"}],"replies":[{"embeddable":true,"href":"https:\/\/turisme.martorell.cat\/es\/wp-json\/wp\/v2\/comments?post=1339"}],"version-history":[{"count":6,"href":"https:\/\/turisme.martorell.cat\/es\/wp-json\/wp\/v2\/pages\/1339\/revisions"}],"predecessor-version":[{"id":1520,"href":"https:\/\/turisme.martorell.cat\/es\/wp-json\/wp\/v2\/pages\/1339\/revisions\/1520"}],"wp:featuredmedia":[{"embeddable":true,"href":"https:\/\/turisme.martorell.cat\/es\/wp-json\/wp\/v2\/media\/1360"}],"wp:attachment":[{"href":"https:\/\/turisme.martorell.cat\/es\/wp-json\/wp\/v2\/media?parent=1339"}],"curies":[{"name":"wp","href":"https:\/\/api.w.org\/{rel}","templated":true}]}}