{"id":1344,"date":"2021-11-03T14:36:03","date_gmt":"2021-11-03T14:36:03","guid":{"rendered":"https:\/\/turisme.martorell.cat\/?page_id=1344"},"modified":"2025-11-05T13:08:52","modified_gmt":"2025-11-05T13:08:52","slug":"mirador-de-la-torre-griminella-2","status":"publish","type":"page","link":"https:\/\/turisme.martorell.cat\/es\/mirador-de-la-torre-griminella\/","title":{"rendered":"Mirador de la Torre Griminella"},"content":{"rendered":"<div data-vc-full-width=\"true\" data-vc-full-width-init=\"false\" class=\"vc_row wpb_row vc_row-fluid\"><div class=\"wpb_column vc_column_container vc_col-sm-12\"><div class=\"vc_column-inner\"><div class=\"wpb_wrapper\">\n\t<div class=\"wpb_text_column wpb_content_element\" >\n\t\t<div class=\"wpb_wrapper\">\n\t\t\t<h2><span style=\"font-size: 24pt;\">MIRADOR DE LA TORRE GRIMINELLA<\/span><\/h2>\n\n\t\t<\/div>\n\t<\/div>\n\n\t<div  class=\"wpb_single_image wpb_content_element vc_align_left\">\n\t\t\n\t\t<figure class=\"wpb_wrapper vc_figure\">\n\t\t\t<div class=\"vc_single_image-wrapper   vc_box_border_grey\"><img loading=\"lazy\" decoding=\"async\" width=\"1172\" height=\"249\" src=\"https:\/\/turisme.martorell.cat\/wp-content\/uploads\/2025\/11\/Unknown2-e1762348080751.jpeg\" class=\"vc_single_image-img attachment-full\" alt=\"Torre Griminella\" srcset=\"https:\/\/turisme.martorell.cat\/wp-content\/uploads\/2025\/11\/Unknown2-e1762348080751.jpeg 1172w, https:\/\/turisme.martorell.cat\/wp-content\/uploads\/2025\/11\/Unknown2-e1762348080751-300x64.jpeg 300w, https:\/\/turisme.martorell.cat\/wp-content\/uploads\/2025\/11\/Unknown2-e1762348080751-1024x218.jpeg 1024w, https:\/\/turisme.martorell.cat\/wp-content\/uploads\/2025\/11\/Unknown2-e1762348080751-768x163.jpeg 768w, https:\/\/turisme.martorell.cat\/wp-content\/uploads\/2025\/11\/Unknown2-e1762348080751-18x4.jpeg 18w\" sizes=\"auto, (max-width: 1172px) 100vw, 1172px\" \/><\/div>\n\t\t<\/figure>\n\t<\/div>\n\n\t<div class=\"wpb_text_column wpb_content_element\" >\n\t\t<div class=\"wpb_wrapper\">\n\t\t\t<p data-start=\"149\" data-end=\"748\" class=\"translation-block\">En 2021 se habilit\u00f3 el <strong>mirador de la Torre de Griminella<\/strong>, como resultado del convenio de colaboraci\u00f3n entre el <a href=\"https:\/\/www.turismebaixllobregat.com\/\" target=\"_blank\" rel=\"nofollow noopener\">Consorcio de Turismo del Baix Llobregat<\/a> y los ayuntamientos de la zona norte para la implementaci\u00f3n del plan de \u201cDesarrollo econ\u00f3mico y tur\u00edstico de la zona norte del Baix Llobregat\u201d, dentro del proyecto \u201cPlan de fomento tur\u00edstico de las v\u00edas azules en el Baix Llobregat\u201d. Este proyecto tiene como objetivo desarrollar una nueva oferta de senderismo y cicloturismo en el entorno de las V\u00edas Azules, que se convierta en un activo importante para atraer turistas y fomentar el crecimiento econ\u00f3mico de la comarca.<\/p>\n<p data-start=\"750\" data-end=\"1719\" class=\"translation-block\">La torre, de origen romano, probablemente fue construida, junto con la Torreta del Clos, como edificaci\u00f3n de defensa para el control y protecci\u00f3n de la V\u00eda Augusta a su paso por el Congost de Martorell, donde se levant\u00f3 <a href=\"https:\/\/turisme.martorell.cat\/es\/patrimonio-cultural-de-martorell\/\" target=\"_self\">el Pont del Diable<\/a>, y tambi\u00e9n para el control de las minas. La construcci\u00f3n actual es de \u00e9poca medieval.<\/p>\n<p data-start=\"750\" data-end=\"1719\" class=\"translation-block\">Se puede observar un edificio de planta cuadrada, construido con la t\u00e9cnica denominada <strong data-start=\"1154\" data-end=\"1174\">\u201copus quadratum\u201d<\/strong>, levantado con sillares de piedra caliza mezclados con otros de gres rojo. Las piedras est\u00e1n dispuestas en hiladas horizontales, excepto en la altura de los huecos de las troneras, donde se combin\u00f3 la disposici\u00f3n horizontal y vertical para lograr una alineaci\u00f3n regular de las aberturas.<\/p>\n<p data-start=\"750\" data-end=\"1719\">Los alf\u00e9izares se delimitan con losas verticales. Los muros este y oeste se conservan \u00edntegros hasta la altura de la planta baja, mientras que en el centro de los muros norte y sur hay amplios huecos que marcan la posici\u00f3n de la puerta de acceso.<\/p>\n<p data-start=\"1721\" data-end=\"1847\">Desde el mirador de la Torre Griminella se pueden disfrutar de unas vistas privilegiadas sobre Martorell y la parte norte de la comarca, hasta Montserrat.<\/p>\n\n\t\t<\/div>\n\t<\/div>\n<\/div><\/div><\/div><\/div><div class=\"vc_row-full-width vc_clearfix\"><\/div>","protected":false},"excerpt":{"rendered":"MIRADOR DE LA TORRE GRIMINELLA L\u2019any 2021 es va habilitar el mirador de la Torre de Griminella, arran del conveni de col\u00b7laboraci\u00f3 entre el Consorci de Turisme del Baix Llobregat i els ajuntaments de la zona nord per a la implementaci\u00f3 del pla de \u201cDesenvolupament econ\u00f2mic i tur\u00edstic de la zona nord del Baix Llobregat\u201d, [...]","protected":false},"author":2,"featured_media":1422,"parent":0,"menu_order":0,"comment_status":"closed","ping_status":"closed","template":"fullwidth-page.php","meta":{"_acf_changed":false,"footnotes":""},"class_list":["post-1344","page","type-page","status-publish","has-post-thumbnail","hentry"],"acf":[],"_links":{"self":[{"href":"https:\/\/turisme.martorell.cat\/es\/wp-json\/wp\/v2\/pages\/1344","targetHints":{"allow":["GET"]}}],"collection":[{"href":"https:\/\/turisme.martorell.cat\/es\/wp-json\/wp\/v2\/pages"}],"about":[{"href":"https:\/\/turisme.martorell.cat\/es\/wp-json\/wp\/v2\/types\/page"}],"author":[{"embeddable":true,"href":"https:\/\/turisme.martorell.cat\/es\/wp-json\/wp\/v2\/users\/2"}],"replies":[{"embeddable":true,"href":"https:\/\/turisme.martorell.cat\/es\/wp-json\/wp\/v2\/comments?post=1344"}],"version-history":[{"count":9,"href":"https:\/\/turisme.martorell.cat\/es\/wp-json\/wp\/v2\/pages\/1344\/revisions"}],"predecessor-version":[{"id":1552,"href":"https:\/\/turisme.martorell.cat\/es\/wp-json\/wp\/v2\/pages\/1344\/revisions\/1552"}],"wp:featuredmedia":[{"embeddable":true,"href":"https:\/\/turisme.martorell.cat\/es\/wp-json\/wp\/v2\/media\/1422"}],"wp:attachment":[{"href":"https:\/\/turisme.martorell.cat\/es\/wp-json\/wp\/v2\/media?parent=1344"}],"curies":[{"name":"wp","href":"https:\/\/api.w.org\/{rel}","templated":true}]}}