{"id":1349,"date":"2021-11-04T10:29:56","date_gmt":"2021-11-04T10:29:56","guid":{"rendered":"https:\/\/turisme.martorell.cat\/?page_id=1349"},"modified":"2025-11-05T11:57:49","modified_gmt":"2025-11-05T11:57:49","slug":"nudo-del-llobregat","status":"publish","type":"page","link":"https:\/\/turisme.martorell.cat\/es\/nus-del-llobregat\/","title":{"rendered":"Nudo del Llobregat"},"content":{"rendered":"<div data-vc-full-width=\"true\" data-vc-full-width-init=\"false\" class=\"vc_row wpb_row vc_row-fluid\"><div class=\"wpb_column vc_column_container vc_col-sm-12\"><div class=\"vc_column-inner\"><div class=\"wpb_wrapper\">\n\t<div class=\"wpb_text_column wpb_content_element\" >\n\t\t<div class=\"wpb_wrapper\">\n\t\t\t<h2><span style=\"font-size: 24pt;\">EL NUDO DEL LLOBREGAT<\/span><\/h2>\n\n\t\t<\/div>\n\t<\/div>\n\n\t<div  class=\"wpb_single_image wpb_content_element vc_align_left\">\n\t\t\n\t\t<figure class=\"wpb_wrapper vc_figure\">\n\t\t\t<div class=\"vc_single_image-wrapper   vc_box_border_grey\"><img loading=\"lazy\" decoding=\"async\" width=\"1172\" height=\"249\" src=\"https:\/\/turisme.martorell.cat\/wp-content\/uploads\/2021\/11\/capc_nus.jpg\" class=\"vc_single_image-img attachment-full\" alt=\"Nudo del Llobregat\" srcset=\"https:\/\/turisme.martorell.cat\/wp-content\/uploads\/2021\/11\/capc_nus.jpg 1172w, https:\/\/turisme.martorell.cat\/wp-content\/uploads\/2021\/11\/capc_nus-300x64.jpg 300w, https:\/\/turisme.martorell.cat\/wp-content\/uploads\/2021\/11\/capc_nus-1024x218.jpg 1024w, https:\/\/turisme.martorell.cat\/wp-content\/uploads\/2021\/11\/capc_nus-768x163.jpg 768w\" sizes=\"auto, (max-width: 1172px) 100vw, 1172px\" \/><\/div>\n\t\t<\/figure>\n\t<\/div>\n\n\t<div class=\"wpb_text_column wpb_content_element\" >\n\t\t<div class=\"wpb_wrapper\">\n\t\t\t<div align=\"justify\">\n<p class=\"translation-block\">Martorell es un municipio situado en la comarca del Baix Llobregat, al comienzo de la zona norte de la comarca, tambi\u00e9n conocida como el Montserrat\u00ed, en la confluencia de la uni\u00f3n del r\u00edo Anoia con el Llobregat, justo en el <strong data-start=\"416\" data-end=\"437\">Nus del Llobregat<\/strong>, donde este \u00faltimo se estrecha superando el peque\u00f1o desfiladero que forman los \u00faltimos contrafuertes de las Monta\u00f1as de l\u2019Ordal y del cerro de las Forques. Este lugar constituye tambi\u00e9n el l\u00edmite con el Vall\u00e8s Occidental.<\/p>\n<p class=\"translation-block\">El t\u00e9rmino ocupa principalmente parte de la llanura fluvial del r\u00edo Llobregat y parte del Anoia, zonas muy urbanizadas e industrializadas, y se eleva ligeramente hacia el sur por los contrafuertes del sistema monta\u00f1oso de las <a href=\"https:\/\/ca.wikipedia.org\/wiki\/Muntanyes_dOrdal\" target=\"_blank\" rel=\"noopener\">Monta\u00f1as de l\u2019Ordal<\/a>, hasta la cresta de la sierra de l\u2019Ataix, donde se encuentran los vestigios de los castillos de Rosanes y Rocafort.<\/p>\n<p data-start=\"989\" data-end=\"1796\">El n\u00facleo antiguo de la villa de Martorell se encuentra casi al sur del t\u00e9rmino, alargado entre el r\u00edo Anoia y la sierra de las Torretes, y hasta la confluencia con el Llobregat, en la zona del conocido puente del Diablo, siendo un lugar de paso pr\u00e1cticamente obligatorio desde tiempos antiguos entre Barcelona y parte del norte, sur y oeste de Catalu\u00f1a.<\/p>\n<p data-start=\"989\" data-end=\"1796\">Al formar parte del Nudo del Llobregat, hoy en d\u00eda sigue siendo un importante paso de las principales v\u00edas de comunicaci\u00f3n del pa\u00eds, lo que ha facilitado un crecimiento muy pronunciado de la poblaci\u00f3n, con toda una zona nueva al otro lado del r\u00edo Anoia, que se desarroll\u00f3 especialmente durante la segunda mitad del siglo XX. Entre el casco antiguo y la parte moderna, Martorell supera actualmente los 28.772 habitantes (2020), cuadruplicando la poblaci\u00f3n desde mediados del siglo XX hasta la actualidad.<\/p>\n<p data-start=\"1798\" data-end=\"2274\">Parte del t\u00e9rmino ha pasado, con los a\u00f1os, de estar dedicado mayoritariamente a la actividad agr\u00edcola, destacando la vid y el regad\u00edo, donde a\u00fan quedan algunas peque\u00f1as extensiones, a estar ocupado por la potente industria de la zona. En la parte sur del t\u00e9rmino encontramos laderas de pinares y brezales sustituyendo el antiguo alcinar, donde en algunos rincones de los torrentes que descienden, orientados al norte, podemos encontrar algunos reductos de robles y \u00e1rboles de hoja caduca, como el olmo y el algarrobo.<\/p>\n<p class=\"translation-block\">Los principales eventos festivos de Martorell son los <span style=\"color: #000000\"><a style=\"color: #000000\" href=\"https:\/\/turisme.martorell.cat\/es\/los-tres-tombs\/\" target=\"_self\"><strong>Tres Tombs<\/strong><\/a>, que se celebra normalmente el primer domingo despu\u00e9s del d\u00eda de Reyes; el <a style=\"color: #000000\" href=\"https:\/\/turisme.martorell.cat\/es\/ball-quadrilla\/\" target=\"_self\"><strong>Baile de la Quadrilla<\/strong><\/a>, alrededor del Carnaval; las <strong>Caramelles<\/strong>, en Semana Santa; <strong>Sant Jordi<\/strong>, alrededor del 23 de abril; la <a style=\"color: #000000\" href=\"https:\/\/turisme.martorell.cat\/es\/feria-de-primavera\/\" rel=\"nofollow\" target=\"_self\"><strong>Feria de Primavera<\/strong><\/a>, el \u00faltimo fin de semana de abril, celebrada desde 1422; el <a style=\"color: #000000\" href=\"https:\/\/turisme.martorell.cat\/es\/pas-pont-a-les-arts-sonores\/\" target=\"_self\"><strong>PAS, Puente a las Artes Sonoras<\/strong><\/a>, en verano; la <strong>Fiesta Mayor<\/strong>, a mediados de agosto; la <a style=\"color: #000000\" href=\"https:\/\/turisme.martorell.cat\/es\/fiesta-del-roser-vimart\/\" target=\"_self\"><strong>Fiesta del Roser<\/strong><\/a> o del Most, el primer fin de semana de octubre; la <strong>Feria de Santa Ll\u00facia, <\/strong>la <a style=\"color: #000000\" href=\"https:\/\/turisme.martorell.cat\/es\/la-magia-de-la-navidad\/\" target=\"_self\"><strong>Magia de la Navidad<\/strong><\/a>y la <a style=\"color: #000000\" href=\"https:\/\/turisme.martorell.cat\/es\/cavalcada-de-reis\/\" target=\"_self\"><strong>Cabalgata de Reyes<\/strong><\/a>,<\/span> durante el ciclo navide\u00f1o.<\/p>\n<\/div>\n\n\t\t<\/div>\n\t<\/div>\n<\/div><\/div><\/div><\/div><div class=\"vc_row-full-width vc_clearfix\"><\/div>","protected":false},"excerpt":{"rendered":"EL NUS DEL LLOBREGAT Martorell \u00e9s un municipi situat a la comarca del Baix Llobregat, al comen\u00e7ament de la zona nord de la comarca, tamb\u00e9 coneguda com el Montserrat\u00ed, a la conflu\u00e8ncia de l\u2019aiguabarreig del riu Anoia amb el Llobregat, just al Nus del Llobregat, on aquest \u00faltim s\u2019estreny superant el petit congost que formen [...]","protected":false},"author":2,"featured_media":1373,"parent":0,"menu_order":0,"comment_status":"closed","ping_status":"closed","template":"fullwidth-page.php","meta":{"_acf_changed":false,"footnotes":""},"class_list":["post-1349","page","type-page","status-publish","has-post-thumbnail","hentry"],"acf":[],"_links":{"self":[{"href":"https:\/\/turisme.martorell.cat\/es\/wp-json\/wp\/v2\/pages\/1349","targetHints":{"allow":["GET"]}}],"collection":[{"href":"https:\/\/turisme.martorell.cat\/es\/wp-json\/wp\/v2\/pages"}],"about":[{"href":"https:\/\/turisme.martorell.cat\/es\/wp-json\/wp\/v2\/types\/page"}],"author":[{"embeddable":true,"href":"https:\/\/turisme.martorell.cat\/es\/wp-json\/wp\/v2\/users\/2"}],"replies":[{"embeddable":true,"href":"https:\/\/turisme.martorell.cat\/es\/wp-json\/wp\/v2\/comments?post=1349"}],"version-history":[{"count":10,"href":"https:\/\/turisme.martorell.cat\/es\/wp-json\/wp\/v2\/pages\/1349\/revisions"}],"predecessor-version":[{"id":1544,"href":"https:\/\/turisme.martorell.cat\/es\/wp-json\/wp\/v2\/pages\/1349\/revisions\/1544"}],"wp:featuredmedia":[{"embeddable":true,"href":"https:\/\/turisme.martorell.cat\/es\/wp-json\/wp\/v2\/media\/1373"}],"wp:attachment":[{"href":"https:\/\/turisme.martorell.cat\/es\/wp-json\/wp\/v2\/media?parent=1349"}],"curies":[{"name":"wp","href":"https:\/\/api.w.org\/{rel}","templated":true}]}}