{"id":1435,"date":"2025-10-29T17:48:09","date_gmt":"2025-10-29T17:48:09","guid":{"rendered":"https:\/\/turisme.martorell.cat\/?page_id=1435"},"modified":"2025-11-05T11:19:24","modified_gmt":"2025-11-05T11:19:24","slug":"suscribete","status":"publish","type":"page","link":"https:\/\/turisme.martorell.cat\/es\/subscriu-te\/","title":{"rendered":"Subscriu-te"},"content":{"rendered":"<div class=\"vc_row wpb_row vc_row-fluid\"><div class=\"wpb_column vc_column_container vc_col-sm-12\"><div class=\"vc_column-inner\"><div class=\"wpb_wrapper\">\n\t<div class=\"wpb_text_column wpb_content_element\" >\n\t\t<div class=\"wpb_wrapper\">\n\t\t\t<h1>SUSCR\u00cdBETE<\/h1>\n\n\t\t<\/div>\n\t<\/div>\n<\/div><\/div><\/div><\/div><div class=\"vc_row wpb_row vc_row-fluid\"><div class=\"wpb_column vc_column_container vc_col-sm-6\"><div class=\"vc_column-inner\"><div class=\"wpb_wrapper\">\n\t<div  class=\"wpb_single_image wpb_content_element vc_align_left\">\n\t\t\n\t\t<figure class=\"wpb_wrapper vc_figure\">\n\t\t\t<div class=\"vc_single_image-wrapper   vc_box_border_grey\"><img loading=\"lazy\" decoding=\"async\" width=\"960\" height=\"625\" src=\"https:\/\/turisme.martorell.cat\/wp-content\/uploads\/2024\/11\/Unknown-1024x667.jpeg\" class=\"vc_single_image-img attachment-large\" alt=\"Mirador de la Torre Griminella\" srcset=\"https:\/\/turisme.martorell.cat\/wp-content\/uploads\/2024\/11\/Unknown-1024x667.jpeg 1024w, https:\/\/turisme.martorell.cat\/wp-content\/uploads\/2024\/11\/Unknown-300x195.jpeg 300w, https:\/\/turisme.martorell.cat\/wp-content\/uploads\/2024\/11\/Unknown-768x500.jpeg 768w, https:\/\/turisme.martorell.cat\/wp-content\/uploads\/2024\/11\/Unknown.jpeg 1418w\" sizes=\"auto, (max-width: 960px) 100vw, 960px\" \/><\/div>\n\t\t<\/figure>\n\t<\/div>\n<\/div><\/div><\/div><div class=\"wpb_column vc_column_container vc_col-sm-6\"><div class=\"vc_column-inner\"><div class=\"wpb_wrapper\">\n\t<div class=\"wpb_text_column wpb_content_element  vc_custom_1762341530470\" >\n\t\t<div class=\"wpb_wrapper\">\n\t\t\t<div align=\"justify\">\n<p>No te pierdas nada. Suscr\u00edbete y recibe en tu correo las novedades de nuestros eventos culturales y actividades tur\u00edsticas de Martorell.<\/p>\n<p><strong>Tel\u00e9fono de contacto directo<\/strong>: <a href=\"tel:937742223\">93 774 22 23<\/a> | <a href=\"tel:937741877\">93 774 18 77<\/a><\/p>\n<p><strong>E-mail<\/strong>: <a href=\"mailto:comerc@martorell.cat\">comerc@martorell.cat<\/a><\/p>\n<\/div>\n\n\t\t<\/div>\n\t<\/div>\n\n<div class=\"wpcf7 no-js\" id=\"wpcf7-f1434-o1\" lang=\"ca\" dir=\"ltr\" data-wpcf7-id=\"1434\">\n<div class=\"screen-reader-response\"><p role=\"status\" aria-live=\"polite\" aria-atomic=\"true\"><\/p> <ul><\/ul><\/div>\n<form action=\"\/es\/wp-json\/wp\/v2\/pages\/1435#wpcf7-f1434-o1\" method=\"post\" class=\"wpcf7-form init\" aria-label=\"Formulari de contacte\" novalidate=\"novalidate\" data-status=\"init\" data-trp-original-action=\"\/es\/wp-json\/wp\/v2\/pages\/1435#wpcf7-f1434-o1\">\n<fieldset class=\"hidden-fields-container\"><input type=\"hidden\" name=\"_wpcf7\" value=\"1434\" \/><input type=\"hidden\" name=\"_wpcf7_version\" value=\"6.1.5\" \/><input type=\"hidden\" name=\"_wpcf7_locale\" value=\"ca\" \/><input type=\"hidden\" name=\"_wpcf7_unit_tag\" value=\"wpcf7-f1434-o1\" \/><input type=\"hidden\" name=\"_wpcf7_container_post\" value=\"0\" \/><input type=\"hidden\" name=\"_wpcf7_posted_data_hash\" value=\"\" \/>\n<\/fieldset>\n<div id=\"contactFormContact\">\n\t<p><span class=\"wpcf7-form-control-wrap\" data-name=\"your-name\"><input size=\"40\" maxlength=\"400\" class=\"wpcf7-form-control wpcf7-text wpcf7-validates-as-required\" aria-required=\"true\" aria-invalid=\"false\" placeholder=\"Nombre y apellidos\" value=\"\" type=\"text\" name=\"your-name\" \/><\/span><br \/>\n<span class=\"wpcf7-form-control-wrap\" data-name=\"your-email\"><input size=\"40\" maxlength=\"400\" class=\"wpcf7-form-control wpcf7-email wpcf7-validates-as-required wpcf7-text wpcf7-validates-as-email\" aria-required=\"true\" aria-invalid=\"false\" placeholder=\"Email\" value=\"\" type=\"email\" name=\"your-email\" \/><\/span><span id=\"wpcf7-6a085e48d6f27-wrapper\" class=\"wpcf7-form-control-wrap email-address-wrap\" ><label for=\"wpcf7-6a085e48d6f27-field\" class=\"hp-message\">Deixeu aquest camp buit.<\/label><input id=\"wpcf7-6a085e48d6f27-field\"  class=\"wpcf7-form-control wpcf7-text\" type=\"text\" name=\"email-address\" value=\"\" size=\"40\" tabindex=\"-1\" autocomplete=\"off\" \/><\/span><br \/>\n<span class=\"wpcf7-form-control-wrap\" data-name=\"your-accept\"><span class=\"wpcf7-form-control wpcf7-acceptance\"><span class=\"wpcf7-list-item\"><label class=\"translation-block\"><span class=\"wpcf7-list-item-label\"><b>Doy mi consentimiento para recibir comunicaciones, informaci\u00f3n, novedades y consiento el tratamiento de mis datos.<\/b> El Ayuntamiento de Martorell tratar\u00e1 sus datos con la finalidad de contestar a sus consultas, dudas o reclamaciones. Puede ejercer sus derechos de acceso, rectificaci\u00f3n, supresi\u00f3n, portabilidad, limitaci\u00f3n y oposici\u00f3n, como se le informa en nuestra <a href=\"http:\/\/martorell.cat\/lnk16\/politica-de-privacitat.htm\" target=\"_blank\" rel=\"noopener\">pol\u00edtica de privacidad<\/a> y <a href=\"https:\/\/www.martorell.cat\/site1\/ca\/files\/doc3418\/avis-legal-web.pdf\" target=\"_blank\" rel=\"noopener\">aviso legal<\/a><\/span><\/label><\/span><\/span><\/span>\n\t<\/p>\n\t<div class=\"row\">\n\t\t<div class=\"col-md-6 text-left\">\n\t\t\t<div class=\"cf7-cf-turnstile\" style=\"margin-top: 0px; margin-bottom: -15px;\"> <div id=\"cf-turnstile-cf7-158581269\" class=\"cf-turnstile\" data-sitekey=\"0x4AAAAAAB6T3Fan6nlxBjCt\" data-theme=\"light\" data-language=\"auto\" data-size=\"normal\" data-retry=\"auto\" data-retry-interval=\"1000\" data-refresh-expired=\"auto\" data-refresh-timeout=\"auto\" data-action=\"contact-form-7\" data-callback=\"turnstileCF7Callback\" data-appearance=\"always\"><\/div> <script>document.addEventListener(\"DOMContentLoaded\", function() { setTimeout(function(){ var e=document.getElementById(\"cf-turnstile-cf7-158581269\"); if(e&&!e.innerHTML.trim()){turnstile.render(e, {sitekey:\"0x4AAAAAAB6T3Fan6nlxBjCt\"});} }, 200); });<\/script> <br class=\"cf-turnstile-br cf-turnstile-br-cf7-158581269\"> <style>#cf-turnstile-cf7-158581269 { margin-left: -15px; }<\/style> <script>document.addEventListener(\"DOMContentLoaded\",function(){document.querySelectorAll('.wpcf7-form').forEach(function(e){e.addEventListener('submit',function(){if(document.getElementById('cf-turnstile-cf7-158581269')){setTimeout(function(){turnstile.reset('#cf-turnstile-cf7-158581269');},1000)}})})});<\/script> <\/div>\n\t\t<\/div>\n\t\t<div class=\"col-md-6 text-right\">\n\t\t\t<p><input class=\"wpcf7-form-control wpcf7-submit has-spinner sendContactFormVB\" type=\"submit\" value=\"Suscribirme\" \/>\n\t\t\t<\/p>\n\t\t<\/div>\n\t<\/div>\n\t<p>NOTA LEGAL: Los datos recogidos en este documento ser\u00e1n utilizados de la forma y con las limitaciones que establece la Ley Org\u00e1nica 15\/1999, de 13 de diciembre, de protecci\u00f3n de datos de car\u00e1cter personal (LOPD). Los datos facilitados por los usuarios ser\u00e1n incorporados a ficheros de car\u00e1cter personal y confidencial de los que es responsable el Ayuntamiento de Martorell.\n\t<\/p>\n<\/div><div class=\"wpcf7-response-output\" aria-hidden=\"true\"><\/div>\n<input type=\"hidden\" name=\"trp-form-language\" value=\"es\"\/><\/form>\n<\/div>\n<\/div><\/div><\/div><\/div>","protected":false},"excerpt":{"rendered":"SUBSCRIU-TE No et perdis res. Subscriu-te i rep al teu correu les novetats dels nostres esdeveniments culturals i activitats tur\u00edstiques de Martorell. Tel\u00e8fon directe de contacte: 93 774 22 23 | 93 774 18 77 E-mail: comerc@martorell.cat Deixeu aquest camp buit. Dono el meu consentiment per rebre comunicacions, informaci\u00f3, novetats i consento el tractament de [...]","protected":false},"author":1,"featured_media":0,"parent":0,"menu_order":0,"comment_status":"closed","ping_status":"closed","template":"fullwidth-page.php","meta":{"_acf_changed":false,"footnotes":""},"class_list":["post-1435","page","type-page","status-publish","hentry"],"acf":[],"_links":{"self":[{"href":"https:\/\/turisme.martorell.cat\/es\/wp-json\/wp\/v2\/pages\/1435","targetHints":{"allow":["GET"]}}],"collection":[{"href":"https:\/\/turisme.martorell.cat\/es\/wp-json\/wp\/v2\/pages"}],"about":[{"href":"https:\/\/turisme.martorell.cat\/es\/wp-json\/wp\/v2\/types\/page"}],"author":[{"embeddable":true,"href":"https:\/\/turisme.martorell.cat\/es\/wp-json\/wp\/v2\/users\/1"}],"replies":[{"embeddable":true,"href":"https:\/\/turisme.martorell.cat\/es\/wp-json\/wp\/v2\/comments?post=1435"}],"version-history":[{"count":8,"href":"https:\/\/turisme.martorell.cat\/es\/wp-json\/wp\/v2\/pages\/1435\/revisions"}],"predecessor-version":[{"id":1543,"href":"https:\/\/turisme.martorell.cat\/es\/wp-json\/wp\/v2\/pages\/1435\/revisions\/1543"}],"wp:attachment":[{"href":"https:\/\/turisme.martorell.cat\/es\/wp-json\/wp\/v2\/media?parent=1435"}],"curies":[{"name":"wp","href":"https:\/\/api.w.org\/{rel}","templated":true}]}}