{"id":1054,"date":"2021-09-16T07:04:08","date_gmt":"2021-09-16T07:04:08","guid":{"rendered":"https:\/\/turisme.martorell.cat\/?page_id=1054"},"modified":"2025-11-05T09:42:00","modified_gmt":"2025-11-05T09:42:00","slug":"fete-majeure-martorell","status":"publish","type":"page","link":"https:\/\/turisme.martorell.cat\/fr\/festa-major-de-martorell\/","title":{"rendered":"F\u00eate Majeure de Martorell"},"content":{"rendered":"<div class=\"vc_row wpb_row vc_row-fluid\"><div class=\"wpb_column vc_column_container vc_col-sm-12\"><div class=\"vc_column-inner\"><div class=\"wpb_wrapper\">\n\t<div class=\"wpb_text_column wpb_content_element \" >\n\t\t<div class=\"wpb_wrapper\">\n\t\t\t<h2><span style=\"font-size: 24pt;\">FESTA MAJOR DE MARTORELL<\/span><\/h2>\n\n\t\t<\/div>\n\t<\/div>\n\n\t<div  class=\"wpb_single_image wpb_content_element vc_align_left\">\n\t\t\n\t\t<figure class=\"wpb_wrapper vc_figure\">\n\t\t\t<div class=\"vc_single_image-wrapper   vc_box_border_grey\"><img loading=\"lazy\" decoding=\"async\" width=\"1366\" height=\"290\" src=\"https:\/\/turisme.martorell.cat\/wp-content\/uploads\/2025\/11\/fm1-e1762335216892.jpg\" class=\"vc_single_image-img attachment-full\" alt=\"Festa Major de Martorell\" srcset=\"https:\/\/turisme.martorell.cat\/wp-content\/uploads\/2025\/11\/fm1-e1762335216892.jpg 1366w, https:\/\/turisme.martorell.cat\/wp-content\/uploads\/2025\/11\/fm1-e1762335216892-300x64.jpg 300w, https:\/\/turisme.martorell.cat\/wp-content\/uploads\/2025\/11\/fm1-e1762335216892-1024x217.jpg 1024w, https:\/\/turisme.martorell.cat\/wp-content\/uploads\/2025\/11\/fm1-e1762335216892-768x163.jpg 768w, https:\/\/turisme.martorell.cat\/wp-content\/uploads\/2025\/11\/fm1-e1762335216892-18x4.jpg 18w\" sizes=\"auto, (max-width: 1366px) 100vw, 1366px\" \/><\/div>\n\t\t<\/figure>\n\t<\/div>\n\n\t<div class=\"wpb_text_column wpb_content_element \" >\n\t\t<div class=\"wpb_wrapper\">\n\t\t\t<div style=\"text-align: justify;\" align=\"justify\">\n<p>La\u00a0Festa Major de Martorell\u00a0es celebra el 15 d\u2019agost, en honor a la patrona de Martorell, <a href=\"https:\/\/ca.wikipedia.org\/wiki\/Assumpci%C3%B3_de_Maria\" target=\"_blank\" rel=\"noopener\">Santa Maria de l\u2019Assumpta<\/a>.<\/p>\n<p>\u00c9s la festa m\u00e9s important del calendari festiu martorellenc.<\/p>\n<p>El carrer \u00e9s l\u2019espai de trobada i de festa participativa dels ciutadans de Martorell i la comarca. Concerts, actuacions de les colles de cultura popular, visites teatralitzades als museus i altres actes omplen <a href=\"https:\/\/turisme.martorell.cat\/itinerari-per-la-vila\/\">la vila<\/a> d\u2019activitats per gaudir de la festa.<\/p>\n<p>En diversos restaurants tamb\u00e9 es pot degustar el plat t\u00edpic de Martorell, el<strong>\u00a0<\/strong>pollastre amb ra\u00efm<strong>.<\/strong><\/p>\n<\/div>\n\n\t\t<\/div>\n\t<\/div>\n<\/div><\/div><\/div><\/div><div class=\"vc_row wpb_row vc_row-fluid\"><div class=\"wpb_column vc_column_container vc_col-sm-12\"><div class=\"vc_column-inner\"><div class=\"wpb_wrapper\"><div class=\"wpb_gallery wpb_content_element vc_clearfix\" ><div class=\"wpb_wrapper\"><div class=\"wpb_gallery_slides wpb_image_grid\" data-interval=\"3\"><ul class=\"wpb_image_grid_ul\"><li class=\"isotope-item\"><a class=\"prettyphoto\" href=\"https:\/\/turisme.martorell.cat\/wp-content\/uploads\/2021\/09\/fm5-1024x576.jpg\" data-rel=\"prettyPhoto[rel-1054-1779044776]\"><div class=\"hoverVBImageGallery\"><div class=\"ccimgal\"><\/div><\/div><img loading=\"lazy\" decoding=\"async\" width=\"300\" height=\"169\" src=\"https:\/\/turisme.martorell.cat\/wp-content\/uploads\/2021\/09\/fm5-300x169.jpg\" class=\"attachment-medium\" alt=\"\" srcset=\"https:\/\/turisme.martorell.cat\/wp-content\/uploads\/2021\/09\/fm5-300x169.jpg 300w, https:\/\/turisme.martorell.cat\/wp-content\/uploads\/2021\/09\/fm5-1024x576.jpg 1024w, https:\/\/turisme.martorell.cat\/wp-content\/uploads\/2021\/09\/fm5-768x432.jpg 768w, https:\/\/turisme.martorell.cat\/wp-content\/uploads\/2021\/09\/fm5.jpg 1366w\" sizes=\"auto, (max-width: 300px) 100vw, 300px\" \/><\/a><\/li><li class=\"isotope-item\"><a class=\"prettyphoto\" href=\"https:\/\/turisme.martorell.cat\/wp-content\/uploads\/2021\/09\/fm4-1024x576.jpg\" data-rel=\"prettyPhoto[rel-1054-1779044776]\"><div class=\"hoverVBImageGallery\"><div class=\"ccimgal\"><\/div><\/div><img loading=\"lazy\" decoding=\"async\" width=\"300\" height=\"169\" src=\"https:\/\/turisme.martorell.cat\/wp-content\/uploads\/2021\/09\/fm4-300x169.jpg\" class=\"attachment-medium\" alt=\"\" srcset=\"https:\/\/turisme.martorell.cat\/wp-content\/uploads\/2021\/09\/fm4-300x169.jpg 300w, https:\/\/turisme.martorell.cat\/wp-content\/uploads\/2021\/09\/fm4-1024x576.jpg 1024w, https:\/\/turisme.martorell.cat\/wp-content\/uploads\/2021\/09\/fm4-768x432.jpg 768w, https:\/\/turisme.martorell.cat\/wp-content\/uploads\/2021\/09\/fm4.jpg 1366w\" sizes=\"auto, (max-width: 300px) 100vw, 300px\" \/><\/a><\/li><li class=\"isotope-item\"><a class=\"prettyphoto\" href=\"https:\/\/turisme.martorell.cat\/wp-content\/uploads\/2021\/09\/fm3-1024x576.jpg\" data-rel=\"prettyPhoto[rel-1054-1779044776]\"><div class=\"hoverVBImageGallery\"><div class=\"ccimgal\"><\/div><\/div><img loading=\"lazy\" decoding=\"async\" width=\"300\" height=\"169\" src=\"https:\/\/turisme.martorell.cat\/wp-content\/uploads\/2021\/09\/fm3-300x169.jpg\" class=\"attachment-medium\" alt=\"\" srcset=\"https:\/\/turisme.martorell.cat\/wp-content\/uploads\/2021\/09\/fm3-300x169.jpg 300w, https:\/\/turisme.martorell.cat\/wp-content\/uploads\/2021\/09\/fm3-1024x576.jpg 1024w, https:\/\/turisme.martorell.cat\/wp-content\/uploads\/2021\/09\/fm3-768x432.jpg 768w, https:\/\/turisme.martorell.cat\/wp-content\/uploads\/2021\/09\/fm3.jpg 1366w\" sizes=\"auto, (max-width: 300px) 100vw, 300px\" \/><\/a><\/li><li class=\"isotope-item\"><a class=\"prettyphoto\" href=\"https:\/\/turisme.martorell.cat\/wp-content\/uploads\/2021\/09\/fm2-1024x576.jpg\" data-rel=\"prettyPhoto[rel-1054-1779044776]\"><div class=\"hoverVBImageGallery\"><div class=\"ccimgal\"><\/div><\/div><img loading=\"lazy\" decoding=\"async\" width=\"300\" height=\"169\" src=\"https:\/\/turisme.martorell.cat\/wp-content\/uploads\/2021\/09\/fm2-300x169.jpg\" class=\"attachment-medium\" alt=\"\" srcset=\"https:\/\/turisme.martorell.cat\/wp-content\/uploads\/2021\/09\/fm2-300x169.jpg 300w, https:\/\/turisme.martorell.cat\/wp-content\/uploads\/2021\/09\/fm2-1024x576.jpg 1024w, https:\/\/turisme.martorell.cat\/wp-content\/uploads\/2021\/09\/fm2-768x432.jpg 768w, https:\/\/turisme.martorell.cat\/wp-content\/uploads\/2021\/09\/fm2.jpg 1366w\" sizes=\"auto, (max-width: 300px) 100vw, 300px\" \/><\/a><\/li><li class=\"isotope-item\"><a class=\"prettyphoto\" href=\"https:\/\/turisme.martorell.cat\/wp-content\/uploads\/2021\/09\/fm1-1024x576.jpg\" data-rel=\"prettyPhoto[rel-1054-1779044776]\"><div class=\"hoverVBImageGallery\"><div class=\"ccimgal\"><\/div><\/div><img loading=\"lazy\" decoding=\"async\" width=\"300\" height=\"169\" src=\"https:\/\/turisme.martorell.cat\/wp-content\/uploads\/2021\/09\/fm1-300x169.jpg\" class=\"attachment-medium\" alt=\"\" srcset=\"https:\/\/turisme.martorell.cat\/wp-content\/uploads\/2021\/09\/fm1-300x169.jpg 300w, https:\/\/turisme.martorell.cat\/wp-content\/uploads\/2021\/09\/fm1-1024x576.jpg 1024w, https:\/\/turisme.martorell.cat\/wp-content\/uploads\/2021\/09\/fm1-768x432.jpg 768w, https:\/\/turisme.martorell.cat\/wp-content\/uploads\/2021\/09\/fm1.jpg 1366w\" sizes=\"auto, (max-width: 300px) 100vw, 300px\" \/><\/a><\/li><li class=\"isotope-item\"><a class=\"prettyphoto\" href=\"https:\/\/turisme.martorell.cat\/wp-content\/uploads\/2021\/09\/fm0-1024x576.jpg\" data-rel=\"prettyPhoto[rel-1054-1779044776]\"><div class=\"hoverVBImageGallery\"><div class=\"ccimgal\"><\/div><\/div><img loading=\"lazy\" decoding=\"async\" width=\"300\" height=\"169\" src=\"https:\/\/turisme.martorell.cat\/wp-content\/uploads\/2021\/09\/fm0-300x169.jpg\" class=\"attachment-medium\" alt=\"\" srcset=\"https:\/\/turisme.martorell.cat\/wp-content\/uploads\/2021\/09\/fm0-300x169.jpg 300w, https:\/\/turisme.martorell.cat\/wp-content\/uploads\/2021\/09\/fm0-1024x576.jpg 1024w, https:\/\/turisme.martorell.cat\/wp-content\/uploads\/2021\/09\/fm0-768x432.jpg 768w, https:\/\/turisme.martorell.cat\/wp-content\/uploads\/2021\/09\/fm0.jpg 1366w\" sizes=\"auto, (max-width: 300px) 100vw, 300px\" \/><\/a><\/li><\/ul><\/div><\/div><\/div><\/div><\/div><\/div><\/div><div class=\"vc_row wpb_row vc_row-fluid\"><div class=\"wpb_column vc_column_container vc_col-sm-12\"><div class=\"vc_column-inner\"><div class=\"wpb_wrapper\">\n\t<div class=\"wpb_text_column wpb_content_element  vc_custom_1633338801639\" >\n\t\t<div class=\"wpb_wrapper\">\n\t\t\t<div class=\"linksPostVB metasVBPosts\">\n<ul>\n<li><a href=\"https:\/\/martorelldigital.cat\/festa-major-2021\/\" target=\"_blank\" rel=\"nofollow noopener\"><strong>\u00c0lbum Fotogr\u00e0fic 2021<\/strong><\/a><\/li>\n<\/ul>\n<\/div>\n\n\t\t<\/div>\n\t<\/div>\n<\/div><\/div><\/div><\/div>\n","protected":false},"excerpt":{"rendered":"FESTA MAJOR DE MARTORELL La\u00a0Festa Major de Martorell\u00a0es celebra el 15 d\u2019agost, en honor a la patrona de Martorell, Santa Maria de l\u2019Assumpta. \u00c9s la festa m\u00e9s important del calendari festiu martorellenc. El carrer \u00e9s l\u2019espai de trobada i de festa participativa dels ciutadans de Martorell i la comarca. Concerts, actuacions de les colles de [...]","protected":false},"author":1,"featured_media":1533,"parent":0,"menu_order":0,"comment_status":"closed","ping_status":"closed","template":"fullwidth-page.php","meta":{"_acf_changed":false,"footnotes":""},"class_list":["post-1054","page","type-page","status-publish","has-post-thumbnail","hentry"],"acf":[],"_links":{"self":[{"href":"https:\/\/turisme.martorell.cat\/fr\/wp-json\/wp\/v2\/pages\/1054","targetHints":{"allow":["GET"]}}],"collection":[{"href":"https:\/\/turisme.martorell.cat\/fr\/wp-json\/wp\/v2\/pages"}],"about":[{"href":"https:\/\/turisme.martorell.cat\/fr\/wp-json\/wp\/v2\/types\/page"}],"author":[{"embeddable":true,"href":"https:\/\/turisme.martorell.cat\/fr\/wp-json\/wp\/v2\/users\/1"}],"replies":[{"embeddable":true,"href":"https:\/\/turisme.martorell.cat\/fr\/wp-json\/wp\/v2\/comments?post=1054"}],"version-history":[{"count":11,"href":"https:\/\/turisme.martorell.cat\/fr\/wp-json\/wp\/v2\/pages\/1054\/revisions"}],"predecessor-version":[{"id":1536,"href":"https:\/\/turisme.martorell.cat\/fr\/wp-json\/wp\/v2\/pages\/1054\/revisions\/1536"}],"wp:featuredmedia":[{"embeddable":true,"href":"https:\/\/turisme.martorell.cat\/fr\/wp-json\/wp\/v2\/media\/1533"}],"wp:attachment":[{"href":"https:\/\/turisme.martorell.cat\/fr\/wp-json\/wp\/v2\/media?parent=1054"}],"curies":[{"name":"wp","href":"https:\/\/api.w.org\/{rel}","templated":true}]}}