{"id":1070,"date":"2021-09-16T07:10:18","date_gmt":"2021-09-16T07:10:18","guid":{"rendered":"https:\/\/turisme.martorell.cat\/?page_id=1070"},"modified":"2025-11-05T13:42:14","modified_gmt":"2025-11-05T13:42:14","slug":"itineraire-moderniste","status":"publish","type":"page","link":"https:\/\/turisme.martorell.cat\/fr\/itinerari-modernista\/","title":{"rendered":"Itin\u00e9raire Moderniste"},"content":{"rendered":"<div class=\"vc_row wpb_row vc_row-fluid\"><div class=\"wpb_column vc_column_container vc_col-sm-12\"><div class=\"vc_column-inner\"><div class=\"wpb_wrapper\">\n\t<div class=\"wpb_text_column wpb_content_element \" >\n\t\t<div class=\"wpb_wrapper\">\n\t\t\t<h2><span style=\"font-size: 24pt;\">ITINERARI MODERNISTA<\/span><\/h2>\n\n\t\t<\/div>\n\t<\/div>\n\n\t<div  class=\"wpb_single_image wpb_content_element vc_align_left\">\n\t\t\n\t\t<figure class=\"wpb_wrapper vc_figure\">\n\t\t\t<div class=\"vc_single_image-wrapper   vc_box_border_grey\"><img loading=\"lazy\" decoding=\"async\" width=\"1172\" height=\"249\" src=\"https:\/\/turisme.martorell.cat\/wp-content\/uploads\/2021\/09\/capc_modern.jpg\" class=\"vc_single_image-img attachment-full\" alt=\"Itinerari Modernista\" srcset=\"https:\/\/turisme.martorell.cat\/wp-content\/uploads\/2021\/09\/capc_modern.jpg 1172w, https:\/\/turisme.martorell.cat\/wp-content\/uploads\/2021\/09\/capc_modern-300x64.jpg 300w, https:\/\/turisme.martorell.cat\/wp-content\/uploads\/2021\/09\/capc_modern-1024x218.jpg 1024w, https:\/\/turisme.martorell.cat\/wp-content\/uploads\/2021\/09\/capc_modern-768x163.jpg 768w\" sizes=\"auto, (max-width: 1172px) 100vw, 1172px\" \/><\/div>\n\t\t<\/figure>\n\t<\/div>\n\n\t<div class=\"wpb_text_column wpb_content_element \" >\n\t\t<div class=\"wpb_wrapper\">\n\t\t\t<div style=\"text-align: justify;\" align=\"justify\">\n<p data-start=\"191\" data-end=\"652\">L\u2019estil modernista a Martorell t\u00e9 un nom propi: <strong data-start=\"277\" data-end=\"296\">Josep Ros i Ros<\/strong> (Martorell, 1885\u20131951). Es podria considerar l\u2019arquitecte municipal del Baix Llobregat, ja que es va encarregar de diferents obres a tota la comarca, especialment despr\u00e9s de la Guerra Civil, per reedificar edificis, majorit\u00e0riament de car\u00e0cter religi\u00f3s, com les esgl\u00e9sies de <strong data-start=\"572\" data-end=\"585\">El Papiol<\/strong> i <strong data-start=\"588\" data-end=\"602\">Sant Feliu<\/strong>, que a partir de 2004 va passar a ser catedral.<\/p>\n<p data-start=\"654\" data-end=\"1059\">L\u2019arquitectura de Josep Ros i Ros, tot i l\u2019eclecticisme d\u2019algunes obres inicials, es mou principalment entre el modernisme i el noucentisme. Va trencar amb l\u2019arquitectura tradicional del segle XIX i, sota la influ\u00e8ncia de Manuel Raspall, va introduir nous corrents est\u00e8tics a la comarca de Montserrat, encara que amb certa tardan\u00e7a, evolucionant cap a l\u2019adopci\u00f3 de les l\u00ednies cl\u00e0ssiques del noucentisme.<\/p>\n<p data-start=\"1061\" data-end=\"1471\">A Martorell, la seva obra mostra l\u2019ampli ventall de la seva producci\u00f3: escultura funer\u00e0ria al cementiri municipal, com el sepulcre de la fam\u00edlia Bov\u00e9; magatzems; les cases d\u2019en Parellada; i el caf\u00e8 i el teatre d\u2019<strong data-start=\"1273\" data-end=\"1287\">El Progr\u00e9s<\/strong>. Tamb\u00e9 va col\u00b7laborar en la construcci\u00f3 de l\u2019esgl\u00e9sia parroquial de Santa Maria de Martorell, juntament amb Francesc Folguera, que havia estat ajudant de Gaud\u00ed a la Sagrada Fam\u00edlia.<\/p>\n<p data-start=\"1473\" data-end=\"1784\">L\u2019obra m\u00e9s emblem\u00e0tica de Josep Ros i Ros a Martorell \u00e9s la <strong data-start=\"1533\" data-end=\"1551\">Casa Torre Ros<\/strong>, situada al peu de la Serra de les Torretes, des d\u2019on comen\u00e7a el cam\u00ed cap al Castell de Rosanes. Tanmateix, la seva creaci\u00f3 m\u00e9s coneguda no es troba a Martorell sin\u00f3 a <strong data-start=\"1720\" data-end=\"1744\">Sant Sadurn\u00ed d\u2019Anoia<\/strong>, amb les famoses <strong data-start=\"1762\" data-end=\"1781\">Caves Freixenet<\/strong>.<\/p>\n<p data-start=\"1786\" data-end=\"2019\">Aquest conjunt d\u2019edificis i projectes constitueix la base d\u2019un <strong data-start=\"1849\" data-end=\"1873\">itinerari modernista<\/strong> que permet descobrir la riquesa arquitect\u00f2nica i patrimonial de Martorell, aix\u00ed com la <a href=\"https:\/\/ca.wikipedia.org\/wiki\/Modernisme\" target=\"_blank\" rel=\"noopener\">influ\u00e8ncia del modernisme<\/a> i el noucentisme a la comarca.<\/p>\n<\/div>\n\n\t\t<\/div>\n\t<\/div>\n<\/div><\/div><\/div><\/div><div class=\"vc_row wpb_row vc_row-fluid\"><div class=\"wpb_column vc_column_container vc_col-sm-12\"><div class=\"vc_column-inner\"><div class=\"wpb_wrapper\"><div class=\"wpb_gallery wpb_content_element vc_clearfix\" ><div class=\"wpb_wrapper\"><div class=\"wpb_gallery_slides wpb_image_grid\" data-interval=\"3\"><ul class=\"wpb_image_grid_ul\"><li class=\"isotope-item\"><a class=\"prettyphoto\" href=\"https:\/\/turisme.martorell.cat\/wp-content\/uploads\/2021\/09\/Cas-Ros.jpg\" data-rel=\"prettyPhoto[rel-1070-3909932974]\"><div class=\"hoverVBImageGallery\"><div class=\"ccimgal\">Itinerari modernista<\/div><\/div><img loading=\"lazy\" decoding=\"async\" width=\"300\" height=\"225\" src=\"https:\/\/turisme.martorell.cat\/wp-content\/uploads\/2021\/09\/Cas-Ros-300x225.jpg\" class=\"attachment-medium\" alt=\"Itinerari modernista\" srcset=\"https:\/\/turisme.martorell.cat\/wp-content\/uploads\/2021\/09\/Cas-Ros-300x225.jpg 300w, https:\/\/turisme.martorell.cat\/wp-content\/uploads\/2021\/09\/Cas-Ros-768x576.jpg 768w, https:\/\/turisme.martorell.cat\/wp-content\/uploads\/2021\/09\/Cas-Ros.jpg 1024w\" sizes=\"auto, (max-width: 300px) 100vw, 300px\" \/><\/a><\/li><li class=\"isotope-item\"><a class=\"prettyphoto\" href=\"https:\/\/turisme.martorell.cat\/wp-content\/uploads\/2021\/09\/Cases-den-Parellada.jpg\" data-rel=\"prettyPhoto[rel-1070-3909932974]\"><div class=\"hoverVBImageGallery\"><div class=\"ccimgal\">Itinerari modernista<\/div><\/div><img loading=\"lazy\" decoding=\"async\" width=\"300\" height=\"225\" src=\"https:\/\/turisme.martorell.cat\/wp-content\/uploads\/2021\/09\/Cases-den-Parellada-300x225.jpg\" class=\"attachment-medium\" alt=\"Itinerari modernista\" srcset=\"https:\/\/turisme.martorell.cat\/wp-content\/uploads\/2021\/09\/Cases-den-Parellada-300x225.jpg 300w, https:\/\/turisme.martorell.cat\/wp-content\/uploads\/2021\/09\/Cases-den-Parellada-768x576.jpg 768w, https:\/\/turisme.martorell.cat\/wp-content\/uploads\/2021\/09\/Cases-den-Parellada.jpg 1024w\" sizes=\"auto, (max-width: 300px) 100vw, 300px\" \/><\/a><\/li><li class=\"isotope-item\"><a class=\"prettyphoto\" href=\"https:\/\/turisme.martorell.cat\/wp-content\/uploads\/2021\/09\/Cal-Montal.jpg\" data-rel=\"prettyPhoto[rel-1070-3909932974]\"><div class=\"hoverVBImageGallery\"><div class=\"ccimgal\"><\/div><\/div><img loading=\"lazy\" decoding=\"async\" width=\"300\" height=\"296\" src=\"https:\/\/turisme.martorell.cat\/wp-content\/uploads\/2021\/09\/Cal-Montal-300x296.jpg\" class=\"attachment-medium\" alt=\"\" srcset=\"https:\/\/turisme.martorell.cat\/wp-content\/uploads\/2021\/09\/Cal-Montal-300x296.jpg 300w, https:\/\/turisme.martorell.cat\/wp-content\/uploads\/2021\/09\/Cal-Montal.jpg 747w\" sizes=\"auto, (max-width: 300px) 100vw, 300px\" \/><\/a><\/li><li class=\"isotope-item\"><a class=\"prettyphoto\" href=\"https:\/\/turisme.martorell.cat\/wp-content\/uploads\/2021\/09\/Cal-baviera.jpg\" data-rel=\"prettyPhoto[rel-1070-3909932974]\"><div class=\"hoverVBImageGallery\"><div class=\"ccimgal\"><\/div><\/div><img loading=\"lazy\" decoding=\"async\" width=\"300\" height=\"225\" src=\"https:\/\/turisme.martorell.cat\/wp-content\/uploads\/2021\/09\/Cal-baviera-300x225.jpg\" class=\"attachment-medium\" alt=\"\" srcset=\"https:\/\/turisme.martorell.cat\/wp-content\/uploads\/2021\/09\/Cal-baviera-300x225.jpg 300w, https:\/\/turisme.martorell.cat\/wp-content\/uploads\/2021\/09\/Cal-baviera-768x576.jpg 768w, https:\/\/turisme.martorell.cat\/wp-content\/uploads\/2021\/09\/Cal-baviera.jpg 1024w\" sizes=\"auto, (max-width: 300px) 100vw, 300px\" \/><\/a><\/li><li class=\"isotope-item\"><a class=\"prettyphoto\" href=\"https:\/\/turisme.martorell.cat\/wp-content\/uploads\/2021\/09\/Antiga_central_electrica.jpg\" data-rel=\"prettyPhoto[rel-1070-3909932974]\"><div class=\"hoverVBImageGallery\"><div class=\"ccimgal\"><\/div><\/div><img loading=\"lazy\" decoding=\"async\" width=\"300\" height=\"225\" src=\"https:\/\/turisme.martorell.cat\/wp-content\/uploads\/2021\/09\/Antiga_central_electrica-300x225.jpg\" class=\"attachment-medium\" alt=\"\" srcset=\"https:\/\/turisme.martorell.cat\/wp-content\/uploads\/2021\/09\/Antiga_central_electrica-300x225.jpg 300w, https:\/\/turisme.martorell.cat\/wp-content\/uploads\/2021\/09\/Antiga_central_electrica-768x576.jpg 768w, https:\/\/turisme.martorell.cat\/wp-content\/uploads\/2021\/09\/Antiga_central_electrica.jpg 800w\" sizes=\"auto, (max-width: 300px) 100vw, 300px\" \/><\/a><\/li><\/ul><\/div><\/div><\/div><\/div><\/div><\/div><\/div><div class=\"vc_row wpb_row vc_row-fluid\"><div class=\"wpb_column vc_column_container vc_col-sm-12\"><div class=\"vc_column-inner\"><div class=\"wpb_wrapper\">\n\t<div class=\"wpb_text_column wpb_content_element  vc_custom_1631787821436\" >\n\t\t<div class=\"wpb_wrapper\">\n\t\t\t<div class=\"linksPostVB metasVBPosts\">\n<ul>\n<li><a href=\"https:\/\/turisme.martorell.cat\/wp-content\/uploads\/2021\/09\/Ruta-Modernista.pdf\" target=\"_blank\" rel=\"nofollow noopener\"><i class=\"fa fa-file-pdf-o\"><\/i><strong>Itinerari Modernista<\/strong><\/a><\/li>\n<\/ul>\n<\/div>\n\n\t\t<\/div>\n\t<\/div>\n<\/div><\/div><\/div><\/div>\n","protected":false},"excerpt":{"rendered":"ITINERARI MODERNISTA L\u2019estil modernista a Martorell t\u00e9 un nom propi: Josep Ros i Ros (Martorell, 1885\u20131951). Es podria considerar l\u2019arquitecte municipal del Baix Llobregat, ja que es va encarregar de diferents obres a tota la comarca, especialment despr\u00e9s de la Guerra Civil, per reedificar edificis, majorit\u00e0riament de car\u00e0cter religi\u00f3s, com les esgl\u00e9sies de El Papiol [...]","protected":false},"author":1,"featured_media":1170,"parent":0,"menu_order":0,"comment_status":"closed","ping_status":"closed","template":"fullwidth-page.php","meta":{"_acf_changed":false,"footnotes":""},"class_list":["post-1070","page","type-page","status-publish","has-post-thumbnail","hentry"],"acf":[],"_links":{"self":[{"href":"https:\/\/turisme.martorell.cat\/fr\/wp-json\/wp\/v2\/pages\/1070","targetHints":{"allow":["GET"]}}],"collection":[{"href":"https:\/\/turisme.martorell.cat\/fr\/wp-json\/wp\/v2\/pages"}],"about":[{"href":"https:\/\/turisme.martorell.cat\/fr\/wp-json\/wp\/v2\/types\/page"}],"author":[{"embeddable":true,"href":"https:\/\/turisme.martorell.cat\/fr\/wp-json\/wp\/v2\/users\/1"}],"replies":[{"embeddable":true,"href":"https:\/\/turisme.martorell.cat\/fr\/wp-json\/wp\/v2\/comments?post=1070"}],"version-history":[{"count":10,"href":"https:\/\/turisme.martorell.cat\/fr\/wp-json\/wp\/v2\/pages\/1070\/revisions"}],"predecessor-version":[{"id":1555,"href":"https:\/\/turisme.martorell.cat\/fr\/wp-json\/wp\/v2\/pages\/1070\/revisions\/1555"}],"wp:featuredmedia":[{"embeddable":true,"href":"https:\/\/turisme.martorell.cat\/fr\/wp-json\/wp\/v2\/media\/1170"}],"wp:attachment":[{"href":"https:\/\/turisme.martorell.cat\/fr\/wp-json\/wp\/v2\/media?parent=1070"}],"curies":[{"name":"wp","href":"https:\/\/api.w.org\/{rel}","templated":true}]}}