{"id":1088,"date":"2021-09-16T07:30:48","date_gmt":"2021-09-16T07:30:48","guid":{"rendered":"https:\/\/turisme.martorell.cat\/?page_id=1088"},"modified":"2025-11-06T08:19:46","modified_gmt":"2025-11-06T08:19:46","slug":"parc-forestier-de-can-cases","status":"publish","type":"page","link":"https:\/\/turisme.martorell.cat\/fr\/parc-forestal-de-can-cases\/","title":{"rendered":"Parc Forestal de Can Cases"},"content":{"rendered":"<div class=\"vc_row wpb_row vc_row-fluid\"><div class=\"wpb_column vc_column_container vc_col-sm-12\"><div class=\"vc_column-inner\"><div class=\"wpb_wrapper\">\n\t<div class=\"wpb_text_column wpb_content_element \" >\n\t\t<div class=\"wpb_wrapper\">\n\t\t\t<h2><span style=\"font-size: 24pt;\">PARC FORESTAL DE CAN CASES<\/span><\/h2>\n\n\t\t<\/div>\n\t<\/div>\n\n\t<div  class=\"wpb_single_image wpb_content_element vc_align_left\">\n\t\t\n\t\t<figure class=\"wpb_wrapper vc_figure\">\n\t\t\t<div class=\"vc_single_image-wrapper   vc_box_border_grey\"><img loading=\"lazy\" decoding=\"async\" width=\"1172\" height=\"249\" src=\"https:\/\/turisme.martorell.cat\/wp-content\/uploads\/2021\/09\/capc_cancases-1.jpg\" class=\"vc_single_image-img attachment-full\" alt=\"Parc Forestal de Can Cases\" srcset=\"https:\/\/turisme.martorell.cat\/wp-content\/uploads\/2021\/09\/capc_cancases-1.jpg 1172w, https:\/\/turisme.martorell.cat\/wp-content\/uploads\/2021\/09\/capc_cancases-1-300x64.jpg 300w, https:\/\/turisme.martorell.cat\/wp-content\/uploads\/2021\/09\/capc_cancases-1-1024x218.jpg 1024w, https:\/\/turisme.martorell.cat\/wp-content\/uploads\/2021\/09\/capc_cancases-1-768x163.jpg 768w\" sizes=\"auto, (max-width: 1172px) 100vw, 1172px\" \/><\/div>\n\t\t<\/figure>\n\t<\/div>\n\n\t<div class=\"wpb_text_column wpb_content_element \" >\n\t\t<div class=\"wpb_wrapper\">\n\t\t\t<div style=\"text-align: justify;\" align=\"justify\">\n<p data-start=\"177\" data-end=\"423\">El <strong data-start=\"180\" data-end=\"210\">Parc Forestal de Can Cases<\/strong> \u00e9s un espai essencial per al municipi de Martorell, tant per la seva consideraci\u00f3 de bosc d\u2019utilitat p\u00fablica com per la seva funci\u00f3 de lleure i d\u2019escenari per a la realitzaci\u00f3 d\u2019activitats d\u2019educaci\u00f3 ambiental.<\/p>\n<p data-start=\"425\" data-end=\"722\">Aquest parc disposa de barbacoes, 23 taules de fusta de picnic, \u00e0rees de jocs infantils, aparcament i una zona esportiva amb pista de b\u00e0squet i futbol. El parc \u00e9s ideal per a activitats a l\u2019aire lliure com passejades, footing, bicicleta de muntanya o passejos a cavall.<\/p>\n<p data-start=\"724\" data-end=\"1218\">Tamb\u00e9 \u00e9s un bon indret per a l\u2019observaci\u00f3 de la vegetaci\u00f3: <a href=\"https:\/\/ca.wikipedia.org\/wiki\/Alzinar\" target=\"_blank\" rel=\"noopener\">l\u2019alzinar t\u00edpic mediterrani<\/a> \u00e9s la comunitat m\u00e9s representativa, juntament amb el bosc de ribera que acompanya els cursos d\u2019aigua. Al parc tamb\u00e9 hi ha con\u00edferes i arbres de ribera.<\/p>\n<p data-start=\"724\" data-end=\"1218\">Pel que fa a la fauna, s\u2019hi han observat m\u00e9s de 70 esp\u00e8cies d\u2019ocells, 30 esp\u00e8cies de papallones, aix\u00ed com alguns amfibis i r\u00e8ptils t\u00edpics de la zona mediterr\u00e0nia, com la tortuga de rierol, i mam\u00edfers com toixons, guineus, genetes, musaranyes i senglars.<\/p>\n<p data-start=\"1220\" data-end=\"1478\">Des de maig del 2014, el <strong data-start=\"1245\" data-end=\"1275\">Parc Forestal de Can Cases<\/strong> disposa d\u2019un circuit d\u2019orientaci\u00f3 d\u2019uns 2,5\u202fkm que discorre per camins i senders ben marcats. Tota la informaci\u00f3 sobre el recorregut es pot consultar a l\u2019enlla\u00e7 localitzat al marge esquerre de la web.<\/p>\n<p data-start=\"1480\" data-end=\"1658\">L\u2019horari d\u2019obertura dels aparcaments \u00e9s de 10 a 20\u202fh tots els dies de l\u2019any, fent del parc un espai accessible i atractiu per a visitants i residents.<\/p>\n<\/div>\n\n\t\t<\/div>\n\t<\/div>\n<\/div><\/div><\/div><\/div><div class=\"vc_row wpb_row vc_row-fluid\"><div class=\"wpb_column vc_column_container vc_col-sm-12\"><div class=\"vc_column-inner\"><div class=\"wpb_wrapper\"><div class=\"wpb_gallery wpb_content_element vc_clearfix\" ><div class=\"wpb_wrapper\"><div class=\"wpb_gallery_slides wpb_image_grid\" data-interval=\"3\"><ul class=\"wpb_image_grid_ul\"><li class=\"isotope-item\"><a class=\"prettyphoto\" href=\"https:\/\/turisme.martorell.cat\/wp-content\/uploads\/2021\/09\/Can-Cases-Bosc-2-1-1024x768.jpg\" data-rel=\"prettyPhoto[rel-1088-3044989646]\"><div class=\"hoverVBImageGallery\"><div class=\"ccimgal\"><\/div><\/div><img loading=\"lazy\" decoding=\"async\" width=\"300\" height=\"225\" src=\"https:\/\/turisme.martorell.cat\/wp-content\/uploads\/2021\/09\/Can-Cases-Bosc-2-1-300x225.jpg\" class=\"attachment-medium\" alt=\"\" srcset=\"https:\/\/turisme.martorell.cat\/wp-content\/uploads\/2021\/09\/Can-Cases-Bosc-2-1-300x225.jpg 300w, https:\/\/turisme.martorell.cat\/wp-content\/uploads\/2021\/09\/Can-Cases-Bosc-2-1-1024x768.jpg 1024w, https:\/\/turisme.martorell.cat\/wp-content\/uploads\/2021\/09\/Can-Cases-Bosc-2-1-768x576.jpg 768w, https:\/\/turisme.martorell.cat\/wp-content\/uploads\/2021\/09\/Can-Cases-Bosc-2-1-1536x1152.jpg 1536w, https:\/\/turisme.martorell.cat\/wp-content\/uploads\/2021\/09\/Can-Cases-Bosc-2-1.jpg 2048w\" sizes=\"auto, (max-width: 300px) 100vw, 300px\" \/><\/a><\/li><li class=\"isotope-item\"><a class=\"prettyphoto\" href=\"https:\/\/turisme.martorell.cat\/wp-content\/uploads\/2021\/09\/Can-Cases-5-1.jpg\" data-rel=\"prettyPhoto[rel-1088-3044989646]\"><div class=\"hoverVBImageGallery\"><div class=\"ccimgal\"><\/div><\/div><img loading=\"lazy\" decoding=\"async\" width=\"300\" height=\"225\" src=\"https:\/\/turisme.martorell.cat\/wp-content\/uploads\/2021\/09\/Can-Cases-5-1-300x225.jpg\" class=\"attachment-medium\" alt=\"\" srcset=\"https:\/\/turisme.martorell.cat\/wp-content\/uploads\/2021\/09\/Can-Cases-5-1-300x225.jpg 300w, https:\/\/turisme.martorell.cat\/wp-content\/uploads\/2021\/09\/Can-Cases-5-1-768x576.jpg 768w, https:\/\/turisme.martorell.cat\/wp-content\/uploads\/2021\/09\/Can-Cases-5-1.jpg 1000w\" sizes=\"auto, (max-width: 300px) 100vw, 300px\" \/><\/a><\/li><li class=\"isotope-item\"><a class=\"prettyphoto\" href=\"https:\/\/turisme.martorell.cat\/wp-content\/uploads\/2021\/09\/Can-Cases-4-1-1024x768.jpg\" data-rel=\"prettyPhoto[rel-1088-3044989646]\"><div class=\"hoverVBImageGallery\"><div class=\"ccimgal\"><\/div><\/div><img loading=\"lazy\" decoding=\"async\" width=\"300\" height=\"225\" src=\"https:\/\/turisme.martorell.cat\/wp-content\/uploads\/2021\/09\/Can-Cases-4-1-300x225.jpg\" class=\"attachment-medium\" alt=\"\" srcset=\"https:\/\/turisme.martorell.cat\/wp-content\/uploads\/2021\/09\/Can-Cases-4-1-300x225.jpg 300w, https:\/\/turisme.martorell.cat\/wp-content\/uploads\/2021\/09\/Can-Cases-4-1-1024x768.jpg 1024w, https:\/\/turisme.martorell.cat\/wp-content\/uploads\/2021\/09\/Can-Cases-4-1-768x576.jpg 768w, https:\/\/turisme.martorell.cat\/wp-content\/uploads\/2021\/09\/Can-Cases-4-1-1536x1152.jpg 1536w, https:\/\/turisme.martorell.cat\/wp-content\/uploads\/2021\/09\/Can-Cases-4-1.jpg 2048w\" sizes=\"auto, (max-width: 300px) 100vw, 300px\" \/><\/a><\/li><\/ul><\/div><\/div><\/div><\/div><\/div><\/div><\/div><div class=\"vc_row wpb_row vc_row-fluid\"><div class=\"wpb_column vc_column_container vc_col-sm-12\"><div class=\"vc_column-inner\"><div class=\"wpb_wrapper\">\n\t<div class=\"wpb_text_column wpb_content_element  vc_custom_1631793568215\" >\n\t\t<div class=\"wpb_wrapper\">\n\t\t\t<div class=\"linksPostVB metasVBPosts\">\n<ul>\n<li><a href=\"https:\/\/turisme.martorell.cat\/wp-content\/uploads\/2021\/09\/Parc-C-Cases.pdf\" target=\"_blank\" rel=\"nofollow noopener\"><i class=\"fa fa-file-pdf-o\"><\/i><strong>Pl\u00e0nol de Can Cases<\/strong><\/a><\/li>\n<li><a href=\"https:\/\/turisme.martorell.cat\/wp-content\/uploads\/2021\/09\/Can-Cases-Planol-circuit-orientacio-amb-punts.pdf\" target=\"_blank\" rel=\"nofollow noopener\"><i class=\"fa fa-file-pdf-o\"><\/i><strong>Pl\u00e0nol circuit orientaci\u00f3<\/strong><\/a><\/li>\n<li><a href=\"https:\/\/turisme.martorell.cat\/wp-content\/uploads\/2021\/09\/Can-Cases-Instruccions-per-a-realitzar-el-circuit.pdf\" target=\"_blank\" rel=\"nofollow noopener\"><i class=\"fa fa-file-pdf-o\"><\/i><strong>Instruccions per a realitzar el circuit<\/strong><\/a><\/li>\n<li><a href=\"https:\/\/turisme.martorell.cat\/wp-content\/uploads\/2021\/09\/Can-Cases-Targeta-de-descripcio-de-controls-1.pdf\" target=\"_blank\" rel=\"nofollow noopener\"><i class=\"fa fa-file-pdf-o\"><\/i><strong>Tarjeta de descripci\u00f3n de controls<\/strong><\/a><\/li>\n<\/ul>\n<\/div>\n\n\t\t<\/div>\n\t<\/div>\n<\/div><\/div><\/div><\/div>\n","protected":false},"excerpt":{"rendered":"PARC FORESTAL DE CAN CASES El Parc Forestal de Can Cases \u00e9s un espai essencial per al municipi de Martorell, tant per la seva consideraci\u00f3 de bosc d\u2019utilitat p\u00fablica com per la seva funci\u00f3 de lleure i d\u2019escenari per a la realitzaci\u00f3 d\u2019activitats d\u2019educaci\u00f3 ambiental. Aquest parc disposa de barbacoes, 23 taules de fusta de [...]","protected":false},"author":1,"featured_media":1268,"parent":0,"menu_order":0,"comment_status":"closed","ping_status":"closed","template":"fullwidth-page.php","meta":{"_acf_changed":false,"footnotes":""},"class_list":["post-1088","page","type-page","status-publish","has-post-thumbnail","hentry"],"acf":[],"_links":{"self":[{"href":"https:\/\/turisme.martorell.cat\/fr\/wp-json\/wp\/v2\/pages\/1088","targetHints":{"allow":["GET"]}}],"collection":[{"href":"https:\/\/turisme.martorell.cat\/fr\/wp-json\/wp\/v2\/pages"}],"about":[{"href":"https:\/\/turisme.martorell.cat\/fr\/wp-json\/wp\/v2\/types\/page"}],"author":[{"embeddable":true,"href":"https:\/\/turisme.martorell.cat\/fr\/wp-json\/wp\/v2\/users\/1"}],"replies":[{"embeddable":true,"href":"https:\/\/turisme.martorell.cat\/fr\/wp-json\/wp\/v2\/comments?post=1088"}],"version-history":[{"count":8,"href":"https:\/\/turisme.martorell.cat\/fr\/wp-json\/wp\/v2\/pages\/1088\/revisions"}],"predecessor-version":[{"id":1561,"href":"https:\/\/turisme.martorell.cat\/fr\/wp-json\/wp\/v2\/pages\/1088\/revisions\/1561"}],"wp:featuredmedia":[{"embeddable":true,"href":"https:\/\/turisme.martorell.cat\/fr\/wp-json\/wp\/v2\/media\/1268"}],"wp:attachment":[{"href":"https:\/\/turisme.martorell.cat\/fr\/wp-json\/wp\/v2\/media?parent=1088"}],"curies":[{"name":"wp","href":"https:\/\/api.w.org\/{rel}","templated":true}]}}