{"id":1121,"date":"2021-09-16T07:54:28","date_gmt":"2021-09-16T07:54:28","guid":{"rendered":"https:\/\/turisme.martorell.cat\/?page_id=1121"},"modified":"2025-11-06T08:42:20","modified_gmt":"2025-11-06T08:42:20","slug":"sentier-de-la-via-augusta","status":"publish","type":"page","link":"https:\/\/turisme.martorell.cat\/fr\/sender-de-la-via-augusta\/","title":{"rendered":"Sentier de la Via Augusta"},"content":{"rendered":"<div class=\"vc_row wpb_row vc_row-fluid\"><div class=\"wpb_column vc_column_container vc_col-sm-12\"><div class=\"vc_column-inner\"><div class=\"wpb_wrapper\">\n\t<div class=\"wpb_text_column wpb_content_element \" >\n\t\t<div class=\"wpb_wrapper\">\n\t\t\t<h2><span style=\"font-size: 24pt;\">SENDER DE LA VIA AUGUSTA<\/span><\/h2>\n\n\t\t<\/div>\n\t<\/div>\n\n\t<div  class=\"wpb_single_image wpb_content_element vc_align_left\">\n\t\t\n\t\t<figure class=\"wpb_wrapper vc_figure\">\n\t\t\t<div class=\"vc_single_image-wrapper   vc_box_border_grey\"><img loading=\"lazy\" decoding=\"async\" width=\"1172\" height=\"249\" src=\"https:\/\/turisme.martorell.cat\/wp-content\/uploads\/2021\/09\/capc_vila.jpg\" class=\"vc_single_image-img attachment-full\" alt=\"Itinerari per la vila, Sender de la Via Augusta\" srcset=\"https:\/\/turisme.martorell.cat\/wp-content\/uploads\/2021\/09\/capc_vila.jpg 1172w, https:\/\/turisme.martorell.cat\/wp-content\/uploads\/2021\/09\/capc_vila-300x64.jpg 300w, https:\/\/turisme.martorell.cat\/wp-content\/uploads\/2021\/09\/capc_vila-1024x218.jpg 1024w, https:\/\/turisme.martorell.cat\/wp-content\/uploads\/2021\/09\/capc_vila-768x163.jpg 768w\" sizes=\"auto, (max-width: 1172px) 100vw, 1172px\" \/><\/div>\n\t\t<\/figure>\n\t<\/div>\n\n\t<div class=\"wpb_text_column wpb_content_element \" >\n\t\t<div class=\"wpb_wrapper\">\n\t\t\t<div style=\"text-align: justify;\" align=\"justify\">\n<p data-start=\"186\" data-end=\"425\">L\u2019emperador August d\u00f3na nom a la <strong data-start=\"219\" data-end=\"234\">Via Augusta<\/strong>, una ruta que <a href=\"https:\/\/ca.wikipedia.org\/wiki\/Via_Augusta\" target=\"_blank\" rel=\"noopener\">connectava Roma amb Cadis<\/a> i que tenia una longitud total de 2.975 km. La construcci\u00f3 d\u2019aquestes vies seguia tres criteris fonamentals: durabilitat, utilitat i accessibilitat.<\/p>\n<p data-start=\"427\" data-end=\"792\">El <strong data-start=\"430\" data-end=\"458\">Sender de la Via Augusta<\/strong> \u00e9s un itinerari practicable a peu o en bicicleta. La ruta s\u2019ha definit respectant en alguns trams el tra\u00e7at original i, en la majoria, discorre proper a l\u2019antic cam\u00ed, avui ocupat per vies d\u2019\u00fas exclusiu al tr\u00e0nsit rodat. Aquesta proximitat al tra\u00e7at hist\u00f2ric \u00e9s precisament la ra\u00f3 per la qual s\u2019anomena <strong data-start=\"761\" data-end=\"789\">Sender de la Via Augusta<\/strong>.<\/p>\n<p data-start=\"794\" data-end=\"1028\">El recorregut que proposem comen\u00e7a al <strong data-start=\"832\" data-end=\"864\">Pont del Diable de Martorell<\/strong> i finalitza a l\u2019<strong data-start=\"881\" data-end=\"896\">Arc de Ber\u00e0<\/strong>, al terme municipal de Roda de Ber\u00e0, tal com es descriu al llibre <em data-start=\"963\" data-end=\"989\">A peu per la Via Augusta<\/em> de C. Pla, J. A. Ventura i M. Vives.<\/p>\n<p data-start=\"1030\" data-end=\"1084\"><strong data-start=\"1030\" data-end=\"1082\">Etapes recomanades del Sender de la Via Augusta:<\/strong><\/p>\n<ul data-start=\"1086\" data-end=\"1867\">\n<li data-start=\"1086\" data-end=\"1329\">\n<p data-start=\"1088\" data-end=\"1329\"><strong data-start=\"1088\" data-end=\"1135\">Martorell \/ Sant Sadurn\u00ed (17\u202fkm, 4\u202fh a peu)<\/strong><br data-start=\"1135\" data-end=\"1138\" \/>Etapa d\u2019alta accessibilitat i curt recorregut. Destaquen el patrimoni arqueol\u00f2gic, com el Pont del Diable o de Sant Bartomeu i l\u2019Ermita de Santa Margarida. Tamb\u00e9 recomanable en bicicleta.<\/p>\n<\/li>\n<li data-start=\"1331\" data-end=\"1466\">\n<p data-start=\"1333\" data-end=\"1466\"><strong data-start=\"1333\" data-end=\"1381\">Sant Sadurn\u00ed \/ Els Monjos (23\u202fkm, 5\u202fh a peu)<\/strong><br data-start=\"1381\" data-end=\"1384\" \/>Etapa amb bona accessibilitat per\u00f2 m\u00e9s llarga. Recomanable tamb\u00e9 en bicicleta.<\/p>\n<\/li>\n<li data-start=\"1468\" data-end=\"1589\">\n<p data-start=\"1470\" data-end=\"1589\"><strong data-start=\"1470\" data-end=\"1521\">Els Monjos \/ Vendrell (18\u202fkm, 4\u202fh 30\u202fmin a peu)<\/strong><br data-start=\"1521\" data-end=\"1524\" \/>Paisatge vin\u00edcola caracter\u00edstic. Tamb\u00e9 apta per a bicicletes.<\/p>\n<\/li>\n<li data-start=\"1591\" data-end=\"1707\">\n<p data-start=\"1593\" data-end=\"1707\"><strong data-start=\"1593\" data-end=\"1635\">Vendrell \/ Creixell (13\u202fkm, 3\u202fh a peu)<\/strong><br data-start=\"1635\" data-end=\"1638\" \/>Destaca per les restes romanes a Creixell, com l\u2019<strong data-start=\"1689\" data-end=\"1704\">Arc de Ber\u00e0<\/strong>.<\/p>\n<\/li>\n<li data-start=\"1709\" data-end=\"1867\">\n<p data-start=\"1711\" data-end=\"1867\"><strong data-start=\"1711\" data-end=\"1765\">Roda de Ber\u00e0 \/ Tarragona (25\u202fkm, 5\u202fh 30\u202fmin a peu)<\/strong><br data-start=\"1765\" data-end=\"1768\" \/>Final del tram amb el conjunt arquitect\u00f2nic de <strong data-start=\"1817\" data-end=\"1828\">Tarraco<\/strong>, declarat Patrimoni de la Humanitat.<\/p>\n<\/li>\n<\/ul>\n<p data-start=\"1869\" data-end=\"2048\">El <strong data-start=\"1872\" data-end=\"1900\">Sender de la Via Augusta<\/strong> combina hist\u00f2ria, patrimoni arqueol\u00f2gic, <a href=\"https:\/\/turisme.martorell.cat\/patrimoni-natural-de-martorell\/\">paisatges naturals i culturals<\/a>, oferint una experi\u00e8ncia \u00fanica tant per a caminants com per a ciclistes.<\/p>\n<\/div>\n\n\t\t<\/div>\n\t<\/div>\n\n\t<div  class=\"wpb_single_image wpb_content_element vc_align_left\">\n\t\t\n\t\t<figure class=\"wpb_wrapper vc_figure\">\n\t\t\t<a data-rel=\"prettyPhoto[rel-1121-600158670]\" href=\"https:\/\/turisme.martorell.cat\/wp-content\/uploads\/2021\/09\/Turisme-ViaAugusta.jpg\" target=\"_self\" class=\"vc_single_image-wrapper   vc_box_border_grey prettyphoto\"><img loading=\"lazy\" decoding=\"async\" width=\"800\" height=\"397\" src=\"https:\/\/turisme.martorell.cat\/wp-content\/uploads\/2021\/09\/Turisme-ViaAugusta.jpg\" class=\"vc_single_image-img attachment-large\" alt=\"\" srcset=\"https:\/\/turisme.martorell.cat\/wp-content\/uploads\/2021\/09\/Turisme-ViaAugusta.jpg 800w, https:\/\/turisme.martorell.cat\/wp-content\/uploads\/2021\/09\/Turisme-ViaAugusta-300x149.jpg 300w, https:\/\/turisme.martorell.cat\/wp-content\/uploads\/2021\/09\/Turisme-ViaAugusta-768x381.jpg 768w\" sizes=\"auto, (max-width: 800px) 100vw, 800px\" \/><\/a>\n\t\t<\/figure>\n\t<\/div>\n<\/div><\/div><\/div><\/div>\n","protected":false},"excerpt":{"rendered":"SENDER DE LA VIA AUGUSTA L\u2019emperador August d\u00f3na nom a la Via Augusta, una ruta que connectava Roma amb Cadis i que tenia una longitud total de 2.975 km. La construcci\u00f3 d\u2019aquestes vies seguia tres criteris fonamentals: durabilitat, utilitat i accessibilitat. El Sender de la Via Augusta \u00e9s un itinerari practicable a peu o en [...]","protected":false},"author":1,"featured_media":1152,"parent":0,"menu_order":0,"comment_status":"closed","ping_status":"closed","template":"fullwidth-page.php","meta":{"_acf_changed":false,"footnotes":""},"class_list":["post-1121","page","type-page","status-publish","has-post-thumbnail","hentry"],"acf":[],"_links":{"self":[{"href":"https:\/\/turisme.martorell.cat\/fr\/wp-json\/wp\/v2\/pages\/1121","targetHints":{"allow":["GET"]}}],"collection":[{"href":"https:\/\/turisme.martorell.cat\/fr\/wp-json\/wp\/v2\/pages"}],"about":[{"href":"https:\/\/turisme.martorell.cat\/fr\/wp-json\/wp\/v2\/types\/page"}],"author":[{"embeddable":true,"href":"https:\/\/turisme.martorell.cat\/fr\/wp-json\/wp\/v2\/users\/1"}],"replies":[{"embeddable":true,"href":"https:\/\/turisme.martorell.cat\/fr\/wp-json\/wp\/v2\/comments?post=1121"}],"version-history":[{"count":10,"href":"https:\/\/turisme.martorell.cat\/fr\/wp-json\/wp\/v2\/pages\/1121\/revisions"}],"predecessor-version":[{"id":1563,"href":"https:\/\/turisme.martorell.cat\/fr\/wp-json\/wp\/v2\/pages\/1121\/revisions\/1563"}],"wp:featuredmedia":[{"embeddable":true,"href":"https:\/\/turisme.martorell.cat\/fr\/wp-json\/wp\/v2\/media\/1152"}],"wp:attachment":[{"href":"https:\/\/turisme.martorell.cat\/fr\/wp-json\/wp\/v2\/media?parent=1121"}],"curies":[{"name":"wp","href":"https:\/\/api.w.org\/{rel}","templated":true}]}}