{"id":1285,"date":"2021-09-20T07:39:04","date_gmt":"2021-09-20T07:39:04","guid":{"rendered":"https:\/\/turisme.martorell.cat\/?page_id=1285"},"modified":"2025-11-05T12:44:53","modified_gmt":"2025-11-05T12:44:53","slug":"sites-archeologiques-de-santa-margarida","status":"publish","type":"page","link":"https:\/\/turisme.martorell.cat\/fr\/jaciments-arqueologics-de-santa-margarida\/","title":{"rendered":"Sites Arch\u00e9ologiques"},"content":{"rendered":"<div data-vc-full-width=\"true\" data-vc-full-width-init=\"false\" class=\"vc_row wpb_row vc_row-fluid\"><div class=\"wpb_column vc_column_container vc_col-sm-12\"><div class=\"vc_column-inner\"><div class=\"wpb_wrapper\">\n\t<div class=\"wpb_text_column wpb_content_element\" >\n\t\t<div class=\"wpb_wrapper\">\n\t\t\t<h2>SITES ARCH\u00c9OLOGIQUES DE SANTA MARGARIDA<\/h2>\n\n\t\t<\/div>\n\t<\/div>\n\n\t<div  class=\"wpb_single_image wpb_content_element vc_align_left\">\n\t\t\n\t\t<figure class=\"wpb_wrapper vc_figure\">\n\t\t\t<div class=\"vc_single_image-wrapper   vc_box_border_grey\"><img loading=\"lazy\" decoding=\"async\" width=\"1172\" height=\"249\" src=\"https:\/\/turisme.martorell.cat\/wp-content\/uploads\/2021\/11\/capc_sta_margarida.jpg\" class=\"vc_single_image-img attachment-full\" alt=\"Sites arch\u00e9ologiques de Santa Margarida\" srcset=\"https:\/\/turisme.martorell.cat\/wp-content\/uploads\/2021\/11\/capc_sta_margarida.jpg 1172w, https:\/\/turisme.martorell.cat\/wp-content\/uploads\/2021\/11\/capc_sta_margarida-300x64.jpg 300w, https:\/\/turisme.martorell.cat\/wp-content\/uploads\/2021\/11\/capc_sta_margarida-1024x218.jpg 1024w, https:\/\/turisme.martorell.cat\/wp-content\/uploads\/2021\/11\/capc_sta_margarida-768x163.jpg 768w\" sizes=\"auto, (max-width: 1172px) 100vw, 1172px\" \/><\/div>\n\t\t<\/figure>\n\t<\/div>\n\n\t<div class=\"wpb_text_column wpb_content_element\" >\n\t\t<div class=\"wpb_wrapper\">\n\t\t\t<div align=\"justify\">\n<p data-start=\"137\" data-end=\"821\" class=\"translation-block\">Situ\u00e9s sur la plaine de l\u2019Anoia, on trouve les <strong>sites arch\u00e9ologiques de<\/strong> <strong>Santa Margarida<\/strong>, organis\u00e9s autour d\u2019une \u00e9glise romane de la fin du XIIe si\u00e8cle et d\u2019une maison de campagne du XVIe si\u00e8cle. Les terrains qu\u2019ils occupent, ainsi que ceux de l\u2019ancien monast\u00e8re de <a href=\"https:\/\/turisme.martorell.cat\/fr\/itineraire-dans-la-vila\/\" target=\"_self\">Sant Gen\u00eds de Rocafort<\/a>, ont \u00e9t\u00e9 c\u00e9d\u00e9s \u00e0 la commune par leur propri\u00e9taire, Pau Sendr\u00f3s, en 1967, afin que le site soit destin\u00e9 \u00e0 la recherche arch\u00e9ologique. Cette recherche a d\u00e9but\u00e9 en 1972 sous la direction du <a href=\"https:\/\/cemartorellencs.com\/\" target=\"_blank\" rel=\"noopener\">Centre d\u2019\u00c9tudes de Martorell<\/a>. Depuis 1981, le projet de recherche fait partie du programme de recherche du D\u00e9partement de Pr\u00e9histoire, Histoire Ancienne et Arch\u00e9ologie de l\u2019Universit\u00e9 de Barcelone.<\/p>\n<p data-start=\"823\" data-end=\"1516\">Les sites arch\u00e9ologiques de Santa Margarida pr\u00e9sentent une s\u00e9quence historique longue et continue, encore en cours d\u2019\u00e9tude, allant du Ve si\u00e8cle jusqu\u2019\u00e0 nos jours. Les \u00e9l\u00e9ments qui composent l\u2019ensemble sont : une \u00e9glise romane de la fin du XIIe si\u00e8cle, construite sur les ruines d\u2019une \u00e9glise pal\u00e9ochr\u00e9tienne du Ve si\u00e8cle ; une n\u00e9cropole, avec des vestiges du Ve au XVIIIe si\u00e8cle ; un ensemble de silos situ\u00e9s \u00e0 l\u2019int\u00e9rieur et \u00e0 l\u2019ext\u00e9rieur de l\u2019\u00e9glise, construits dans la premi\u00e8re moiti\u00e9 du XIe si\u00e8cle ; un ensemble de structures associ\u00e9es \u00e0 l\u2019\u00e9glise, \u00e0 fonction fun\u00e9raire, religieuse ou r\u00e9sidentielle ; et une maison de campagne du XVIIe si\u00e8cle, construite sur une structure du XVIe si\u00e8cle et comportant des \u00e9l\u00e9ments du XIVe si\u00e8cle.<\/p>\n<p data-start=\"1518\" data-end=\"1597\">\u00c0 l\u2019int\u00e9rieur de la ferme, on peut visiter l\u2019exposition monographique du site.<\/p>\n<\/div>\n\n\t\t<\/div>\n\t<\/div>\n<\/div><\/div><\/div><\/div><div class=\"vc_row-full-width vc_clearfix\"><\/div>","protected":false},"excerpt":{"rendered":"JACIMENTS ARQUEOL\u00d2GICS DE SANTA MARGARIDA Situat a la plana de l'Anoia, trobem els jaciments arqueol\u00f2gics de Santa Margarida, que s'articulen al voltant d'una esgl\u00e9sia rom\u00e0nica de finals del segle XII i d'una masia del segle XVI. Els terrenys que ocupa, juntament amb els de l'antic monestir de Sant Gen\u00eds de Rocafort, van ser cedits al [...]","protected":false},"author":1,"featured_media":1365,"parent":0,"menu_order":0,"comment_status":"closed","ping_status":"closed","template":"fullwidth-page.php","meta":{"_acf_changed":false,"footnotes":""},"class_list":["post-1285","page","type-page","status-publish","has-post-thumbnail","hentry"],"acf":[],"_links":{"self":[{"href":"https:\/\/turisme.martorell.cat\/fr\/wp-json\/wp\/v2\/pages\/1285","targetHints":{"allow":["GET"]}}],"collection":[{"href":"https:\/\/turisme.martorell.cat\/fr\/wp-json\/wp\/v2\/pages"}],"about":[{"href":"https:\/\/turisme.martorell.cat\/fr\/wp-json\/wp\/v2\/types\/page"}],"author":[{"embeddable":true,"href":"https:\/\/turisme.martorell.cat\/fr\/wp-json\/wp\/v2\/users\/1"}],"replies":[{"embeddable":true,"href":"https:\/\/turisme.martorell.cat\/fr\/wp-json\/wp\/v2\/comments?post=1285"}],"version-history":[{"count":9,"href":"https:\/\/turisme.martorell.cat\/fr\/wp-json\/wp\/v2\/pages\/1285\/revisions"}],"predecessor-version":[{"id":1547,"href":"https:\/\/turisme.martorell.cat\/fr\/wp-json\/wp\/v2\/pages\/1285\/revisions\/1547"}],"wp:featuredmedia":[{"embeddable":true,"href":"https:\/\/turisme.martorell.cat\/fr\/wp-json\/wp\/v2\/media\/1365"}],"wp:attachment":[{"href":"https:\/\/turisme.martorell.cat\/fr\/wp-json\/wp\/v2\/media?parent=1285"}],"curies":[{"name":"wp","href":"https:\/\/api.w.org\/{rel}","templated":true}]}}