{"id":1332,"date":"2021-11-04T11:09:21","date_gmt":"2021-11-04T11:09:21","guid":{"rendered":"https:\/\/turisme.martorell.cat\/?page_id=1332"},"modified":"2025-11-06T07:41:06","modified_gmt":"2025-11-06T07:41:06","slug":"route-du-fleuve-anoia-et-chaine-de-lataix","status":"publish","type":"page","link":"https:\/\/turisme.martorell.cat\/fr\/ruta-del-riu-anoia-i-serra-de-lataix\/","title":{"rendered":"Ruta del Riu Anoia i Serra de l&#8217;Ataix"},"content":{"rendered":"<div class=\"vc_row wpb_row vc_row-fluid\"><div class=\"wpb_column vc_column_container vc_col-sm-12\"><div class=\"vc_column-inner\"><div class=\"wpb_wrapper\">\n\t<div class=\"wpb_text_column wpb_content_element\" >\n\t\t<div class=\"wpb_wrapper\">\n\t\t\t<h2><span style=\"font-size: 24pt;\">ROUTE DU FLEUVE ANOIA ET SIERRA DE L\u2019ATAIX<\/span><\/h2>\n\n\t\t<\/div>\n\t<\/div>\n\n\t<div  class=\"wpb_single_image wpb_content_element vc_align_left\">\n\t\t\n\t\t<figure class=\"wpb_wrapper vc_figure\">\n\t\t\t<div class=\"vc_single_image-wrapper   vc_box_border_grey\"><img loading=\"lazy\" decoding=\"async\" width=\"1920\" height=\"500\" src=\"https:\/\/turisme.martorell.cat\/wp-content\/uploads\/2020\/05\/slider_ataix.jpg\" class=\"vc_single_image-img attachment-full\" alt=\"\" srcset=\"https:\/\/turisme.martorell.cat\/wp-content\/uploads\/2020\/05\/slider_ataix.jpg 1920w, https:\/\/turisme.martorell.cat\/wp-content\/uploads\/2020\/05\/slider_ataix-300x78.jpg 300w, https:\/\/turisme.martorell.cat\/wp-content\/uploads\/2020\/05\/slider_ataix-1024x267.jpg 1024w, https:\/\/turisme.martorell.cat\/wp-content\/uploads\/2020\/05\/slider_ataix-768x200.jpg 768w, https:\/\/turisme.martorell.cat\/wp-content\/uploads\/2020\/05\/slider_ataix-1536x400.jpg 1536w\" sizes=\"auto, (max-width: 1920px) 100vw, 1920px\" \/><\/div>\n\t\t<\/figure>\n\t<\/div>\n\n\t<div class=\"wpb_text_column wpb_content_element\" >\n\t\t<div class=\"wpb_wrapper\">\n\t\t\t<div style=\"text-align: justify;\" align=\"justify\">\n<p data-start=\"237\" data-end=\"661\" class=\"translation-block\">La <strong data-start=\"240\" data-end=\"284\">route du fleuve Anoia et de la cha\u00eene de l\u2019Ataix<\/strong> propose de d\u00e9couvrir deux environnements embl\u00e9matiques de Martorell. D\u2019une part, l\u2019entorno du <strong data-start=\"371\" data-end=\"384\">fleuve Anoia<\/strong>, avec sa for\u00eat de rive, son moulin \u00e0 farine et ses potagers encore productifs\u202f; et d\u2019autre part, la <strong data-start=\"477\" data-end=\"497\">cha\u00eene de l\u2019Ataix<\/strong>, avec son relief escarp\u00e9 de falaises rouges, des vues infinies sur la montagne de Montserrat, des cabanes en pierre s\u00e8che et les curieuses tourelles de communication.<\/p>\n<p data-start=\"663\" data-end=\"761\" class=\"translation-block\">La difficult\u00e9 est moyenne, avec une distance de <strong data-start=\"709\" data-end=\"719\">8,5 km<\/strong> et une dur\u00e9e approximative de <strong data-start=\"747\" data-end=\"758\">3 heures<\/strong>.<\/p>\n<p data-start=\"763\" data-end=\"1309\" class=\"translation-block\">Nous commen\u00e7ons l\u2019itin\u00e9raire sur le parking am\u00e9nag\u00e9 sous le <strong data-start=\"813\" data-end=\"829\">pont d\u2019Anoia<\/strong> et nous empruntons le <strong data-start=\"842\" data-end=\"867\">chemin du Mol\u00ed Fariner<\/strong> en suivant le cours de la rivi\u00e8re Anoia. Nous marcherons jusqu\u2019au <a href=\"https:\/\/www.poblesdecatalunya.cat\/element.php?e=121\" target=\"_blank\" rel=\"noopener\">Mol\u00ed Fariner<\/a>, bord\u00e9s par les potagers de l\u2019Anoia sur notre droite et par la rivi\u00e8re sur notre gauche. Nous traverserons la rivi\u00e8re \u00e0 hauteur du moulin et nous nous dirigerons vers <strong data-start=\"1081\" data-end=\"1100\">Santa Margarida<\/strong>, en passant d\u2019abord devant le cimeti\u00e8re. \u00c0 ce point, nous tournerons et marcherons parall\u00e8lement \u00e0 l\u2019AP-7 pendant une centaine de m\u00e8tres, accompagn\u00e9s par des pins, des aulnes et des peupliers sur le c\u00f4t\u00e9 gauche du chemin.<\/p>\n<p data-start=\"1311\" data-end=\"1698\" class=\"translation-block\">Une fois situ\u00e9s sous l\u2019AP-7, nous ferons demi-tour et monterons par un chemin \u00e9troit entre d\u2019anciens vignobles et oliveraies abandonn\u00e9s depuis longtemps. Ce sentier nous conduira jusqu\u2019au <strong data-start=\"1507\" data-end=\"1530\">torrent de Rocafort<\/strong>, que nous laisserons sur notre droite pour prendre un autre chemin qui longe les falaises de gr\u00e8s rouge jusqu\u2019au sommet de la <strong data-start=\"1675\" data-end=\"1695\">serra de l\u2019Ataix<\/strong>.<\/p>\n<p data-start=\"1700\" data-end=\"1964\" class=\"translation-block\">Au sommet de la Serra, la vue sur le <strong data-start=\"1732\" data-end=\"1745\">Llobregat<\/strong> et sur la montagne de Montserrat est spectaculaire. Sur la Serra, nous visiterons quelques cabanes en pierre s\u00e8che construites pr\u00e8s d\u2019anciens vignobles et oliveraies, et d\u00e9couvrirons diff\u00e9rentes esp\u00e8ces de faune et de flore locales.<\/p>\n<p data-start=\"1966\" data-end=\"2357\" class=\"translation-block\">Une fois arriv\u00e9s en haut de la cr\u00eate, nous tournerons \u00e0 droite par une large et confortable piste foresti\u00e8re en direction des <strong data-start=\"2070\" data-end=\"2082\">Torretes<\/strong>, que nous visiterons pour conna\u00eetre leur fonction et leur construction. Apr\u00e8s avoir vu le belv\u00e9d\u00e8re de la <strong data-start=\"2175\" data-end=\"2197\">Torreta Griminella<\/strong>, nous entamerons une descente plus prononc\u00e9e jusqu\u2019\u00e0 rejoindre \u00e0 nouveau <a href=\"https:\/\/turisme.martorell.cat\/fr\/itineraire-dans-la-vila\/\" target=\"_self\">le centre urbain de Martorell<\/a>, au bord du <strong data-start=\"2298\" data-end=\"2315\">fleuve Llobregat<\/strong> et de son imposant <strong data-start=\"2335\" data-end=\"2354\">Pont du Diable<\/strong>.<\/p>\n<p data-start=\"2359\" data-end=\"2523\" class=\"translation-block\">Enfin, il ne nous restera plus qu\u2019\u00e0 marcher sur la plaine entre les vergers, en retrouvant le cours du <strong data-start=\"2439\" data-end=\"2452\">fleuve Anoia<\/strong>, jusqu\u2019au point de d\u00e9part, compl\u00e9tant ainsi la <strong data-start=\"2498\" data-end=\"2520\">route du fleuve Anoia<\/strong>.<\/p>\n<\/div>\n\n\t\t<\/div>\n\t<\/div>\n<\/div><\/div><\/div><\/div>","protected":false},"excerpt":{"rendered":"RUTA DEL RIU ANOIA I SERRA DE L'ATAIX La ruta del riu Anoia i la serra de l'Ataix ens proposa con\u00e8ixer dos ambients emblem\u00e0tics de Martorell. D\u2019una banda, l\u2019entorn del riu Anoia, amb el seu bosc de ribera, el mol\u00ed fariner i els horts encara productius; i de l\u2019altra, la serra de l'Ataix, amb el [...]","protected":false},"author":2,"featured_media":1274,"parent":0,"menu_order":0,"comment_status":"closed","ping_status":"closed","template":"fullwidth-page.php","meta":{"_acf_changed":false,"footnotes":""},"class_list":["post-1332","page","type-page","status-publish","has-post-thumbnail","hentry"],"acf":[],"_links":{"self":[{"href":"https:\/\/turisme.martorell.cat\/fr\/wp-json\/wp\/v2\/pages\/1332","targetHints":{"allow":["GET"]}}],"collection":[{"href":"https:\/\/turisme.martorell.cat\/fr\/wp-json\/wp\/v2\/pages"}],"about":[{"href":"https:\/\/turisme.martorell.cat\/fr\/wp-json\/wp\/v2\/types\/page"}],"author":[{"embeddable":true,"href":"https:\/\/turisme.martorell.cat\/fr\/wp-json\/wp\/v2\/users\/2"}],"replies":[{"embeddable":true,"href":"https:\/\/turisme.martorell.cat\/fr\/wp-json\/wp\/v2\/comments?post=1332"}],"version-history":[{"count":5,"href":"https:\/\/turisme.martorell.cat\/fr\/wp-json\/wp\/v2\/pages\/1332\/revisions"}],"predecessor-version":[{"id":1559,"href":"https:\/\/turisme.martorell.cat\/fr\/wp-json\/wp\/v2\/pages\/1332\/revisions\/1559"}],"wp:featuredmedia":[{"embeddable":true,"href":"https:\/\/turisme.martorell.cat\/fr\/wp-json\/wp\/v2\/media\/1274"}],"wp:attachment":[{"href":"https:\/\/turisme.martorell.cat\/fr\/wp-json\/wp\/v2\/media?parent=1332"}],"curies":[{"name":"wp","href":"https:\/\/api.w.org\/{rel}","templated":true}]}}