{"id":1334,"date":"2021-11-03T14:25:55","date_gmt":"2021-11-03T14:25:55","guid":{"rendered":"https:\/\/turisme.martorell.cat\/?page_id=1334"},"modified":"2025-11-05T10:34:19","modified_gmt":"2025-11-05T10:34:19","slug":"la-magie-de-noel","status":"publish","type":"page","link":"https:\/\/turisme.martorell.cat\/fr\/la-magia-del-nadal\/","title":{"rendered":"La Magie de No\u00ebl"},"content":{"rendered":"<div class=\"vc_row wpb_row vc_row-fluid\"><div class=\"wpb_column vc_column_container vc_col-sm-12\"><div class=\"vc_column-inner\"><div class=\"wpb_wrapper\">\n\t<div class=\"wpb_text_column wpb_content_element\" >\n\t\t<div class=\"wpb_wrapper\">\n\t\t\t<h2><span style=\"font-size: 24pt;\">LA MAGIE DE NO\u00cbL<\/span><\/h2>\n\n\t\t<\/div>\n\t<\/div>\n\n\t<div  class=\"wpb_single_image wpb_content_element vc_align_left\">\n\t\t\n\t\t<figure class=\"wpb_wrapper vc_figure\">\n\t\t\t<div class=\"vc_single_image-wrapper   vc_box_border_grey\"><img loading=\"lazy\" decoding=\"async\" width=\"1172\" height=\"249\" src=\"https:\/\/turisme.martorell.cat\/wp-content\/uploads\/2021\/11\/capc_nadal.jpg\" class=\"vc_single_image-img attachment-full\" alt=\"La Magie de No\u00ebl \u00e0 Martorell\" srcset=\"https:\/\/turisme.martorell.cat\/wp-content\/uploads\/2021\/11\/capc_nadal.jpg 1172w, https:\/\/turisme.martorell.cat\/wp-content\/uploads\/2021\/11\/capc_nadal-300x64.jpg 300w, https:\/\/turisme.martorell.cat\/wp-content\/uploads\/2021\/11\/capc_nadal-1024x218.jpg 1024w, https:\/\/turisme.martorell.cat\/wp-content\/uploads\/2021\/11\/capc_nadal-768x163.jpg 768w\" sizes=\"auto, (max-width: 1172px) 100vw, 1172px\" \/><\/div>\n\t\t<\/figure>\n\t<\/div>\n\n\t<div class=\"wpb_text_column wpb_content_element\" >\n\t\t<div class=\"wpb_wrapper\">\n\t\t\t<div style=\"text-align: justify;\" align=\"justify\">\n<p data-start=\"215\" data-end=\"762\" class=\"translation-block\">Pendant les f\u00eates de No\u00ebl, la municipalit\u00e9 de Martorell programme une large gamme d\u2019activit\u00e9s et d\u2019expositions sp\u00e9cialement con\u00e7ues pour les enfants et les familles, dans le cadre de l\u2019initiative municipale <strong data-start=\"415\" data-end=\"439\">\u00ab <a href=\"https:\/\/martorell.cat\/nadal\" target=\"_blank\" rel=\"noopener\">La Magie de No\u00ebl<\/a> \u00bb<\/strong>.<\/p>\n<p data-start=\"215\" data-end=\"762\" class=\"translation-block\">Parmi les propositions les plus remarquables se trouvent le traditionnel <strong data-start=\"497\" data-end=\"504\">Ti\u00f3<\/strong>, qui apporte joie et surprises aux plus petits ; des ateliers cr\u00e9atifs de bricolage et de d\u00e9coration de No\u00ebl ; une patinoire pour pratiquer des sports en plein air ; et le <strong data-start=\"670\" data-end=\"689\">March\u00e9 de No\u00ebl<\/strong>, avec des produits artisanaux, des douceurs typiques et des cadeaux pour tous les go\u00fbts.<\/p>\n<p data-start=\"764\" data-end=\"1176\" class=\"translation-block\">De plus, pendant cette p\u00e9riode, on peut \u00e9galement assister \u00e0 des spectacles de th\u00e9\u00e2tre et de musique, \u00e0 des activit\u00e9s de contes, \u00e0 des s\u00e9ances de cin\u00e9ma familial et \u00e0 <a href=\"https:\/\/turisme.martorell.cat\/fr\/itineraire-des-sgraffites\/\" target=\"_self\">des parcours th\u00e9matiques dans le centre de la ville<\/a> avec des lumi\u00e8res et des d\u00e9corations de No\u00ebl. La programmation vise \u00e0 combiner divertissement, culture et tradition, offrant des exp\u00e9riences qui favorisent la participation de toute la famille et cr\u00e9ent une ambiance magique typique de No\u00ebl \u00e0 Martorell.<\/p>\n<\/div>\n\n\t\t<\/div>\n\t<\/div>\n\n\t<div class=\"wpb_text_column wpb_content_element\" >\n\t\t<div class=\"wpb_wrapper\">\n\t\t\t<div class=\"linksPostVB metasVBPosts\">\n<ul>\n<li><a href=\"https:\/\/martorelldigital.cat\/rebuda-dels-reis-mags-2021\/\" target=\"_blank\" rel=\"nofollow noopener\"><strong>Album photo Activit\u00e9s 2020-21<\/strong><\/a><\/li>\n<li><a href=\"https:\/\/martorelldigital.cat\/llums-de-nadal-2020\/\" target=\"_blank\" rel=\"nofollow noopener\"><strong>Album photo \u00ab Martorell illumine No\u00ebl \u00bb<\/strong><\/a><\/li>\n<\/ul>\n<\/div>\n\n\t\t<\/div>\n\t<\/div>\n<\/div><\/div><\/div><\/div>","protected":false},"excerpt":{"rendered":"LA M\u00c0GIA DEL NADAL Durant les festes de Nadal, el municipi de Martorell programa un ampli ventall d\u2019activitats i exposicions pensades especialment per als infants i les fam\u00edlies, emmarcades dins la iniciativa municipal \u201cLa M\u00e0gia del Nadal\u201d. Entre les propostes m\u00e9s destacades hi ha el tradicional Ti\u00f3, que porta il\u00b7lusi\u00f3 i sorpreses als m\u00e9s petits; [...]","protected":false},"author":2,"featured_media":1362,"parent":0,"menu_order":0,"comment_status":"closed","ping_status":"closed","template":"fullwidth-page.php","meta":{"_acf_changed":false,"footnotes":""},"class_list":["post-1334","page","type-page","status-publish","has-post-thumbnail","hentry"],"acf":[],"_links":{"self":[{"href":"https:\/\/turisme.martorell.cat\/fr\/wp-json\/wp\/v2\/pages\/1334","targetHints":{"allow":["GET"]}}],"collection":[{"href":"https:\/\/turisme.martorell.cat\/fr\/wp-json\/wp\/v2\/pages"}],"about":[{"href":"https:\/\/turisme.martorell.cat\/fr\/wp-json\/wp\/v2\/types\/page"}],"author":[{"embeddable":true,"href":"https:\/\/turisme.martorell.cat\/fr\/wp-json\/wp\/v2\/users\/2"}],"replies":[{"embeddable":true,"href":"https:\/\/turisme.martorell.cat\/fr\/wp-json\/wp\/v2\/comments?post=1334"}],"version-history":[{"count":8,"href":"https:\/\/turisme.martorell.cat\/fr\/wp-json\/wp\/v2\/pages\/1334\/revisions"}],"predecessor-version":[{"id":1540,"href":"https:\/\/turisme.martorell.cat\/fr\/wp-json\/wp\/v2\/pages\/1334\/revisions\/1540"}],"wp:featuredmedia":[{"embeddable":true,"href":"https:\/\/turisme.martorell.cat\/fr\/wp-json\/wp\/v2\/media\/1362"}],"wp:attachment":[{"href":"https:\/\/turisme.martorell.cat\/fr\/wp-json\/wp\/v2\/media?parent=1334"}],"curies":[{"name":"wp","href":"https:\/\/api.w.org\/{rel}","templated":true}]}}