{"id":1336,"date":"2021-11-03T14:27:07","date_gmt":"2021-11-03T14:27:07","guid":{"rendered":"https:\/\/turisme.martorell.cat\/?page_id=1336"},"modified":"2025-11-05T09:17:53","modified_gmt":"2025-11-05T09:17:53","slug":"pas-martorell","status":"publish","type":"page","link":"https:\/\/turisme.martorell.cat\/fr\/pas-martorell\/","title":{"rendered":"PAS Martorell | Pont des Arts Sonores"},"content":{"rendered":"<div class=\"vc_row wpb_row vc_row-fluid\"><div class=\"wpb_column vc_column_container vc_col-sm-12\"><div class=\"vc_column-inner\"><div class=\"wpb_wrapper\">\n\t<div class=\"wpb_text_column wpb_content_element\" >\n\t\t<div class=\"wpb_wrapper\">\n\t\t\t<h2><span style=\"font-size: 24pt;\">PAS Martorell | Pont des Arts Sonores<\/span><\/h2>\n\n\t\t<\/div>\n\t<\/div>\n\n\t<div  class=\"wpb_single_image wpb_content_element vc_align_left\">\n\t\t\n\t\t<figure class=\"wpb_wrapper vc_figure\">\n\t\t\t<div class=\"vc_single_image-wrapper   vc_box_border_grey\"><img loading=\"lazy\" decoding=\"async\" width=\"1172\" height=\"249\" src=\"https:\/\/turisme.martorell.cat\/wp-content\/uploads\/2021\/11\/capc_pas.jpg\" class=\"vc_single_image-img attachment-full\" alt=\"PAS Martorell\" srcset=\"https:\/\/turisme.martorell.cat\/wp-content\/uploads\/2021\/11\/capc_pas.jpg 1172w, https:\/\/turisme.martorell.cat\/wp-content\/uploads\/2021\/11\/capc_pas-300x64.jpg 300w, https:\/\/turisme.martorell.cat\/wp-content\/uploads\/2021\/11\/capc_pas-1024x218.jpg 1024w, https:\/\/turisme.martorell.cat\/wp-content\/uploads\/2021\/11\/capc_pas-768x163.jpg 768w\" sizes=\"auto, (max-width: 1172px) 100vw, 1172px\" \/><\/div>\n\t\t<\/figure>\n\t<\/div>\n\n\t<div class=\"wpb_text_column wpb_content_element\" >\n\t\t<div class=\"wpb_wrapper\">\n\t\t\t<div style=\"text-align: justify;\" align=\"justify\">\n<p class=\"translation-block\">Le <a href=\"https:\/\/pas.martorell.cat\/\" target=\"_blank\" rel=\"noopener\">PAS Martorell<\/a> est un festival musical d\u2019\u00e9t\u00e9, qui se tient entre juillet et ao\u00fbt et propose des concerts vari\u00e9s et de grande qualit\u00e9 dans un cadre exceptionnel tel que le <a href=\"https:\/\/turisme.martorell.cat\/fr\/patrimoine-culturel-de-martorell\/\" target=\"_self\">Pont du Diable<\/a>, et qui a r\u00e9cemment int\u00e9gr\u00e9 \u00e9galement l\u2019espace de la piscine d\u2019\u00e9t\u00e9.<\/p>\n<p>Le festival inclut \u00e9galement des activit\u00e9s culturelles, ludiques et festives, ainsi qu\u2019une offre gastronomique autour des spectacles.<\/p>\n<\/div>\n\n\t\t<\/div>\n\t<\/div>\n<\/div><\/div><\/div><\/div><div class=\"vc_row wpb_row vc_row-fluid\"><div class=\"wpb_column vc_column_container vc_col-sm-12\"><div class=\"vc_column-inner\"><div class=\"wpb_wrapper\">\n\t<div class=\"wpb_text_column wpb_content_element\" >\n\t\t<div class=\"wpb_wrapper\">\n\t\t\t<div class=\"linksPostVB metasVBPosts\">\n<ul>\n<li><a href=\"https:\/\/martorelldigital.cat\/festival-pas\/\" target=\"_blank\" rel=\"nofollow noopener\"><i class=\"fa fa-play\"><\/i><strong>Album photo PAS 2021<\/strong><\/a><\/li>\n<\/ul>\n<\/div>\n\n\t\t<\/div>\n\t<\/div>\n<\/div><\/div><\/div><\/div>","protected":false},"excerpt":{"rendered":"PAS Martorell | Pont a les Arts Sonores El PAS Martorell \u00e9s un festival musical d\u2019estiu, que es celebra entre els mesos de juliol i agost, i ofereix actuacions musicals de qualitat, molt diverses, en un marc incomparable com \u00e9s el Pont del Diable i que darrerament ha incorporat l\u2019espai de la piscina d\u2019estiu. El [...]","protected":false},"author":2,"featured_media":1363,"parent":0,"menu_order":0,"comment_status":"closed","ping_status":"closed","template":"fullwidth-page.php","meta":{"_acf_changed":false,"footnotes":""},"class_list":["post-1336","page","type-page","status-publish","has-post-thumbnail","hentry"],"acf":[],"_links":{"self":[{"href":"https:\/\/turisme.martorell.cat\/fr\/wp-json\/wp\/v2\/pages\/1336","targetHints":{"allow":["GET"]}}],"collection":[{"href":"https:\/\/turisme.martorell.cat\/fr\/wp-json\/wp\/v2\/pages"}],"about":[{"href":"https:\/\/turisme.martorell.cat\/fr\/wp-json\/wp\/v2\/types\/page"}],"author":[{"embeddable":true,"href":"https:\/\/turisme.martorell.cat\/fr\/wp-json\/wp\/v2\/users\/2"}],"replies":[{"embeddable":true,"href":"https:\/\/turisme.martorell.cat\/fr\/wp-json\/wp\/v2\/comments?post=1336"}],"version-history":[{"count":7,"href":"https:\/\/turisme.martorell.cat\/fr\/wp-json\/wp\/v2\/pages\/1336\/revisions"}],"predecessor-version":[{"id":1531,"href":"https:\/\/turisme.martorell.cat\/fr\/wp-json\/wp\/v2\/pages\/1336\/revisions\/1531"}],"wp:featuredmedia":[{"embeddable":true,"href":"https:\/\/turisme.martorell.cat\/fr\/wp-json\/wp\/v2\/media\/1363"}],"wp:attachment":[{"href":"https:\/\/turisme.martorell.cat\/fr\/wp-json\/wp\/v2\/media?parent=1336"}],"curies":[{"name":"wp","href":"https:\/\/api.w.org\/{rel}","templated":true}]}}