{"id":1338,"date":"2021-11-03T14:30:40","date_gmt":"2021-11-03T14:30:40","guid":{"rendered":"https:\/\/turisme.martorell.cat\/?page_id=1338"},"modified":"2025-11-06T09:14:42","modified_gmt":"2025-11-06T09:14:42","slug":"bal-de-la-quadrilla","status":"publish","type":"page","link":"https:\/\/turisme.martorell.cat\/fr\/ball-de-la-quadrilla\/","title":{"rendered":"Le Bal de la Quadrilla"},"content":{"rendered":"<div class=\"vc_row wpb_row vc_row-fluid\"><div class=\"wpb_column vc_column_container vc_col-sm-12\"><div class=\"vc_column-inner\"><div class=\"wpb_wrapper\">\n\t<div class=\"wpb_text_column wpb_content_element\" >\n\t\t<div class=\"wpb_wrapper\">\n\t\t\t<h2><span style=\"font-size: 24pt;\">LE BAL DE LA QUADRILLA<\/span><\/h2>\n\n\t\t<\/div>\n\t<\/div>\n\n\t<div  class=\"wpb_single_image wpb_content_element vc_align_left\">\n\t\t\n\t\t<figure class=\"wpb_wrapper vc_figure\">\n\t\t\t<div class=\"vc_single_image-wrapper   vc_box_border_grey\"><img loading=\"lazy\" decoding=\"async\" width=\"1172\" height=\"249\" src=\"https:\/\/turisme.martorell.cat\/wp-content\/uploads\/2021\/11\/capc_quadrilla.jpg\" class=\"vc_single_image-img attachment-full\" alt=\"Bal de la Quadrilla\" srcset=\"https:\/\/turisme.martorell.cat\/wp-content\/uploads\/2021\/11\/capc_quadrilla.jpg 1172w, https:\/\/turisme.martorell.cat\/wp-content\/uploads\/2021\/11\/capc_quadrilla-300x64.jpg 300w, https:\/\/turisme.martorell.cat\/wp-content\/uploads\/2021\/11\/capc_quadrilla-1024x218.jpg 1024w, https:\/\/turisme.martorell.cat\/wp-content\/uploads\/2021\/11\/capc_quadrilla-768x163.jpg 768w\" sizes=\"auto, (max-width: 1172px) 100vw, 1172px\" \/><\/div>\n\t\t<\/figure>\n\t<\/div>\n\n\t<div class=\"wpb_text_column wpb_content_element\" >\n\t\t<div class=\"wpb_wrapper\">\n\t\t\t<div style=\"text-align: justify;\" align=\"justify\">\n<p style=\"text-align: justify;\" class=\"translation-block\">Apr\u00e8s le carnaval, l\u2019association <span style=\"color: #000000\"><a style=\"color: #000000\" href=\"https:\/\/turisme.martorell.cat\/fr\/patrimoine-culturel-de-martorell\/\" rel=\"nofollow\" target=\"_self\">El Progr\u00e9s<\/a><\/span> organise <strong>le Bal de la Quadrilla<\/strong>, un bal de gala o\u00f9 l\u2019on interpr\u00e8te la partie la plus populaire et connue de La Quadrilla, une danse typique du mardi de Carnaval et que l\u2019<a href=\"https:\/\/ca.wikipedia.org\/wiki\/Esbart_dansaire\" target=\"_blank\" rel=\"noopener\">Esbart Dansaire<\/a> a r\u00e9cup\u00e9r\u00e9e en 1956.<\/p>\n<\/div>\n\n\t\t<\/div>\n\t<\/div>\n<\/div><\/div><\/div><\/div>","protected":false},"excerpt":{"rendered":"EL BALL DE LA QUADRILLA Passat el carnestoltes,\u00a0l\u2019entitat El Progr\u00e9s\u00a0organitza el Ball de la Quadrilla, un ball de gala on s\u2019interpreta la part m\u00e9s popular i coneguda de La Quadrilla, un ball caracter\u00edstic del dimarts de Carnaval i que va recuperar l\u2019Esbart Dansaire l\u2019any 1956.","protected":false},"author":2,"featured_media":1364,"parent":0,"menu_order":0,"comment_status":"closed","ping_status":"closed","template":"fullwidth-page.php","meta":{"_acf_changed":false,"footnotes":""},"class_list":["post-1338","page","type-page","status-publish","has-post-thumbnail","hentry"],"acf":[],"_links":{"self":[{"href":"https:\/\/turisme.martorell.cat\/fr\/wp-json\/wp\/v2\/pages\/1338","targetHints":{"allow":["GET"]}}],"collection":[{"href":"https:\/\/turisme.martorell.cat\/fr\/wp-json\/wp\/v2\/pages"}],"about":[{"href":"https:\/\/turisme.martorell.cat\/fr\/wp-json\/wp\/v2\/types\/page"}],"author":[{"embeddable":true,"href":"https:\/\/turisme.martorell.cat\/fr\/wp-json\/wp\/v2\/users\/2"}],"replies":[{"embeddable":true,"href":"https:\/\/turisme.martorell.cat\/fr\/wp-json\/wp\/v2\/comments?post=1338"}],"version-history":[{"count":8,"href":"https:\/\/turisme.martorell.cat\/fr\/wp-json\/wp\/v2\/pages\/1338\/revisions"}],"predecessor-version":[{"id":1567,"href":"https:\/\/turisme.martorell.cat\/fr\/wp-json\/wp\/v2\/pages\/1338\/revisions\/1567"}],"wp:featuredmedia":[{"embeddable":true,"href":"https:\/\/turisme.martorell.cat\/fr\/wp-json\/wp\/v2\/media\/1364"}],"wp:attachment":[{"href":"https:\/\/turisme.martorell.cat\/fr\/wp-json\/wp\/v2\/media?parent=1338"}],"curies":[{"name":"wp","href":"https:\/\/api.w.org\/{rel}","templated":true}]}}