{"id":1344,"date":"2021-11-03T14:36:03","date_gmt":"2021-11-03T14:36:03","guid":{"rendered":"https:\/\/turisme.martorell.cat\/?page_id=1344"},"modified":"2025-11-05T13:08:52","modified_gmt":"2025-11-05T13:08:52","slug":"point-de-vue-de-la-tour-griminella","status":"publish","type":"page","link":"https:\/\/turisme.martorell.cat\/fr\/mirador-de-la-torre-griminella\/","title":{"rendered":"Belv\u00e9d\u00e8re de la Tour Griminella"},"content":{"rendered":"<div data-vc-full-width=\"true\" data-vc-full-width-init=\"false\" class=\"vc_row wpb_row vc_row-fluid\"><div class=\"wpb_column vc_column_container vc_col-sm-12\"><div class=\"vc_column-inner\"><div class=\"wpb_wrapper\">\n\t<div class=\"wpb_text_column wpb_content_element\" >\n\t\t<div class=\"wpb_wrapper\">\n\t\t\t<h2><span style=\"font-size: 24pt;\">POINT DE VUE DE LA TOUR GRIMINELLA<\/span><\/h2>\n\n\t\t<\/div>\n\t<\/div>\n\n\t<div  class=\"wpb_single_image wpb_content_element vc_align_left\">\n\t\t\n\t\t<figure class=\"wpb_wrapper vc_figure\">\n\t\t\t<div class=\"vc_single_image-wrapper   vc_box_border_grey\"><img loading=\"lazy\" decoding=\"async\" width=\"1172\" height=\"249\" src=\"https:\/\/turisme.martorell.cat\/wp-content\/uploads\/2025\/11\/Unknown2-e1762348080751.jpeg\" class=\"vc_single_image-img attachment-full\" alt=\"Torre Griminella\" srcset=\"https:\/\/turisme.martorell.cat\/wp-content\/uploads\/2025\/11\/Unknown2-e1762348080751.jpeg 1172w, https:\/\/turisme.martorell.cat\/wp-content\/uploads\/2025\/11\/Unknown2-e1762348080751-300x64.jpeg 300w, https:\/\/turisme.martorell.cat\/wp-content\/uploads\/2025\/11\/Unknown2-e1762348080751-1024x218.jpeg 1024w, https:\/\/turisme.martorell.cat\/wp-content\/uploads\/2025\/11\/Unknown2-e1762348080751-768x163.jpeg 768w, https:\/\/turisme.martorell.cat\/wp-content\/uploads\/2025\/11\/Unknown2-e1762348080751-18x4.jpeg 18w\" sizes=\"auto, (max-width: 1172px) 100vw, 1172px\" \/><\/div>\n\t\t<\/figure>\n\t<\/div>\n\n\t<div class=\"wpb_text_column wpb_content_element\" >\n\t\t<div class=\"wpb_wrapper\">\n\t\t\t<p data-start=\"149\" data-end=\"748\" class=\"translation-block\">En 2021, le <strong>point de vue de la tour Griminella<\/strong> a \u00e9t\u00e9 am\u00e9nag\u00e9, \u00e0 la suite d\u2019un accord de collaboration entre le <a href=\"https:\/\/www.turismebaixllobregat.com\/\" target=\"_blank\" rel=\"nofollow noopener\">Consortium de tourisme du Baix Llobregat<\/a> et les municipalit\u00e9s de la zone nord pour la mise en \u0153uvre du \u201cPlan de d\u00e9veloppement \u00e9conomique et touristique de la zone nord du Baix Llobregat\u201d, dans le cadre du projet \u201cPlan de promotion touristique des voies bleues du Baix Llobregat\u201d. Ce projet a pour objectif de d\u00e9velopper une nouvelle offre de randonn\u00e9e et de cyclotourisme autour des Voies Bleues, constituant un atout important pour attirer les touristes et favoriser la croissance \u00e9conomique de la r\u00e9gion.<\/p>\n<p data-start=\"750\" data-end=\"1719\" class=\"translation-block\">La tour, d\u2019origine romaine, a probablement \u00e9t\u00e9 construite, avec la Torreta del Clos, comme \u00e9difice de d\u00e9fense pour le contr\u00f4le et la protection de la Via Augusta \u00e0 son passage par le Congost de Martorell, o\u00f9 a \u00e9t\u00e9 \u00e9rig\u00e9 <a href=\"https:\/\/turisme.martorell.cat\/fr\/patrimoine-culturel-de-martorell\/\" target=\"_self\">le Pont del Diable<\/a>, et \u00e9galement pour le contr\u00f4le des mines. La construction actuelle est de l\u2019\u00e9poque m\u00e9di\u00e9vale.<\/p>\n<p data-start=\"750\" data-end=\"1719\" class=\"translation-block\">On peut observer un b\u00e2timent de plan carr\u00e9, construit selon la technique appel\u00e9e <strong data-start=\"1154\" data-end=\"1174\">\u00ab opus quadratum \u00bb<\/strong>, r\u00e9alis\u00e9 avec des blocs de calcaire m\u00e9lang\u00e9s \u00e0 d\u2019autres en gr\u00e8s rouge. Les pierres sont dispos\u00e9es en assises horizontales, sauf \u00e0 la hauteur des meurtri\u00e8res, o\u00f9 la disposition horizontale et verticale a \u00e9t\u00e9 combin\u00e9e pour obtenir un alignement r\u00e9gulier des ouvertures.<\/p>\n<p data-start=\"750\" data-end=\"1719\">Les appuis de fen\u00eatres sont d\u00e9limit\u00e9s par des dalles verticales. Les murs est et ouest sont conserv\u00e9s intacts jusqu\u2019\u00e0 la hauteur du rez-de-chauss\u00e9e, tandis qu\u2019au milieu des murs nord et sud se trouvent de larges ouvertures indiquant l\u2019emplacement de la porte d\u2019acc\u00e8s.<\/p>\n<p data-start=\"1721\" data-end=\"1847\">Depuis le point de vue de la tour Griminella, on peut profiter d\u2019une vue privil\u00e9gi\u00e9e sur Martorell et la partie nord de la r\u00e9gion, jusqu\u2019\u00e0 Montserrat.<\/p>\n\n\t\t<\/div>\n\t<\/div>\n<\/div><\/div><\/div><\/div><div class=\"vc_row-full-width vc_clearfix\"><\/div>","protected":false},"excerpt":{"rendered":"MIRADOR DE LA TORRE GRIMINELLA L\u2019any 2021 es va habilitar el mirador de la Torre de Griminella, arran del conveni de col\u00b7laboraci\u00f3 entre el Consorci de Turisme del Baix Llobregat i els ajuntaments de la zona nord per a la implementaci\u00f3 del pla de \u201cDesenvolupament econ\u00f2mic i tur\u00edstic de la zona nord del Baix Llobregat\u201d, [...]","protected":false},"author":2,"featured_media":1422,"parent":0,"menu_order":0,"comment_status":"closed","ping_status":"closed","template":"fullwidth-page.php","meta":{"_acf_changed":false,"footnotes":""},"class_list":["post-1344","page","type-page","status-publish","has-post-thumbnail","hentry"],"acf":[],"_links":{"self":[{"href":"https:\/\/turisme.martorell.cat\/fr\/wp-json\/wp\/v2\/pages\/1344","targetHints":{"allow":["GET"]}}],"collection":[{"href":"https:\/\/turisme.martorell.cat\/fr\/wp-json\/wp\/v2\/pages"}],"about":[{"href":"https:\/\/turisme.martorell.cat\/fr\/wp-json\/wp\/v2\/types\/page"}],"author":[{"embeddable":true,"href":"https:\/\/turisme.martorell.cat\/fr\/wp-json\/wp\/v2\/users\/2"}],"replies":[{"embeddable":true,"href":"https:\/\/turisme.martorell.cat\/fr\/wp-json\/wp\/v2\/comments?post=1344"}],"version-history":[{"count":9,"href":"https:\/\/turisme.martorell.cat\/fr\/wp-json\/wp\/v2\/pages\/1344\/revisions"}],"predecessor-version":[{"id":1552,"href":"https:\/\/turisme.martorell.cat\/fr\/wp-json\/wp\/v2\/pages\/1344\/revisions\/1552"}],"wp:featuredmedia":[{"embeddable":true,"href":"https:\/\/turisme.martorell.cat\/fr\/wp-json\/wp\/v2\/media\/1422"}],"wp:attachment":[{"href":"https:\/\/turisme.martorell.cat\/fr\/wp-json\/wp\/v2\/media?parent=1344"}],"curies":[{"name":"wp","href":"https:\/\/api.w.org\/{rel}","templated":true}]}}