{"id":1349,"date":"2021-11-04T10:29:56","date_gmt":"2021-11-04T10:29:56","guid":{"rendered":"https:\/\/turisme.martorell.cat\/?page_id=1349"},"modified":"2025-11-05T11:57:49","modified_gmt":"2025-11-05T11:57:49","slug":"noeud-du-llobregat","status":"publish","type":"page","link":"https:\/\/turisme.martorell.cat\/fr\/nus-del-llobregat\/","title":{"rendered":"N\u0153ud du Llobregat"},"content":{"rendered":"<div data-vc-full-width=\"true\" data-vc-full-width-init=\"false\" class=\"vc_row wpb_row vc_row-fluid\"><div class=\"wpb_column vc_column_container vc_col-sm-12\"><div class=\"vc_column-inner\"><div class=\"wpb_wrapper\">\n\t<div class=\"wpb_text_column wpb_content_element\" >\n\t\t<div class=\"wpb_wrapper\">\n\t\t\t<h2><span style=\"font-size: 24pt;\">LE N\u0152UD DU LLOBREGAT<\/span><\/h2>\n\n\t\t<\/div>\n\t<\/div>\n\n\t<div  class=\"wpb_single_image wpb_content_element vc_align_left\">\n\t\t\n\t\t<figure class=\"wpb_wrapper vc_figure\">\n\t\t\t<div class=\"vc_single_image-wrapper   vc_box_border_grey\"><img loading=\"lazy\" decoding=\"async\" width=\"1172\" height=\"249\" src=\"https:\/\/turisme.martorell.cat\/wp-content\/uploads\/2021\/11\/capc_nus.jpg\" class=\"vc_single_image-img attachment-full\" alt=\"N\u0153ud du Llobregat\" srcset=\"https:\/\/turisme.martorell.cat\/wp-content\/uploads\/2021\/11\/capc_nus.jpg 1172w, https:\/\/turisme.martorell.cat\/wp-content\/uploads\/2021\/11\/capc_nus-300x64.jpg 300w, https:\/\/turisme.martorell.cat\/wp-content\/uploads\/2021\/11\/capc_nus-1024x218.jpg 1024w, https:\/\/turisme.martorell.cat\/wp-content\/uploads\/2021\/11\/capc_nus-768x163.jpg 768w\" sizes=\"auto, (max-width: 1172px) 100vw, 1172px\" \/><\/div>\n\t\t<\/figure>\n\t<\/div>\n\n\t<div class=\"wpb_text_column wpb_content_element\" >\n\t\t<div class=\"wpb_wrapper\">\n\t\t\t<div align=\"justify\">\n<p class=\"translation-block\">Martorell est une commune situ\u00e9e dans la comarca du Baix Llobregat, au d\u00e9but de la zone nord de la comarca, \u00e9galement connue sous le nom de Montserrat\u00ed, \u00e0 la confluence de la rivi\u00e8re Anoia avec le Llobregat, juste au <strong data-start=\"416\" data-end=\"437\">N\u0153ud du Llobregat<\/strong>, o\u00f9 ce dernier se resserre en franchissant le petit d\u00e9fil\u00e9 form\u00e9 par les derniers contreforts des Montagnes de l\u2019Ordal et de la colline des Forques. Cet endroit constitue \u00e9galement la limite avec le Vall\u00e8s Occidental.<\/p>\n<p class=\"translation-block\">Le terme occupe principalement une partie de la plaine fluviale du fleuve Llobregat et une partie de l\u2019Anoia, des zones tr\u00e8s urbanis\u00e9es et industrialis\u00e9es, et s\u2019\u00e9l\u00e8ve l\u00e9g\u00e8rement vers le sud sur les contreforts du syst\u00e8me montagneux des <a href=\"https:\/\/ca.wikipedia.org\/wiki\/Muntanyes_dOrdal\" target=\"_blank\" rel=\"noopener\">Montagnes de l\u2019Ordal<\/a>, jusqu\u2019\u00e0 la cr\u00eate de la cha\u00eene de l\u2019Ataix, o\u00f9 se trouvent les vestiges des ch\u00e2teaux de Rosanes et de Rocafort.<\/p>\n<p data-start=\"989\" data-end=\"1796\">Le centre historique de la ville de Martorell se situe presque au sud de la commune, allong\u00e9 entre le fleuve Anoia et la cha\u00eene des Torretes, jusqu\u2019\u00e0 la confluence avec le Llobregat, dans la zone du c\u00e9l\u00e8bre Pont du Diable, et constitue depuis des temps anciens un passage pratiquement obligatoire entre Barcelone et une partie du nord, du sud et de l\u2019ouest de la Catalogne.<\/p>\n<p data-start=\"989\" data-end=\"1796\">Faisant partie du N\u0153ud du Llobregat, il constitue encore aujourd\u2019hui un passage important des principales voies de communication du pays, ce qui a favoris\u00e9 une croissance tr\u00e8s marqu\u00e9e de la population, avec une nouvelle zone de l\u2019autre c\u00f4t\u00e9 du fleuve Anoia, qui s\u2019est surtout d\u00e9velopp\u00e9e au cours de la seconde moiti\u00e9 du XXe si\u00e8cle. Entre le centre historique et la partie moderne, Martorell compte actuellement plus de 28 772 habitants (2020), quadruplant sa population depuis le milieu du XXe si\u00e8cle.<\/p>\n<p data-start=\"1798\" data-end=\"2274\">Une partie de la commune est pass\u00e9e, au fil des ans, d\u2019une occupation principalement agricole, avec notamment la vigne et les terres irrigu\u00e9es, o\u00f9 subsistent encore quelques petites parcelles, \u00e0 une occupation par l\u2019industrie puissante de la r\u00e9gion. Dans la partie sud de la commune, on trouve des pentes de pins et de bruy\u00e8res rempla\u00e7ant l\u2019ancien maquis de ch\u00eanes verts, o\u00f9 dans certains recoins des ruisseaux orient\u00e9s au nord, on peut trouver quelques vestiges de ch\u00eanes et d\u2019arbres \u00e0 feuilles caduques, comme l\u2019orme et le caroubier.<\/p>\n<p class=\"translation-block\">Les principaux \u00e9v\u00e9nements festifs de Martorell sont les <span style=\"color: #000000\"><a style=\"color: #000000\" href=\"https:\/\/turisme.martorell.cat\/fr\/des-tres-tombs\/\" target=\"_self\"><strong>Tres Tombs<\/strong><\/a>, qui se c\u00e9l\u00e8brent normalement le premier dimanche apr\u00e8s l\u2019\u00c9piphanie; le <a style=\"color: #000000\" href=\"https:\/\/turisme.martorell.cat\/fr\/ball-quadrilla\/\" target=\"_self\"><strong>Bal de la Quadrilla<\/strong><\/a>, autour du Carnaval; les <strong>Caramelles<\/strong>, \u00e0 P\u00e2ques; <strong>Sant Jordi<\/strong>, autour du 23 avril; la <a style=\"color: #000000\" href=\"https:\/\/turisme.martorell.cat\/fr\/foire-de-printemps\/\" rel=\"nofollow\" target=\"_self\"><strong>Foire de Primavera<\/strong><\/a>, le dernier week-end d\u2019avril, c\u00e9l\u00e9br\u00e9e depuis 1422; le <a style=\"color: #000000\" href=\"https:\/\/turisme.martorell.cat\/fr\/pas-pont-a-les-arts-sonores\/\" target=\"_self\"><strong>PAS, Pont aux Arts Sonores<\/strong><\/a>, en \u00e9t\u00e9; la <strong>F\u00eate Major<\/strong>, \u00e0 la mi-ao\u00fbt; la <a style=\"color: #000000\" href=\"https:\/\/turisme.martorell.cat\/fr\/fete-du-roser-vimart\/\" target=\"_self\"><strong>F\u00eate del Roser<\/strong><\/a> ou du Most, le premier week-end d\u2019octobre; la <strong>Foire de Santa Ll\u00facia, <\/strong>la <a style=\"color: #000000\" href=\"https:\/\/turisme.martorell.cat\/fr\/la-magie-de-noel\/\" target=\"_self\"><strong>Magie de No\u00ebl <\/strong><\/a>et la <a style=\"color: #000000\" href=\"https:\/\/turisme.martorell.cat\/fr\/cavalcada-de-reis\/\" target=\"_self\"><strong>Cavalcade des Rois<\/strong><\/a>,<\/span> pendant la p\u00e9riode de No\u00ebl.<\/p>\n<\/div>\n\n\t\t<\/div>\n\t<\/div>\n<\/div><\/div><\/div><\/div><div class=\"vc_row-full-width vc_clearfix\"><\/div>","protected":false},"excerpt":{"rendered":"EL NUS DEL LLOBREGAT Martorell \u00e9s un municipi situat a la comarca del Baix Llobregat, al comen\u00e7ament de la zona nord de la comarca, tamb\u00e9 coneguda com el Montserrat\u00ed, a la conflu\u00e8ncia de l\u2019aiguabarreig del riu Anoia amb el Llobregat, just al Nus del Llobregat, on aquest \u00faltim s\u2019estreny superant el petit congost que formen [...]","protected":false},"author":2,"featured_media":1373,"parent":0,"menu_order":0,"comment_status":"closed","ping_status":"closed","template":"fullwidth-page.php","meta":{"_acf_changed":false,"footnotes":""},"class_list":["post-1349","page","type-page","status-publish","has-post-thumbnail","hentry"],"acf":[],"_links":{"self":[{"href":"https:\/\/turisme.martorell.cat\/fr\/wp-json\/wp\/v2\/pages\/1349","targetHints":{"allow":["GET"]}}],"collection":[{"href":"https:\/\/turisme.martorell.cat\/fr\/wp-json\/wp\/v2\/pages"}],"about":[{"href":"https:\/\/turisme.martorell.cat\/fr\/wp-json\/wp\/v2\/types\/page"}],"author":[{"embeddable":true,"href":"https:\/\/turisme.martorell.cat\/fr\/wp-json\/wp\/v2\/users\/2"}],"replies":[{"embeddable":true,"href":"https:\/\/turisme.martorell.cat\/fr\/wp-json\/wp\/v2\/comments?post=1349"}],"version-history":[{"count":10,"href":"https:\/\/turisme.martorell.cat\/fr\/wp-json\/wp\/v2\/pages\/1349\/revisions"}],"predecessor-version":[{"id":1544,"href":"https:\/\/turisme.martorell.cat\/fr\/wp-json\/wp\/v2\/pages\/1349\/revisions\/1544"}],"wp:featuredmedia":[{"embeddable":true,"href":"https:\/\/turisme.martorell.cat\/fr\/wp-json\/wp\/v2\/media\/1373"}],"wp:attachment":[{"href":"https:\/\/turisme.martorell.cat\/fr\/wp-json\/wp\/v2\/media?parent=1349"}],"curies":[{"name":"wp","href":"https:\/\/api.w.org\/{rel}","templated":true}]}}