{"id":1435,"date":"2025-10-29T17:48:09","date_gmt":"2025-10-29T17:48:09","guid":{"rendered":"https:\/\/turisme.martorell.cat\/?page_id=1435"},"modified":"2025-11-05T11:19:24","modified_gmt":"2025-11-05T11:19:24","slug":"abonnez-vous","status":"publish","type":"page","link":"https:\/\/turisme.martorell.cat\/fr\/subscriu-te\/","title":{"rendered":"Subscriu-te"},"content":{"rendered":"<div class=\"vc_row wpb_row vc_row-fluid\"><div class=\"wpb_column vc_column_container vc_col-sm-12\"><div class=\"vc_column-inner\"><div class=\"wpb_wrapper\">\n\t<div class=\"wpb_text_column wpb_content_element\" >\n\t\t<div class=\"wpb_wrapper\">\n\t\t\t<h1>ABONNEZ-VOUS<\/h1>\n\n\t\t<\/div>\n\t<\/div>\n<\/div><\/div><\/div><\/div><div class=\"vc_row wpb_row vc_row-fluid\"><div class=\"wpb_column vc_column_container vc_col-sm-6\"><div class=\"vc_column-inner\"><div class=\"wpb_wrapper\">\n\t<div  class=\"wpb_single_image wpb_content_element vc_align_left\">\n\t\t\n\t\t<figure class=\"wpb_wrapper vc_figure\">\n\t\t\t<div class=\"vc_single_image-wrapper   vc_box_border_grey\"><img loading=\"lazy\" decoding=\"async\" width=\"960\" height=\"625\" src=\"https:\/\/turisme.martorell.cat\/wp-content\/uploads\/2024\/11\/Unknown-1024x667.jpeg\" class=\"vc_single_image-img attachment-large\" alt=\"Belv\u00e9d\u00e8re de la Tour Griminella\" srcset=\"https:\/\/turisme.martorell.cat\/wp-content\/uploads\/2024\/11\/Unknown-1024x667.jpeg 1024w, https:\/\/turisme.martorell.cat\/wp-content\/uploads\/2024\/11\/Unknown-300x195.jpeg 300w, https:\/\/turisme.martorell.cat\/wp-content\/uploads\/2024\/11\/Unknown-768x500.jpeg 768w, https:\/\/turisme.martorell.cat\/wp-content\/uploads\/2024\/11\/Unknown.jpeg 1418w\" sizes=\"auto, (max-width: 960px) 100vw, 960px\" \/><\/div>\n\t\t<\/figure>\n\t<\/div>\n<\/div><\/div><\/div><div class=\"wpb_column vc_column_container vc_col-sm-6\"><div class=\"vc_column-inner\"><div class=\"wpb_wrapper\">\n\t<div class=\"wpb_text_column wpb_content_element  vc_custom_1762341530470\" >\n\t\t<div class=\"wpb_wrapper\">\n\t\t\t<div align=\"justify\">\n<p>Ne manquez rien. Abonnez-vous et recevez dans votre courrier les nouveaut\u00e9s de nos \u00e9v\u00e9nements culturels et activit\u00e9s touristiques \u00e0 Martorell.<\/p>\n<p><strong>T\u00e9l\u00e9phone de contact direct<\/strong>: <a href=\"tel:937742223\">93 774 22 23<\/a> | <a href=\"tel:937741877\">93 774 18 77<\/a><\/p>\n<p><strong>E-mail<\/strong>: <a href=\"mailto:comerc@martorell.cat\">comerc@martorell.cat<\/a><\/p>\n<\/div>\n\n\t\t<\/div>\n\t<\/div>\n\n<div class=\"wpcf7 no-js\" id=\"wpcf7-f1434-o1\" lang=\"ca\" dir=\"ltr\" data-wpcf7-id=\"1434\">\n<div class=\"screen-reader-response\"><p role=\"status\" aria-live=\"polite\" aria-atomic=\"true\"><\/p> <ul><\/ul><\/div>\n<form action=\"\/fr\/wp-json\/wp\/v2\/pages\/1435#wpcf7-f1434-o1\" method=\"post\" class=\"wpcf7-form init\" aria-label=\"Formulari de contacte\" novalidate=\"novalidate\" data-status=\"init\" data-trp-original-action=\"\/fr\/wp-json\/wp\/v2\/pages\/1435#wpcf7-f1434-o1\">\n<fieldset class=\"hidden-fields-container\"><input type=\"hidden\" name=\"_wpcf7\" value=\"1434\" \/><input type=\"hidden\" name=\"_wpcf7_version\" value=\"6.1.5\" \/><input type=\"hidden\" name=\"_wpcf7_locale\" value=\"ca\" \/><input type=\"hidden\" name=\"_wpcf7_unit_tag\" value=\"wpcf7-f1434-o1\" \/><input type=\"hidden\" name=\"_wpcf7_container_post\" value=\"0\" \/><input type=\"hidden\" name=\"_wpcf7_posted_data_hash\" value=\"\" \/>\n<\/fieldset>\n<div id=\"contactFormContact\">\n\t<p><span class=\"wpcf7-form-control-wrap\" data-name=\"your-name\"><input size=\"40\" maxlength=\"400\" class=\"wpcf7-form-control wpcf7-text wpcf7-validates-as-required\" aria-required=\"true\" aria-invalid=\"false\" placeholder=\"Nom et pr\u00e9nom\" value=\"\" type=\"text\" name=\"your-name\" \/><\/span><br \/>\n<span class=\"wpcf7-form-control-wrap\" data-name=\"your-email\"><input size=\"40\" maxlength=\"400\" class=\"wpcf7-form-control wpcf7-email wpcf7-validates-as-required wpcf7-text wpcf7-validates-as-email\" aria-required=\"true\" aria-invalid=\"false\" placeholder=\"Email\" value=\"\" type=\"email\" name=\"your-email\" \/><\/span><span id=\"wpcf7-6a086acd3702c-wrapper\" class=\"wpcf7-form-control-wrap email-address-wrap\" ><label for=\"wpcf7-6a086acd3702c-field\" class=\"hp-message\">Deixeu aquest camp buit.<\/label><input id=\"wpcf7-6a086acd3702c-field\"  class=\"wpcf7-form-control wpcf7-text\" type=\"text\" name=\"email-address\" value=\"\" size=\"40\" tabindex=\"-1\" autocomplete=\"off\" \/><\/span><br \/>\n<span class=\"wpcf7-form-control-wrap\" data-name=\"your-accept\"><span class=\"wpcf7-form-control wpcf7-acceptance\"><span class=\"wpcf7-list-item\"><label class=\"translation-block\"><span class=\"wpcf7-list-item-label\"><b>Je donne mon consentement pour recevoir des communications, informations, nouveaut\u00e9s et je consens au traitement de mes donn\u00e9es.<\/b> La mairie de Martorell traitera vos donn\u00e9es afin de r\u00e9pondre \u00e0 vos demandes, questions ou r\u00e9clamations. Vous pouvez exercer vos droits d\u2019acc\u00e8s, de rectification, de suppression, de portabilit\u00e9, de limitation et d\u2019opposition, comme indiqu\u00e9 dans notre <a href=\"http:\/\/martorell.cat\/lnk16\/politica-de-privacitat.htm\" target=\"_blank\" rel=\"noopener\">politique de confidentialit\u00e9<\/a> et <a href=\"https:\/\/www.martorell.cat\/site1\/ca\/files\/doc3418\/avis-legal-web.pdf\" target=\"_blank\" rel=\"noopener\">mention l\u00e9gale<\/a><\/span><\/label><\/span><\/span><\/span>\n\t<\/p>\n\t<div class=\"row\">\n\t\t<div class=\"col-md-6 text-left\">\n\t\t\t<div class=\"cf7-cf-turnstile\" style=\"margin-top: 0px; margin-bottom: -15px;\"> <div id=\"cf-turnstile-cf7-4180056400\" class=\"cf-turnstile\" data-sitekey=\"0x4AAAAAAB6T3Fan6nlxBjCt\" data-theme=\"light\" data-language=\"auto\" data-size=\"normal\" data-retry=\"auto\" data-retry-interval=\"1000\" data-refresh-expired=\"auto\" data-refresh-timeout=\"auto\" data-action=\"contact-form-7\" data-callback=\"turnstileCF7Callback\" data-appearance=\"always\"><\/div> <script>document.addEventListener(\"DOMContentLoaded\", function() { setTimeout(function(){ var e=document.getElementById(\"cf-turnstile-cf7-4180056400\"); if(e&&!e.innerHTML.trim()){turnstile.render(e, {sitekey:\"0x4AAAAAAB6T3Fan6nlxBjCt\"});} }, 200); });<\/script> <br class=\"cf-turnstile-br cf-turnstile-br-cf7-4180056400\"> <style>#cf-turnstile-cf7-4180056400 { margin-left: -15px; }<\/style> <script>document.addEventListener(\"DOMContentLoaded\",function(){document.querySelectorAll('.wpcf7-form').forEach(function(e){e.addEventListener('submit',function(){if(document.getElementById('cf-turnstile-cf7-4180056400')){setTimeout(function(){turnstile.reset('#cf-turnstile-cf7-4180056400');},1000)}})})});<\/script> <\/div>\n\t\t<\/div>\n\t\t<div class=\"col-md-6 text-right\">\n\t\t\t<p><input class=\"wpcf7-form-control wpcf7-submit has-spinner sendContactFormVB\" type=\"submit\" value=\"M\u2019abonner\" \/>\n\t\t\t<\/p>\n\t\t<\/div>\n\t<\/div>\n\t<p>MENTION L\u00c9GALE : Les donn\u00e9es recueillies dans ce document seront utilis\u00e9es conform\u00e9ment aux modalit\u00e9s et aux limitations pr\u00e9vues par la Loi Organique 15\/1999 du 13 d\u00e9cembre relative \u00e0 la protection des donn\u00e9es \u00e0 caract\u00e8re personnel (LOPD). Les donn\u00e9es fournies par les utilisateurs seront int\u00e9gr\u00e9es \u00e0 des fichiers \u00e0 caract\u00e8re personnel et confidentiel dont la mairie de Martorell est responsable.\n\t<\/p>\n<\/div><div class=\"wpcf7-response-output\" aria-hidden=\"true\"><\/div>\n<input type=\"hidden\" name=\"trp-form-language\" value=\"fr\"\/><\/form>\n<\/div>\n<\/div><\/div><\/div><\/div>","protected":false},"excerpt":{"rendered":"SUBSCRIU-TE No et perdis res. Subscriu-te i rep al teu correu les novetats dels nostres esdeveniments culturals i activitats tur\u00edstiques de Martorell. Tel\u00e8fon directe de contacte: 93 774 22 23 | 93 774 18 77 E-mail: comerc@martorell.cat Deixeu aquest camp buit. Dono el meu consentiment per rebre comunicacions, informaci\u00f3, novetats i consento el tractament de [...]","protected":false},"author":1,"featured_media":0,"parent":0,"menu_order":0,"comment_status":"closed","ping_status":"closed","template":"fullwidth-page.php","meta":{"_acf_changed":false,"footnotes":""},"class_list":["post-1435","page","type-page","status-publish","hentry"],"acf":[],"_links":{"self":[{"href":"https:\/\/turisme.martorell.cat\/fr\/wp-json\/wp\/v2\/pages\/1435","targetHints":{"allow":["GET"]}}],"collection":[{"href":"https:\/\/turisme.martorell.cat\/fr\/wp-json\/wp\/v2\/pages"}],"about":[{"href":"https:\/\/turisme.martorell.cat\/fr\/wp-json\/wp\/v2\/types\/page"}],"author":[{"embeddable":true,"href":"https:\/\/turisme.martorell.cat\/fr\/wp-json\/wp\/v2\/users\/1"}],"replies":[{"embeddable":true,"href":"https:\/\/turisme.martorell.cat\/fr\/wp-json\/wp\/v2\/comments?post=1435"}],"version-history":[{"count":8,"href":"https:\/\/turisme.martorell.cat\/fr\/wp-json\/wp\/v2\/pages\/1435\/revisions"}],"predecessor-version":[{"id":1543,"href":"https:\/\/turisme.martorell.cat\/fr\/wp-json\/wp\/v2\/pages\/1435\/revisions\/1543"}],"wp:attachment":[{"href":"https:\/\/turisme.martorell.cat\/fr\/wp-json\/wp\/v2\/media?parent=1435"}],"curies":[{"name":"wp","href":"https:\/\/api.w.org\/{rel}","templated":true}]}}